{"id":8225,"date":"2024-07-29T11:46:12","date_gmt":"2024-07-29T09:46:12","guid":{"rendered":"https:\/\/staging.citationstyler.com\/?post_type=product&#038;p=8225"},"modified":"2026-03-14T09:29:02","modified_gmt":"2026-03-14T08:29:02","slug":"citation-style-duale-hochschule-baden-wuerttemberg-mosbach-fakultaet-industrial-management","status":"publish","type":"product","link":"https:\/\/staging.citationstyler.com\/en\/styles\/citation-style-duale-hochschule-baden-wuerttemberg-mosbach-fakultaet-industrial-management\/","title":{"rendered":"Zitierstil Duale Hochschule Baden-W\u00fcrttemberg Mosbach &#8211; Industrial Management (BWL-Industrie)"},"content":{"rendered":"<p>Dieser Zitierstil erstellt Zitierungen\u00a0 in der <strong>Fu\u00dfnote <\/strong>und ein <strong>Literaturverzeichnis<\/strong>\/<strong>Bibliographie <\/strong>am Ende.<\/p>\n<p>Falls du einen anderen Stil f\u00fcr die DHBW suchst, habe ich mehrere andere DHBW Stile im <a href=\"https:\/\/staging.citationstyler.com\/?s=DHBW\">Katalog<\/a>, ansonsten bitte anfragen.<\/p>\n<h3>Beispielzitierungen:<\/h3>\n<p><span style=\"text-decoration: underline;\">Fu\u00dfnote:<\/span><br \/>\n1 <span class=\"group\"><span class=\"macro\"><span class=\"names\"><i>Campbell, J.L.\/Pedersen, O.K.<\/i><\/span>, H<span class=\"text\">ybrid success,<\/span> <span class=\"date\">2007<\/span><\/span>, <span class=\"label\">S.<\/span> <span class=\"text\">244\u2013252<\/span><\/span>; <span class=\"group\"><span class=\"macro\"><span class=\"text\">CSL search by example, CSL search,<\/span> <span class=\"date\">2012<\/span>, <span class=\"text\">online im Internet,<\/span> <span class=\"text selected\">Abfrage vom 24.04.2024<\/span><\/span><\/span><i>.<br \/>\n2 <\/i><span class=\"group\"><span class=\"macro\"><span class=\"names\"><i>Hawking, S.<\/i><\/span>, <span class=\"text\">Expanding universes,<\/span> <span class=\"date\">1966<\/span><\/span><\/span>.<br \/>\n3 <span class=\"group\"><span class=\"macro\"><span class=\"names\"><i>Mares, I.<\/i><\/span>, <span class=\"text\">Firms and the welfare state,<\/span> <span class=\"date\">2001<\/span><\/span>, <span class=\"label\">S.<\/span> <span class=\"text\">244\u2013252<\/span><\/span><i>.<\/i><br \/>\n4 <span class=\"group\"><span class=\"macro\"><span class=\"names\"><i>Isaacson, W.<\/i><\/span>, <span class=\"text\">Steve Jobs,<\/span> <span class=\"date\">2011<\/span><\/span>, <span class=\"label\">S.<\/span> <span class=\"text\">244\u2013252<\/span><\/span>.<\/p>\n<p><span style=\"text-decoration: underline;\">Literaturverzeichnis:<\/span><u><br \/>\n<\/u><\/p>\n<div id=\"formattedBibliography\">\n<div class=\"csl-entry-container\">\n<div class=\"bibliography-csl-entry\">\n<div class=\"csl-entry\"><span class=\"macro\"><span class=\"group\"><span class=\"names\"><i>Campbell, John L.\/Pedersen, Ove K.<\/i><\/span> <span class=\"text\">[Hybrid success]<\/span>: <span class=\"text\">The varieties of capitalism and hybrid success<\/span>, <span class=\"text\">in:<\/span> <span class=\"text\">Comparative Political Studies,<\/span> <span class=\"text\">40<\/span>, <span class=\"date\">2007<\/span>, <span class=\"label\">S.<\/span> <span class=\"text\">307\u2013332<\/span>.<\/span><\/span><\/div>\n<\/div>\n<\/div>\n<div class=\"csl-entry-container\">\n<div class=\"bibliography-csl-entry\"><\/div>\n<\/div>\n<div class=\"csl-entry-container\">\n<div class=\"bibliography-csl-entry\">\n<div class=\"csl-entry\"><span class=\"macro\"><span class=\"group\"><span class=\"names\"><i>Hawking, Stephen<\/i><\/span> <span class=\"text\">[Expanding universes]<\/span>: <span class=\"text\">Properties of expanding universes<\/span>, <span class=\"text\">Doctoral thesis,<\/span> <span class=\"text\">Cambridge, UK<\/span>, <span class=\"date\">1966<\/span>.<\/span><\/span><\/div>\n<\/div>\n<\/div>\n<div class=\"csl-entry-container\">\n<div class=\"bibliography-csl-entry\">\n<div class=\"csl-entry\"><span class=\"macro\"><span class=\"group\"><span class=\"names\"><i>Isaacson, Walter<\/i><\/span> <span class=\"text\">[Steve Jobs]<\/span>: <span class=\"text\">Steve Jobs<\/span>, <span class=\"text\">New York, NY<\/span>, <span class=\"date\">2011<\/span>.<\/span><\/span><\/div>\n<\/div>\n<\/div>\n<div class=\"csl-entry-container\">\n<div class=\"bibliography-csl-entry\">\n<div class=\"csl-entry\"><span class=\"macro\"><span class=\"group\"><span class=\"names\"><i>Mares, Isabela<\/i><\/span> <span class=\"text\">[Firms and the welfare state]<\/span>: <span class=\"text\">Firms and the welfare state: When, why, and how does social policy matter to employers?<\/span>, <span class=\"text\">in:<\/span> <span class=\"names\"><i>Hall, Peter A.\/Soskice, David (Hrsg.)<\/i><\/span>, <span class=\"text\">Varieties of capitalism. The institutional foundations of comparative advantage,<\/span> <span class=\"text\">New York<\/span>, <span class=\"date\">2001<\/span>, <span class=\"label\">S.<\/span> <span class=\"text\">184\u2013213<\/span>.<\/span><\/span><\/div>\n<\/div>\n<\/div>\n<div class=\"csl-entry-container\">\n<div class=\"bibliography-csl-entry\">\n<div class=\"csl-entry\"><span class=\"macro\"><span class=\"group\"><span class=\"text\">O. V.<\/span> <span class=\"text\">[CSL search]<\/span>: <span class=\"text\">CSL search by example<\/span>, <span class=\"text\">online im Internet,<\/span> <span class=\"text\">https:\/\/editor.citationstyles.org\/searchByExample\/,<\/span> <span class=\"date\">2012,<\/span> <span class=\"text\">Abfrage vom<\/span> <span class=\"date\">15.12.2012<\/span>.<\/span><\/span><\/div>\n<\/div>\n<\/div>\n<\/div>\n<p>&nbsp;<\/p>\n<p id=\"isPasted\" data-sourcepos=\"15:1-15:54\"><strong>Warum f\u00fcr den offiziellen DHBW Mosbach &#8211; Industrial Management (BWL-Industrie) Zitierstil bezahlen?<\/strong><\/p>\n<ul data-sourcepos=\"17:1-21:0\">\n<li data-sourcepos=\"17:1-17:130\"><strong>Hochwertige Programmierung:<\/strong> Der Stil wurde von einem <a href=\"https:\/\/citationstyler.com\/professioneller-zotero-stilentwickler-csl-experte\/\">erfahrenen Zitierstilexperten<\/a> entwickelt und wird st\u00e4ndig aktualisiert.<\/li>\n<li data-sourcepos=\"18:1-18:161\"><strong>Exklusivit\u00e4t:<\/strong> Der Stil ist <strong>nicht kostenlos<\/strong> erh\u00e4ltlich und bietet Ihnen somit die Gewissheit, dass Sie ein <strong>qualitativ hochwertiges Produkt<\/strong> erwerben.<\/li>\n<li data-sourcepos=\"19:1-19:129\"><strong>Faire Preise:<\/strong> Der Preis f\u00fcr den Stil ist deutlich g\u00fcnstiger als die Kosten f\u00fcr eine professionelle Lektoratsdienstleistung.<\/li>\n<li data-sourcepos=\"20:1-21:0\"><strong>Unterst\u00fctzung des Entwicklers:<\/strong> Mit dem Kauf des Stils unterst\u00fctzen Sie die weitere Entwicklung und Pflege des Stils.<\/li>\n<\/ul>\n<p>&nbsp;<\/p>\n<p id=\"isPasted\" data-sourcepos=\"24:1-24:62\"><strong>Bestellen Sie jetzt und profitieren Sie von den Vorteilen:<\/strong><\/p>\n<ul data-sourcepos=\"26:1-29:0\">\n<li data-sourcepos=\"26:1-26:87\"><strong>Schnelle Lieferung:<\/strong> Du erh\u00e4ltst den Stil sofort nach Zahlungseingang per E-Mail.<\/li>\n<li data-sourcepos=\"27:1-27:119\"><strong>Einfache Installation:<\/strong> Der Stil l\u00e4sst sich mit wenigen Klicks in deinem Literaturverwaltungsprogramm installieren.<\/li>\n<li data-sourcepos=\"28:1-29:0\"><strong>Sichere Bezahlung:<\/strong> Bezahle bequem und sicher per PayPal oder Kreditkarte.<\/li>\n<\/ul>\n<p>&nbsp;<\/p>\n<h3><strong>H\u00e4ufig gestellte Fragen<\/strong><\/h3>\n<p><span style=\"text-decoration: underline;\"><strong>In der Fu\u00dfnote wird nur Autor und Jahr angezeigt, aber kein Stichwort\/Kurztitel!! Der Stil ist falsch!<\/strong><\/span><u><strong><br \/>\n<\/strong><\/u>Der Stil ist auf den Richtlinien basiert, die nach einem &#8222;Stichwort&#8220; verlangen. Der Stil hat das richtig einprogrammiert. Damit der Stil aber auch dieses Feld anzeigen kann, muss auch Text im Feld vorhanden sein. In den meisten F\u00e4llen muss der Kurztitel manuell eingetragen werden, da Metadaten vom Internet normalerweise keine Kurztitel enthalten. Bitte also erst \u00fcberpr\u00fcfen, ob der Kurztitel auch in deiner Zitiersoftware eingegeben ist.<\/p>\n<p><span style=\"text-decoration: underline;\"><strong>&#8222;vgl. fehlt?<\/strong><\/span><br \/>\nDies kann in Zotero mittels des Pr\u00e4fix Felds hinzugef\u00fcgt werden. Dazu in Word auf die Zitierung klicken und es erscheint ein Feld, um <strong>Pr\u00e4-<\/strong> und <strong>Suffix<\/strong>, als auch die genau <strong>Seitenzahl <\/strong>anzugeben. Siehe hierzu <a href=\"https:\/\/www.zotero.org\/support\/word_processor_plugin_usage\" target=\"_blank\" rel=\"noopener noreferrer\">folgenden<\/a> Artikel.<\/p>\n<p><span style=\"text-decoration: underline;\"><strong>&#8222;o. V.&#8220; wird nicht mit kleinem &#8222;o&#8220; geschrieben?<\/strong><\/span><br \/>\nDer Stil hat das kleine o richtig einprogrammiert. Es kann aber sein, dass dein Schreibprogramm (Word, LibreOffice&#8230;) eine automatische Gro\u00dfschreibung am Satzanfang hat. Dies kann sehr wahrscheinlich abgeschalten werden. Hierzu bitte den Herausgeber der jeweiligen Software kontaktieren, da dies au\u00dferhalb dieses Stiles lieg.<\/p>\n<p><span style=\"text-decoration: underline;\"><strong>Meine Fu\u00dfnotennumerierung ist nicht korrekt. Wie kann ich das umstellen?<\/strong><\/span><br \/>\nDie Fu\u00dfnotennumerierung wird NICHT vom Zitierstil verwaltet, sondern von Word. Dies m\u00fcsst ihr demnach selbst in Word umstellen. Der Zitierstil hat dar\u00fcber keine Kontrolle. Hierzu bitte Word-spezifische Hilfestellungen aufsuchen.<u><\/u><\/p>\n<p><span style=\"text-decoration: underline;\"><strong>Fehler im Stil?<\/strong><\/span><u><strong><br \/>\n<\/strong><\/u>Die Datei ist nur zum Gebrauch auf dem Computer derjenigen Person bestimmt, die den Zitierstil gekauft hat. Das Weiterleiten der Datei an weitere Nutzer kann als Urheberrechtsversto\u00df geahndet werden.<\/p>\n<p>Falsche Dateneingabe oder Benutzeranwendungen k\u00f6nnen zu Fehlern sorgen. Als Autor deiner Arbeit bist du f\u00fcr etwaige Fehler selbst verantwortlich und es wird auf die Kontrolle aller Zitate empfohlen.<strong id=\"isPasted\"><\/strong><\/p>\n","protected":false},"excerpt":{"rendered":"<h3><strong>No more tedious citation formatting!<\/strong><\/h3>\n<p>With the official <strong><span id=\"isPasted\">citation style <\/span>f\u00fcr die Duale Hochschule Baden-W\u00fcrttemberg Mosbach &#8211; Industrial Management (BWL-Industrie)<\/strong> for Zotero, RefWorks, Papers and other reference managers you'll be able to write your thesis error-free and without headaches.<\/p>\n<p id=\"isPasted\" data-sourcepos=\"7:1-7:24\"><strong>Benefit from:<\/strong><\/p>\n<ul data-sourcepos=\"9:1-14:0\">\n<li data-sourcepos=\"9:1-9:204\"><strong>Automatic formatting <\/strong>von Zitaten im Text und Literaturverzeichnis gem\u00e4\u00df den <strong>aktuellen Richtlinien: 30.06.2023<\/strong><\/li>\n<li data-sourcepos=\"10:1-10:176\"><strong>Saving valuable time and stress:<\/strong> Forget about hours of manual formatting and concentrate on the essentials: your scientific work.<\/li>\n<li data-sourcepos=\"11:1-11:139\"><strong>Compatibility with various programs:<\/strong> Use the style with Zotero, RefWorks, Papers, Mendeley Desktop and <a href=\"https:\/\/citationstyles.org\/\" target=\"_blank\" rel=\"noopener noreferrer\">many more<\/a> reference managers.<\/li>\n<li data-sourcepos=\"13:1-14:0\"><strong>Comprehensive support:<\/strong> Detailed installation instructions, FAQs and a public library with citation examples will help you to use the style.<\/li>\n<\/ul>","protected":false},"featured_media":4049,"comment_status":"open","ping_status":"closed","template":"","meta":[],"product_cat":[24],"product_tag":[],"class_list":{"0":"post-8225","1":"product","2":"type-product","3":"status-publish","4":"has-post-thumbnail","6":"product_cat-universitaetsstile","8":"first","9":"instock","10":"virtual","11":"taxable","12":"purchasable","13":"product-type-simple"},"_links":{"self":[{"href":"https:\/\/staging.citationstyler.com\/en\/wp-json\/wp\/v2\/product\/8225","targetHints":{"allow":["GET"]}}],"collection":[{"href":"https:\/\/staging.citationstyler.com\/en\/wp-json\/wp\/v2\/product"}],"about":[{"href":"https:\/\/staging.citationstyler.com\/en\/wp-json\/wp\/v2\/types\/product"}],"replies":[{"embeddable":true,"href":"https:\/\/staging.citationstyler.com\/en\/wp-json\/wp\/v2\/comments?post=8225"}],"wp:featuredmedia":[{"embeddable":true,"href":"https:\/\/staging.citationstyler.com\/en\/wp-json\/wp\/v2\/media\/4049"}],"wp:attachment":[{"href":"https:\/\/staging.citationstyler.com\/en\/wp-json\/wp\/v2\/media?parent=8225"}],"wp:term":[{"taxonomy":"product_cat","embeddable":true,"href":"https:\/\/staging.citationstyler.com\/en\/wp-json\/wp\/v2\/product_cat?post=8225"},{"taxonomy":"product_tag","embeddable":true,"href":"https:\/\/staging.citationstyler.com\/en\/wp-json\/wp\/v2\/product_tag?post=8225"}],"curies":[{"name":"wp","href":"https:\/\/api.w.org\/{rel}","templated":true}]}}