{"id":7401,"date":"2024-07-03T17:56:21","date_gmt":"2024-07-03T15:56:21","guid":{"rendered":"https:\/\/staging.citationstyler.com\/?post_type=product&#038;p=7401"},"modified":"2026-03-14T09:29:02","modified_gmt":"2026-03-14T08:29:02","slug":"citation-style-plastische-chirurgie-kaden-verlag","status":"publish","type":"product","link":"https:\/\/staging.citationstyler.com\/en\/styles\/citation-style-plastische-chirurgie-kaden-verlag\/","title":{"rendered":"Zitierstil Plastische Chirurgie (Kaden Verlag)"},"content":{"rendered":"<h2><u>Beispielzitierungen:<\/u><\/h2>\n<p><u>Im Text:<\/u><br \/>\n[1]<br \/>\n[2]<br \/>\n[4]<br \/>\n[2, 3]<\/p>\n<p><u>Literaturverzeichnis:<br \/>\n<\/u><span class=\"text\">1<\/span>. <span class=\"group\"><span class=\"macro\"><span class=\"names\">Campbell JL, Pedersen OK<\/span><\/span> <span class=\"macro\"><span class=\"date\">(2007)<\/span><\/span> <span class=\"macro\"><span class=\"text\">The varieties of capitalism and hybrid success.<\/span><\/span> <span class=\"text\">Comp Polit Stud <\/span><span class=\"text\">40: <\/span><span class=\"text\">307\u2013332<br \/>\n<\/span><\/span><span class=\"text\">2<\/span>. <span class=\"group\"><span class=\"macro\"><span class=\"names\">Hawking S<\/span><\/span> <span class=\"macro\"><span class=\"date\">(1966)<\/span><\/span> <span class=\"macro\"><span class=\"text\">Properties of expanding universes.<\/span><\/span> <span class=\"text\">doi: 10.17863\/CAM.11283<br \/>\n<\/span><\/span><span class=\"text\">3<\/span>. <span class=\"group\"><span class=\"macro\"><span class=\"names\">Isaacson W<\/span><\/span> <span class=\"macro\"><span class=\"date\">(2011)<\/span><\/span> <span class=\"macro\"><span class=\"text\">Steve Jobs<\/span>.<\/span> <span class=\"text\">Simon &amp; Schuster,<\/span> <span class=\"text\">New York, NY<br \/>\n<\/span><\/span><span class=\"text\">4<\/span>. <span class=\"group\"><span class=\"macro\"><span class=\"names\">Mares I<\/span><\/span> <span class=\"macro\"><span class=\"date\">(2001)<\/span><\/span> <span class=\"macro\"><span class=\"text\">Firms and the welfare state: When, why, and how does social policy matter to employers?<\/span><\/span> <span class=\"macro\"><span class=\"text\">In: <\/span><span class=\"names\">Hall PA, Soskice D (Hrsg)<\/span><\/span> <span class=\"text\">Varieties of capitalism. The institutional foundations of comparative advantage<\/span>. <span class=\"text\">Oxford University Press,<\/span> <span class=\"text\">New York,<\/span> <span class=\"label\">S<\/span> <span class=\"text\">184\u2013213<\/span><\/span><\/p>\n<p>&nbsp;<\/p>\n<p><strong>Warum f\u00fcr diesen Zitierstil bezahlen?<\/strong><\/p>\n<ul>\n<li><strong>Hochwertige Programmierung:<\/strong> Der Stil wurde von einem <a href=\"https:\/\/citationstyler.com\/professioneller-zotero-stilentwickler-csl-experte\/\">erfahrenen Zitierstilexperten<\/a> entwickelt und wird st\u00e4ndig aktualisiert.<\/li>\n<li><strong>Exklusivit\u00e4t:<\/strong> Der Stil ist <strong>nicht kostenlos<\/strong> erh\u00e4ltlich und bietet Ihnen somit die Gewissheit, dass Sie ein <strong>qualitativ hochwertiges Produkt<\/strong> erwerben.<\/li>\n<li><strong>Faire Preise:<\/strong> Der Preis f\u00fcr den Stil ist deutlich g\u00fcnstiger als die Kosten f\u00fcr eine professionelle Lektoratsdienstleistung.<\/li>\n<li><strong>Unterst\u00fctzung des Entwicklers:<\/strong> Mit dem Kauf des Stils unterst\u00fctzen Sie die weitere Entwicklung und Pflege des Stils.<\/li>\n<\/ul>\n<p>&nbsp;<\/p>\n<p><strong>Bestellen Sie jetzt und profitieren Sie von den Vorteilen:<\/strong><\/p>\n<ul>\n<li><strong>Schnelle Lieferung:<\/strong> Du erh\u00e4ltst den Stil sofort nach Zahlungseingang per E-Mail.<\/li>\n<li><strong>Einfache Installation:<\/strong> Der Stil l\u00e4sst sich mit wenigen Klicks in deinem Literaturverwaltungsprogramm installieren.<\/li>\n<li><strong>Sichere Bezahlung:<\/strong> Bezahle bequem und sicher per PayPal oder Kreditkarte.<\/li>\n<\/ul>\n<h2><strong>Hinweise zum Stil:<br \/>\n<\/strong><\/h2>\n<p><u><strong>Fehler im Stil?<\/strong><\/u><br \/>\nBei komplexen Stilen wie diesem kann es in Spezialf\u00e4llen leicht zu Diskrepanzen f\u00fchren. Bitte konsultieren Sie zuerst die Zitierrichtlinien und \u00fcberpr\u00fcfen sie anhand eines funktionierenden Beispiels, ob die Daten <strong>richtig! <\/strong>in Zotero <strong>eingegeben <\/strong>sind. Falls es dennoch so aussieht, dass der Stil selbst einen Fehler hat, bitte schreiben Sie mir per <a href=\"mailto:citationstyler@gmail.com\">citationstyler@gmail.com<\/a>.<\/p>\n<p><u><strong>Disclaimer<\/strong><\/u><\/p>\n<p>Die Datei ist nur zum Gebrauch auf dem Computer derjenigen Person bestimmt, die den Zitierstil gekauft hat. Das Weiterleiten der Datei an weitere Nutzer kann als Urheberrechtsversto\u00df geahndet werden.<\/p>\n<p>Falsche Dateneingabe oder Benutzeranwendungen k\u00f6nnen zu Fehlern sorgen. Als Autor deiner Arbeit bist du f\u00fcr etwaige Fehler selbst verantwortlich und es wird auf die Kontrolle aller Zitate empfohlen.<\/p>\n<p><u><strong>Updates:<\/strong><\/u><br \/>\n<strong>03.07.2021:<\/strong> Ersterstellung des Stils<\/p>\n","protected":false},"excerpt":{"rendered":"<h3><strong>No more tedious citation formatting!<\/strong><\/h3>\n<p>With the official <strong>Plastische Chirurgie (Kaden Verlag)<\/strong> for Zotero, RefWorks, Papers and other reference management programmes, you can create your thesis quickly and error-free.<\/p>\n<p><strong>Benefit from:<\/strong><\/p>\n<ul>\n<li><b>Automatic formatting <\/b>by <b>citations<\/b> and <b>your bibliography<\/b> at the end. The style is based on the following guidelines:<strong> 2022<\/strong><\/li>\n<li><b>Saving valuable time and stress:<\/b> Forget about hours of manual formatting and concentrate on the essentials: your scientific work.<\/li>\n<li><b>Compatibility with various programs:<\/b> Use the style with Zotero, RefWorks, Papers, Mendeley Desktop and <a href=\"https:\/\/citationstyles.org\/\" target=\"_blank\" rel=\"noopener noreferrer\">many more<\/a> reference managers.<\/li>\n<li><b>Comprehensive support:<\/b> Detailed installation instructions, FAQs and a public library with citation examples will help you to use the style.<\/li>\n<\/ul>","protected":false},"featured_media":7404,"comment_status":"open","ping_status":"closed","template":"","meta":[],"product_cat":[25],"product_tag":[],"class_list":{"0":"post-7401","1":"product","2":"type-product","3":"status-publish","4":"has-post-thumbnail","6":"product_cat-verlagsstile","8":"first","9":"instock","10":"virtual","11":"taxable","12":"purchasable","13":"product-type-simple"},"_links":{"self":[{"href":"https:\/\/staging.citationstyler.com\/en\/wp-json\/wp\/v2\/product\/7401","targetHints":{"allow":["GET"]}}],"collection":[{"href":"https:\/\/staging.citationstyler.com\/en\/wp-json\/wp\/v2\/product"}],"about":[{"href":"https:\/\/staging.citationstyler.com\/en\/wp-json\/wp\/v2\/types\/product"}],"replies":[{"embeddable":true,"href":"https:\/\/staging.citationstyler.com\/en\/wp-json\/wp\/v2\/comments?post=7401"}],"wp:featuredmedia":[{"embeddable":true,"href":"https:\/\/staging.citationstyler.com\/en\/wp-json\/wp\/v2\/media\/7404"}],"wp:attachment":[{"href":"https:\/\/staging.citationstyler.com\/en\/wp-json\/wp\/v2\/media?parent=7401"}],"wp:term":[{"taxonomy":"product_cat","embeddable":true,"href":"https:\/\/staging.citationstyler.com\/en\/wp-json\/wp\/v2\/product_cat?post=7401"},{"taxonomy":"product_tag","embeddable":true,"href":"https:\/\/staging.citationstyler.com\/en\/wp-json\/wp\/v2\/product_tag?post=7401"}],"curies":[{"name":"wp","href":"https:\/\/api.w.org\/{rel}","templated":true}]}}