{"id":5079,"date":"2024-05-27T12:01:00","date_gmt":"2024-05-27T10:01:00","guid":{"rendered":"https:\/\/staging.citationstyler.com\/?post_type=product&#038;p=5079"},"modified":"2026-03-14T09:29:02","modified_gmt":"2026-03-14T08:29:02","slug":"citation-style-universidad-autonoma-de-santo-domingo-facultad-de-ciencias-escuela-de-biologia","status":"publish","type":"product","link":"https:\/\/staging.citationstyler.com\/en\/styles\/citation-style-universidad-autonoma-de-santo-domingo-facultad-de-ciencias-escuela-de-biologia\/","title":{"rendered":"Citation Style Universidad Aut\u00f3noma de Santo Domingo \u2013 Facultad de Ciencias \u2013 Escuela de Biolog\u00eda"},"content":{"rendered":"<p><span style=\"text-decoration: underline;\"><b>Example citations:<\/b><\/span><\/p>\n<p><u>In text:<\/u><br \/>\n(Hawking, 1966; Campbell y Pedersen, 2007)<br \/>\n(Mares, 2001)<br \/>\n(Isaacson, 2011)<\/p>\n<p><u>Bibliography:<br \/>\n<\/u>Campbell, J. L. y Pedersen, O. K. 2007. The varieties of capitalism and hybrid success. Comparative Political Studies, 40 (3): 307-332.<br \/>\nHawking, S. 1966. Properties of expanding universes. Doctoral thesis. University of Cambridge, Cambridge, UK.<br \/>\nIsaacson, W. 2011. Steve Jobs Simon &amp; Schuster, New York, NY.<br \/>\nMares, I. 2001. Firms and the welfare state: When, why, and how does social policy matter to employers?, 184-213 pp. En: P. A. Hall y D. Soskice, eds. Varieties of capitalism. The institutional foundations of comparative advantage. Oxford University Press, New York.<u><\/p>\n<p><\/u><\/p>\n<p>&nbsp;<\/p>\n<p>&nbsp;<\/p>\n<p><strong>Warum f\u00fcr den offiziellen Zitierstil Universidad Aut\u00f3noma de Santo Domingo (UASD) &#8211; Facultad de Ciencias &#8211; Escuela de Biolog\u00eda Zitierstil bezahlen?<\/strong><\/p>\n<ul>\n<li data-sourcepos=\"17:1-17:130\"><strong>High-quality coding:<\/strong> Der Stil wurde von einem <a href=\"https:\/\/citationstyler.com\/professioneller-zotero-stilentwickler-csl-experte\/\">erfahrenen Zitierstilexperten<\/a> entwickelt und wird st\u00e4ndig aktualisiert.<\/li>\n<li data-sourcepos=\"18:1-18:161\"><strong>Exclusivity:<\/strong> The style is <strong>no free<\/strong> and thus offers you the certainty that you are getting a <strong>high-quality<\/strong> product.<\/li>\n<li data-sourcepos=\"19:1-19:129\"><strong>Fair price<\/strong> The price for the style is significantly cheaper than the cost of a professional proofreading service.<\/li>\n<li data-sourcepos=\"20:1-21:0\"><strong>Support of the developer:<\/strong> By purchasing the style, you support the further development and maintenance of the style.<\/li>\n<\/ul>\n<p>&nbsp;<\/p>\n<p><strong>Order now and benefit from the advantages:<\/strong><\/p>\n<ul>\n<li data-sourcepos=\"26:1-26:87\"><strong>Fast delivery:<\/strong> You will receive the style by e-mail immediately after receipt of payment.<\/li>\n<li data-sourcepos=\"27:1-27:119\"><strong>Simple installation:<\/strong> The style can be installed in your reference management program with just a few clicks.<\/li>\n<li data-sourcepos=\"28:1-29:0\"><strong>Secure payment:<\/strong> Pay conveniently and securely by PayPal or credit card.<\/li>\n<\/ul>\n<p>&nbsp;<\/p>\n<h2><strong>FAQ - Frequently Asked Questions<\/strong><\/h2>\n<p><u><strong>Found an error?<\/strong><\/u><br \/>\nWith complex styles such as this, it can easily lead to discrepancies in special cases. Please consult the citation guidelines first and use a working example to check whether the data is entered <strong>correctly <\/strong>in <strong>Zotero. <\/strong>If it still looks like the style itself has an error, please write to me via <a href=\"mailto:citationstyler@gmail.com\">citationstyler@gmail.com<\/a>.<\/p>\n<p><u><strong>Disclaimer<br \/>\n<\/strong><\/u>The file is only intended for use on the computer of the person who purchased the citation style. Forwarding the file to other users may be punished as a copyright infringement.<\/p>\n<p>Incorrect data entry or user errors can lead to errors in your output. As the author of your work, you are responsible for any errors and it is recommended that you check all citations.<\/p>\n<p><strong><u>Updates<\/u>:<\/strong><br \/>\n<strong>09.08.2019:<\/strong> Creation of the style<\/p>","protected":false},"excerpt":{"rendered":"<h3><strong>No more tedious citation formatting!<\/strong><\/h3>\n<p>With the official <b>citation style for the Universidad Aut\u00f3noma de Santo Domingo \u2013 Facultad de Ciencias \u2013 Escuela de Biolog\u00eda<\/b> for Zotero, RefWorks, Papers and other reference managers you'll be able to write your thesis error-free and without headaches.<\/p>\n<p><b>Benefit from:<\/b><\/p>\n<ul>\n<li><b>Automatic formatting <\/b>by <strong>citations<\/strong> and <strong>your bibliography<\/strong>. The style is based on the <strong>guidelines \"Reglamento para la presentaci\u00f3n de propuestas y tesis de la Escuela de Biolog\u00eda\u201c from july 2010<\/strong> <span id=\"isPasted\">\u00a0<\/span>.<\/li>\n<li><b>Saving valuable time and stress:<\/b> Forget about hours of manual formatting and concentrate on the essentials: your scientific work.<\/li>\n<li><b>Compatibility with various programs:<\/b> Use the style with Zotero, RefWorks, Papers, Mendeley Desktop and <a href=\"https:\/\/citationstyles.org\/\" target=\"_blank\" rel=\"noopener noreferrer\">many more<\/a> reference managers.<\/li>\n<li><b>Comprehensive support:<\/b> Detailed installation instructions, FAQs and a public library with citation examples will help you to use the style.<\/li>\n<\/ul>","protected":false},"featured_media":5081,"comment_status":"open","ping_status":"closed","template":"","meta":[],"product_cat":[24],"product_tag":[],"class_list":{"0":"post-5079","1":"product","2":"type-product","3":"status-publish","4":"has-post-thumbnail","6":"product_cat-universitaetsstile","8":"first","9":"instock","10":"virtual","11":"taxable","12":"purchasable","13":"product-type-simple"},"_links":{"self":[{"href":"https:\/\/staging.citationstyler.com\/en\/wp-json\/wp\/v2\/product\/5079","targetHints":{"allow":["GET"]}}],"collection":[{"href":"https:\/\/staging.citationstyler.com\/en\/wp-json\/wp\/v2\/product"}],"about":[{"href":"https:\/\/staging.citationstyler.com\/en\/wp-json\/wp\/v2\/types\/product"}],"replies":[{"embeddable":true,"href":"https:\/\/staging.citationstyler.com\/en\/wp-json\/wp\/v2\/comments?post=5079"}],"wp:featuredmedia":[{"embeddable":true,"href":"https:\/\/staging.citationstyler.com\/en\/wp-json\/wp\/v2\/media\/5081"}],"wp:attachment":[{"href":"https:\/\/staging.citationstyler.com\/en\/wp-json\/wp\/v2\/media?parent=5079"}],"wp:term":[{"taxonomy":"product_cat","embeddable":true,"href":"https:\/\/staging.citationstyler.com\/en\/wp-json\/wp\/v2\/product_cat?post=5079"},{"taxonomy":"product_tag","embeddable":true,"href":"https:\/\/staging.citationstyler.com\/en\/wp-json\/wp\/v2\/product_tag?post=5079"}],"curies":[{"name":"wp","href":"https:\/\/api.w.org\/{rel}","templated":true}]}}