{"id":4665,"date":"2024-05-17T16:21:05","date_gmt":"2024-05-17T14:21:05","guid":{"rendered":"https:\/\/staging.citationstyler.com\/?post_type=product&#038;p=4665"},"modified":"2026-03-14T09:29:02","modified_gmt":"2026-03-14T08:29:02","slug":"citation-style-hochschule-fresenius-university-of-applied-sciences","status":"publish","type":"product","link":"https:\/\/staging.citationstyler.com\/en\/styles\/citation-style-hochschule-fresenius-university-of-applied-sciences\/","title":{"rendered":"Zitierstil Hochschule Fresenius &#8211; University of Applied Sciences"},"content":{"rendered":"<h3>Beispielzitierungen:<\/h3>\n<p><span style=\"text-decoration: underline;\">Fu\u00dfnoten:<\/span><br \/>\n<sup>1<\/sup> Campbell\/Pedersen [2007], S. 244\u2013252; Isaacson [2011], S. 244\u2013252<br \/>\n<sup>2<\/sup> Mares [2001], S. 244\u2013252<\/p>\n<p><span style=\"text-decoration: underline;\">Literaturverzeichnis:<\/span><u><br \/>\n<\/u>Campbell, J. L.\/Pedersen, O. K. [2007]<br \/>\nThe varieties of capitalism and hybrid success, in: Comparative Political Studies, 40. Jg., Nr. 3, 2007, S. 307\u2013332.<br \/>\nIsaacson, W. [2011]<br \/>\nSteve Jobs, New York, NY, 2011.<br \/>\nMares, I. [2001]<br \/>\nFirms and the welfare state: When, why, and how does social policy matter to employers?, in: Hall, P. A.\/Soskice, D. (Hrsg.): Varieties of capitalism. The institutional foundations of comparative advantage, New York, S. 184\u2013213.<u><br \/>\n<\/u><\/p>\n<p>&nbsp;<\/p>\n<p id=\"isPasted\" data-sourcepos=\"15:1-15:54\"><strong>Warum f\u00fcr den offiziellen Hochschule Fresenius Zitierstil bezahlen?<\/strong><\/p>\n<ul>\n<li><strong>Hochwertige Programmierung:<\/strong> Der Stil wurde von einem <a href=\"https:\/\/citationstyler.com\/professioneller-zotero-stilentwickler-csl-experte\/\">erfahrenen Zitierstilexperten<\/a> entwickelt und wird st\u00e4ndig aktualisiert.<\/li>\n<li><strong>Exklusivit\u00e4t:<\/strong> Der Stil ist <strong>nicht kostenlos<\/strong> erh\u00e4ltlich und bietet Ihnen somit die Gewissheit, dass Sie ein <strong>qualitativ hochwertiges Produkt<\/strong> erwerben.<\/li>\n<li><strong>Faire Preise:<\/strong> Der Preis f\u00fcr den Stil ist deutlich g\u00fcnstiger als die Kosten f\u00fcr eine professionelle Lektoratsdienstleistung.<\/li>\n<li><strong>Unterst\u00fctzung des Entwicklers:<\/strong> Mit dem Kauf des Stils unterst\u00fctzen Sie die weitere Entwicklung und Pflege des Stils.<\/li>\n<\/ul>\n<p>&nbsp;<\/p>\n<p><strong>Bestellen Sie jetzt und profitieren Sie von den Vorteilen:<\/strong><\/p>\n<ul>\n<li><strong>Schnelle Lieferung:<\/strong> Du erh\u00e4ltst den Stil sofort nach Zahlungseingang per E-Mail.<\/li>\n<li><strong>Einfache Installation:<\/strong> Der Stil l\u00e4sst sich mit wenigen Klicks in deinem Literaturverwaltungsprogramm installieren.<\/li>\n<li data-sourcepos=\"28:1-29:0\"><strong>Sichere Bezahlung:<\/strong> Bezahle bequem und sicher per PayPal oder Kreditkarte.<\/li>\n<\/ul>\n<p>&nbsp;<\/p>\n<h2>Hinweise zum Stil<\/h2>\n<p><span style=\"text-decoration: underline;\"><strong>vgl.&#8220; fehlt?<\/strong><\/span><br \/>\nDies kann in Zotero mittels des Pr\u00e4fix Felds hinzugef\u00fcgt werden. Dazu in Word auf die Zitierung klicken und es erscheint ein Feld, um Pr\u00e4- und Suffix, als auch die genau Seitenzahl anzugeben. Siehe eine <a href=\"https:\/\/www.zotero.org\/support\/word_processor_plugin_usage\" target=\"_blank\" rel=\"noopener\">Anleitung hier.<\/a><\/p>\n<p><span style=\"text-decoration: underline;\"><strong>Welche Eintragsart in Zotero w\u00e4hle ich f\u00fcr die korrekte Darstellung aus?<\/strong><\/span><br \/>\nDer Zitierstil ist f\u00fcr alle Eintragsarten, die in den Richtlinien aufgef\u00fchrt sind optimiert. Bitte siehe hierzu folgendes <a href=\"https:\/\/docs.google.com\/spreadsheets\/d\/1oIpuivCwKWYX0l9hsXV3u98RRYjvU9eZZ45qeYOiInA\/edit?usp=sharing\" target=\"_blank\" rel=\"noopener noreferrer\">Cheat Sheet<\/a>, welche Eintragsart am Besten ausgew\u00e4hlt werden sollte, um die korrekte Darstellung zu erhalten.<\/p>\n<p><span style=\"text-decoration: underline;\"><strong>Ich m\u00f6chte, dass eine Quelle nicht mit &#8222;ebd.&#8220; auf einer neuen Seite angezeigt wird. Wie kann ich das bewerkstelligen?<\/strong><\/span><br \/>\nLeider &#8222;wei\u00df&#8220; Zotero nicht, auf welcher Seite es gerade ist und ob eine Quelle auf einer anderen Seite besteht. Falls dies f\u00fcr dich oft vorkommt, stelle ich einen &#8222;no ibid.&#8220; Stil zur Verf\u00fcgung. Mit diesem k\u00f6nnen dann in einer Kopie(!) der finalen Arbeit mit entlinkten \u200bZitaten die &#8222;ebd.&#8220; manuell eingef\u00fcgt werden.<\/p>\n<p><span style=\"text-decoration: underline;\"><strong>Wieso wird die zweite Zeile in der Biliographie mit Word nicht eingr\u00fcckt?<\/strong><\/span><br \/>\nLeider besteht hier ein technisches Limit in Word. Der CSL Stil an sich ist richtig programmiert und hat den Blocksatz eingestellt. Wie aber dieser HTML Code interpretiert und implementiert ist h\u00e4ngt von anderen Dingen ab, die ausserhalb vom Stil selbst liegen. Die korrekte Formatierung kann aber am Schluss, vor Abgabe der Arbeit, manuell nachgearbeitet werden. D.h. konkret, eine Kopie machen, die Zitate entlinken und dann verhaltet sich die Bibliographie wie normaler Text.<br \/>\n<u><\/u><strong id=\"isPasted\"><\/strong><\/p>\n<p><span style=\"text-decoration: underline;\"><strong>Fehler im Stil?<\/strong><\/span><br \/>\nBei komplexen Stilen wie diesem kann es in Spezialf\u00e4llen leicht zu Diskrepanzen f\u00fchren. Bitte konsultieren Sie zuerst die Zitierrichtlinien und \u00fcberpr\u00fcfen sie anhand eines funktionierenden Beispiels, ob die Daten <strong>richtig! <\/strong>in Zotero <strong>eingegeben <\/strong>sind. Falls es dennoch so aussieht, dass der Stil selbst einen Fehler hat, bitte schreiben Sie mir per <a href=\"mailto:citationstyler@gmail.com\">citationstyler@gmail.com<\/a>.<\/p>\n<p><span style=\"text-decoration: underline;\"><strong>Disclaimer<\/strong><\/span><u><strong><br \/>\n<\/strong><\/u>Die Datei ist nur zum Gebrauch auf dem Computer derjenigen Person bestimmt, die den Zitierstil gekauft hat. Das Weiterleiten der Datei an weitere Nutzer kann als Urheberrechtsversto\u00df geahndet werden.<\/p>\n<p>Falsche Dateneingabe oder Benutzeranwendungen k\u00f6nnen zu Fehlern sorgen. Als Autor deiner Arbeit bist du f\u00fcr etwaige Fehler selbst verantwortlich und es wird auf die Kontrolle aller Zitate empfohlen.<strong id=\"isPasted\"><\/strong><\/p>\n","protected":false},"excerpt":{"rendered":"<h3>No more tedious citation formatting!<\/h3>\n<p>With the official\u00a0<strong>Hochschule Fresenius <span id=\"isPasted\">(University of Applied Sciences)<\/span><\/strong> for Zotero, RefWorks, Papers and other reference managers you'll be able to write your thesis error-free and without headaches.<\/p>\n<p id=\"isPasted\" data-sourcepos=\"7:1-7:24\"><strong>Benefit from:<\/strong><\/p>\n<ul>\n<li><b>Automatic formatting <\/b>von Zitaten im Text und Literaturverzeichnis auf deutsch und englisch gem\u00e4\u00df der <strong>Richtlinien von 2022 <\/strong>(<em>Handbuch zum wissenschaftlichen Arbeiten<\/em>, VNR Verlag 2022)<strong>.<\/strong><\/li>\n<li><b>Saving valuable time and stress:<\/b> Forget about hours of manual formatting and concentrate on the essentials: your scientific work.<\/li>\n<li><b>Compatibility with various programs:<\/b> Use the style with Zotero, RefWorks, Papers, Mendeley Desktop and <a href=\"https:\/\/citationstyles.org\/\" target=\"_blank\" rel=\"noopener noreferrer\">many more<\/a> reference managers.<\/li>\n<li><b>Comprehensive support:<\/b> Detailed installation instructions, FAQs and a public library with citation examples will help you to use the style.<\/li>\n<\/ul>","protected":false},"featured_media":1441,"comment_status":"open","ping_status":"closed","template":"","meta":[],"product_cat":[24],"product_tag":[],"class_list":{"0":"post-4665","1":"product","2":"type-product","3":"status-publish","4":"has-post-thumbnail","6":"product_cat-universitaetsstile","8":"first","9":"instock","10":"virtual","11":"taxable","12":"purchasable","13":"product-type-simple"},"_links":{"self":[{"href":"https:\/\/staging.citationstyler.com\/en\/wp-json\/wp\/v2\/product\/4665","targetHints":{"allow":["GET"]}}],"collection":[{"href":"https:\/\/staging.citationstyler.com\/en\/wp-json\/wp\/v2\/product"}],"about":[{"href":"https:\/\/staging.citationstyler.com\/en\/wp-json\/wp\/v2\/types\/product"}],"replies":[{"embeddable":true,"href":"https:\/\/staging.citationstyler.com\/en\/wp-json\/wp\/v2\/comments?post=4665"}],"wp:featuredmedia":[{"embeddable":true,"href":"https:\/\/staging.citationstyler.com\/en\/wp-json\/wp\/v2\/media\/1441"}],"wp:attachment":[{"href":"https:\/\/staging.citationstyler.com\/en\/wp-json\/wp\/v2\/media?parent=4665"}],"wp:term":[{"taxonomy":"product_cat","embeddable":true,"href":"https:\/\/staging.citationstyler.com\/en\/wp-json\/wp\/v2\/product_cat?post=4665"},{"taxonomy":"product_tag","embeddable":true,"href":"https:\/\/staging.citationstyler.com\/en\/wp-json\/wp\/v2\/product_tag?post=4665"}],"curies":[{"name":"wp","href":"https:\/\/api.w.org\/{rel}","templated":true}]}}