{"id":4212,"date":"2024-05-06T16:34:37","date_gmt":"2024-05-06T14:34:37","guid":{"rendered":"https:\/\/staging.citationstyler.com\/?post_type=product&#038;p=4212"},"modified":"2026-03-14T09:29:03","modified_gmt":"2026-03-14T08:29:03","slug":"citation-style-universitat-zurich-kunsthistorisches-institut","status":"publish","type":"product","link":"https:\/\/staging.citationstyler.com\/en\/styles\/citation-style-universitat-zurich-kunsthistorisches-institut\/","title":{"rendered":"Zitierstil Universit\u00e4t Z\u00fcrich (UZH) &#8211; Kunsthistorisches Institut"},"content":{"rendered":"<h3>Example citations:<\/h3>\n<p><span style=\"text-decoration: underline;\">Short footnotes<\/span><br \/>\n<sup>1<\/sup> Vgl. Campbell und Pedersen 2007, S. 244\u2013252<br \/>\n<sup>2<\/sup> Hawking 1966, Mares 2001, S. 244\u2013252, Isaacson 2011.<br id=\"isPasted\" \/><sup>3<\/sup> Doe 2014, Dockray 2018 https:\/\/mashable.com\/article\/homophobia-couple-rainbow-house-troll?europe=true&amp;utm_cid=hp-r-1 (zuletzt abgerufen am 01.09.2018).<\/p>\n<p><span style=\"text-decoration: underline;\">Bibliography:<br \/>\n<\/span>Campbell und Pedersen 2007: John L. Campbell und Ove K. Pedersen, The varieties of capitalism and hybrid success, in: Comparative Political Studies 40 (M\u00e4rz 2007), Nr. 3, S. 307\u2013332.<br \/>\nDockray 2018: Heather Dockray, Lesbian couple paints house rainbow to troll homophobic neighbors, Lesbian couple paints house rainbow to troll homophobic neighbors, https:\/\/mashable.com\/article\/homophobia-couple-rainbow-house-troll?europe=true&amp;utm_cid=hp-r-1 (zuletzt abgerufen am 01.09.2018).<br \/>\nDoe 2014: John Doe, Banana, in: The New Encyclopaedia Britannica, Bd. 26, s. v. \u201eBanana\u201c, S. 501\u2013508.<br \/>\nHawking 1966: Stephen Hawking, Properties of expanding universes, Doctoral thesis Cambridge, UK 1966.<br \/>\nIsaacson 2011: Walter Isaacson, Steve Jobs, New York, NY 2011.<br \/>\nMares 2001: Isabela Mares, Firms and the welfare state: When, why, and how does social policy matter to employers?, in: Varieties of capitalism. The institutional foundations of comparative advantage, hrsg. von Peter A. Hall und David Soskice, New York 2001, S. 184\u2013213.<\/p>\n<p>&nbsp;<\/p>\n<p><strong>Warum f\u00fcr den offiziellen Universit\u00e4t Z\u00fcrich &#8211; Kunsthistorisches Institut Zitierstil bezahlen?<\/strong><\/p>\n<ul>\n<li data-sourcepos=\"17:1-17:130\"><strong>High-quality coding:<\/strong> Der Stil wurde von einem <a href=\"https:\/\/citationstyler.com\/professioneller-zotero-stilentwickler-csl-experte\/\">erfahrenen Zitierstilexperten<\/a> entwickelt und wird st\u00e4ndig aktualisiert.<\/li>\n<li data-sourcepos=\"18:1-18:161\"><strong>Exclusivity:<\/strong> The style is <strong>no free<\/strong> and thus offers you the certainty that you are getting a <strong>high-quality<\/strong> product.<\/li>\n<li data-sourcepos=\"19:1-19:129\"><strong>Fair price<\/strong> The price for the style is significantly cheaper than the cost of a professional proofreading service.<\/li>\n<li data-sourcepos=\"20:1-21:0\"><strong>Support of the developer:<\/strong> By purchasing the style, you support the further development and maintenance of the style.<\/li>\n<\/ul>\n<p>&nbsp;<\/p>\n<p><strong>Order now and benefit from the advantages:<\/strong><\/p>\n<ul>\n<li data-sourcepos=\"26:1-26:87\"><strong>Fast delivery:<\/strong> You will receive the style by e-mail immediately after receipt of payment.<\/li>\n<li data-sourcepos=\"27:1-27:119\"><strong>Simple installation:<\/strong> The style can be installed in your reference management program with just a few clicks.<\/li>\n<li data-sourcepos=\"28:1-29:0\"><strong>Secure payment:<\/strong> Pay conveniently and securely by PayPal or credit card.<\/li>\n<\/ul>\n<p>&nbsp;<\/p>\n<h3>FAQ - Frequently Asked Questions<\/h3>\n<p><span style=\"text-decoration: underline;\"><strong>&#8222;vgl.&#8220; fehlt? Wie kann ich das bewerkstelligen?<\/strong><\/span><br \/>\nThis can be added in Zotero using the Prefix field. To do this, click on the citation in Word and a field will appear to add the <strong>pre-<\/strong> and <strong>suffix<\/strong>, as well as the exact <strong>page <\/strong>you want to cite. See the <a href=\"https:\/\/www.zotero.org\/support\/word_processor_plugin_usage\" target=\"_blank\" rel=\"noopener\">following guide on how to do this<\/a>.<u><\/u><u><\/u><\/p>\n<p><span style=\"text-decoration: underline;\"><strong>My footnote numbering style is incorrect. How can I change it?<\/strong><\/span><br \/>\nThe footnote numbering is NOT managed by the citation style, but by Word. You can therefore change this yourself in Word. The citation style has no control over this. Please seek Word-specific help for this.<\/p>\n<p><span style=\"text-decoration: underline;\"><strong>Found an error?<\/strong><\/span><br \/>\nWith complex styles such as this, it can easily lead to discrepancies in special cases. Please consult the citation guidelines first and use a working example to check whether the data is entered <strong>correctly <\/strong>in <strong>Zotero. <\/strong>If it still looks like the style itself has an error, please write to me via <a href=\"mailto:citationstyler@gmail.com\">citationstyler@gmail.com<\/a>.<\/p>\n<p><span style=\"text-decoration: underline;\"><strong>Disclaimer<\/strong><\/span><u><strong><br \/>\n<\/strong><\/u>The file is only intended for use on the computer of the person who purchased the citation style. Forwarding the file to other users may be punished as a copyright infringement.<br \/>\nEach user is responsible for their work and the correct citations. Incorrect data entry or user applications can lead to errors. As the author of your work, you are responsible for any errors and it is recommended that you check all citations.<\/p>","protected":false},"excerpt":{"rendered":"<h3>No more tedious citation formatting!<\/h3>\n<p>With the official <strong><span id=\"isPasted\">citation style <\/span>f\u00fcr die Universit\u00e4t Z\u00fcrich (UZH) &#8211; Kunsthistorisches Institut<\/strong>for Zotero, RefWorks, Papers and other reference management programs, you can create your thesis quickly and error-free.<\/p>\n<p id=\"isPasted\" data-sourcepos=\"7:1-7:24\"><strong>Benefit from:<\/strong><\/p>\n<ul>\n<li><b>Automatic formatting <\/b>of footnotes and bibliography. To create the style, I used the <strong>Leitfaden von 2021<\/strong> <span id=\"isPasted\">\u00a0<\/span>.<\/li>\n<li><b>Saving valuable time and stress:<\/b> Forget about hours of manual formatting and concentrate on the essentials: your scientific work.<\/li>\n<li><b>Compatibility with various programs:<\/b> Use the style with Zotero, RefWorks, Papers, Mendeley Desktop and <a href=\"https:\/\/citationstyles.org\/\" target=\"_blank\" rel=\"noopener noreferrer\">many more<\/a> reference managers.<\/li>\n<li><b>Comprehensive support:<\/b> Detailed installation instructions, FAQs and a public library with citation examples will help you to use the style.<\/li>\n<\/ul>","protected":false},"featured_media":1839,"comment_status":"open","ping_status":"closed","template":"","meta":[],"product_cat":[24],"product_tag":[],"class_list":{"0":"post-4212","1":"product","2":"type-product","3":"status-publish","4":"has-post-thumbnail","6":"product_cat-universitaetsstile","8":"first","9":"instock","10":"virtual","11":"taxable","12":"purchasable","13":"product-type-simple"},"_links":{"self":[{"href":"https:\/\/staging.citationstyler.com\/en\/wp-json\/wp\/v2\/product\/4212","targetHints":{"allow":["GET"]}}],"collection":[{"href":"https:\/\/staging.citationstyler.com\/en\/wp-json\/wp\/v2\/product"}],"about":[{"href":"https:\/\/staging.citationstyler.com\/en\/wp-json\/wp\/v2\/types\/product"}],"replies":[{"embeddable":true,"href":"https:\/\/staging.citationstyler.com\/en\/wp-json\/wp\/v2\/comments?post=4212"}],"wp:featuredmedia":[{"embeddable":true,"href":"https:\/\/staging.citationstyler.com\/en\/wp-json\/wp\/v2\/media\/1839"}],"wp:attachment":[{"href":"https:\/\/staging.citationstyler.com\/en\/wp-json\/wp\/v2\/media?parent=4212"}],"wp:term":[{"taxonomy":"product_cat","embeddable":true,"href":"https:\/\/staging.citationstyler.com\/en\/wp-json\/wp\/v2\/product_cat?post=4212"},{"taxonomy":"product_tag","embeddable":true,"href":"https:\/\/staging.citationstyler.com\/en\/wp-json\/wp\/v2\/product_tag?post=4212"}],"curies":[{"name":"wp","href":"https:\/\/api.w.org\/{rel}","templated":true}]}}