{"id":4168,"date":"2024-04-30T12:25:06","date_gmt":"2024-04-30T10:25:06","guid":{"rendered":"https:\/\/staging.citationstyler.com\/?post_type=product&#038;p=4168"},"modified":"2026-03-14T09:29:03","modified_gmt":"2026-03-14T08:29:03","slug":"citation-style-duale-hochschule-baden-wuerttemberg-heilbronn","status":"publish","type":"product","link":"https:\/\/staging.citationstyler.com\/en\/styles\/citation-style-duale-hochschule-baden-wuerttemberg-heilbronn\/","title":{"rendered":"Zitierstil Duale Hochschule Baden-W\u00fcrttemberg Heilbronn"},"content":{"rendered":"<h3>Example citations:<\/h3>\n<p><span style=\"text-decoration: underline;\">Autor-Datum (Harvard):<\/span><br \/>\n(Hawking 1966, S. 33)<br \/>\n(Isaacson (Hrsg.) 2011)<br \/>\n(Mares 2001; CSL Search by Example 2017)<br \/>\n(Campbell &amp; Pedersen 2007, S. 300-302)<\/p>\n<p><span style=\"text-decoration: underline;\">Fu\u00dfnoten (Kurzbeleg):<\/span><br \/>\n1\u00a0Hawking, S. (1966), S. 33.<br \/>\n2 Isaacson, W. (Hrsg.) (2011).<br \/>\n3 Mares, I. (2001).<br \/>\n4 Campbell, J.L.\/Pedersen, O.K. (2007), S. 300-302.<br \/>\n5 CSL Search by Example (2017)<\/p>\n<p><span style=\"text-decoration: underline;\">Bibliography:<br \/>\n<\/span><\/p>\n<div>\n<div class=\"csl-entry\">Campbell, J. L., &amp; Pedersen, O. K. (2007). The Varieties of Capitalism and Hybrid Success. <i>Comparative Political Studies<\/i>, <b><i>40<\/i><\/b> (3), S. 303\u2013323<\/div>\n<div class=\"csl-entry\">CSL Search by Example. (2017). Citation Style Editor, <a href=\"https:\/\/editor.citationstyles.org\/searchByExample\/\" target=\"_blank\" rel=\"noopener\">https:\/\/editor.citationstyles.org\/searchByExample\/<\/a><\/div>\n<div class=\"csl-entry\">Hawking, S. (1966). <i>Properties of expanding universes<\/i>. Doctoral Thesis, University of Cambridge<\/div>\n<div class=\"csl-entry\">Isaacson, W. (Hrsg.). (2011). <i>Steve Jobs<\/i> (2. Aufl.). Simon &amp; Schuster<\/div>\n<div class=\"csl-entry\">Mares, I. (2001). The Institutional Foundations of Comparative Advantage. In P. A. Hall &amp; D. Soskice (Hrsg.), <i>Varieties of capitalism. The institutional foundations of comparative advantage<\/i> (S. 184\u2013213). Oxford University Press<\/div>\n<\/div>\n<p><strong>Warum f\u00fcr den offiziellen Duale Hochschule Baden-W\u00fcrttemberg Heilbronn Zitierstil bezahlen?<\/strong><\/p>\n<ul>\n<li><strong>High-quality coding:<\/strong> Der Stil wurde von einem <a href=\"https:\/\/citationstyler.com\/professioneller-zotero-stilentwickler-csl-experte\/\">erfahrenen Zitierstilexperten<\/a> entwickelt und wird st\u00e4ndig aktualisiert.<\/li>\n<li><strong>Exclusivity:<\/strong> The style is <strong>no free<\/strong> and thus offers you the certainty that you are getting a <strong>high-quality<\/strong> product.<\/li>\n<li><strong>Fair price<\/strong> The price for the style is significantly cheaper than the cost of a professional proofreading service.<\/li>\n<li><strong>Support of the developer:<\/strong> By purchasing the style, you support the further development and maintenance of the style.<\/li>\n<\/ul>\n<p>&nbsp;<\/p>\n<p><strong>Order now and benefit from the advantages:<\/strong><\/p>\n<ul>\n<li><strong>Fast delivery:<\/strong> You will receive the style by e-mail immediately after receipt of payment.<\/li>\n<li><strong>Simple installation:<\/strong> The style can be installed in your reference management program with just a few clicks.<\/li>\n<li><strong>Secure payment:<\/strong> Pay conveniently and securely by PayPal or credit card.<\/li>\n<\/ul>\n<h3><\/h3>\n<h3>FAQ - Frequently Asked Questions<\/h3>\n<p><span style=\"text-decoration: underline;\"><strong>Wie kann ich das Sammelwerks eines Buches mit in die Bibliografie aufnehmen?<br \/>\n<\/strong><\/span>Die Richtlinen sehen vor, dass das Sammelwerk eines Buchkapitels auch noch im Literaturverzeichnis erscheinen soll. Dies kann von Zotero nicht automatisch gemacht werden, da Zotero nicht wei\u00df, welches Buchkapitel zu welchem Buch geh\u00f6rt. Dies kann aber sehr einfach noch hinzugef\u00fcgt werden. Siehe hierzu den Artikel &#8222;<span class=\"brz-wp-title-content\"><a href=\"https:\/\/staging.citationstyler.com\/en\/knowledge\/how-do-i-add-extra-sources-to-my-bibliography-with-zotero\/\">How do I add extra sources to my bibliography with Zotero?<\/a>&#8222;<\/span>.<\/p>\n<p><span style=\"text-decoration: underline;\"><strong>My footnote numbering style is incorrect. How can I change it?<\/strong><\/span><br \/>\nThe footnote numbering is NOT managed by the citation style, but by Word. You can therefore change this yourself in Word. The citation style has no control over this. Please seek Word-specific help for this.<\/p>\n<p><span style=\"text-decoration: underline;\"><strong>vgl.&#8220; fehlt?<\/strong><\/span><br \/>\nThis can be added in Zotero using the prefix field. To do this, click on the citation in Word and a field will appear to enter the prefix and suffix, as well as the exact page number.<\/p>\n<p><span style=\"text-decoration: underline;\"><strong>How can I generate a separate bibliography for internet sources?<\/strong><\/span><u><strong><br \/>\n<\/strong><\/u>Die Richtlinien sehen vor, dass ein separates Verzeichnis f\u00fcr Interviews erstellt wird. Ich habe euch das insofern mit dem Stil leichter gemacht, dass die verschienden Quellenarten bereits automatisch richtig sortiert werden (Interviews vs. der Rest). Ganz zum Schluss eurer Arbeit k\u00f6nnt ihr dann eine <strong>Kopie <\/strong>des Dokuments erstellen (ganz wichtig!!), dann die Zitierungen entlinken (kann nicht r\u00fcckg\u00e4ngig gemacht werden) und die verschiedenen Quellen k\u00f6nnen abgetrennt werden und mit einer neuen \u00dcberschrift versehen werden.<\/p>\n<p><span style=\"text-decoration: underline;\"><strong>Found an error?<\/strong><\/span><br \/>\nWith complex styles such as this, it can easily lead to discrepancies in special cases. Please consult the citation guidelines first and use a working example to check whether the data is entered <strong>correctly <\/strong>in <strong>Zotero. <\/strong>If it still looks like the style itself has an error, please write to me via <a href=\"mailto:citationstyler@gmail.com\">citationstyler@gmail.com<\/a>.<\/p>\n<p><span style=\"text-decoration: underline;\"><strong>Disclaimer<\/strong><\/span><u><strong><br \/>\n<\/strong><\/u>The file is only intended for use on the computer of the person who purchased the citation style. Forwarding the file to other users may be punished as a copyright infringement.<\/p>\n<p>Each user is responsible for their work and the correct citations. Incorrect data entry or user applications can lead to errors. As the author of your work, you are responsible for any errors and it is recommended that you check all citations.<\/p>","protected":false},"excerpt":{"rendered":"<h3>No more tedious citation formatting!<\/h3>\n<p>With the official <b>Duale Hochschule Baden-W\u00fcrttemberg (DHBW) Heilbronn<\/b> for Zotero, RefWorks, Papers and other reference managers you'll be able to write your thesis error-free and without headaches.<\/p>\n<p><strong>Benefit from:<\/strong><\/p>\n<ul>\n<li><b>Automatic formatting <\/b>by <strong>footnotes<\/strong> or <strong>Autor-Datum<\/strong> Zitaten (Harvard) und <strong>your bibliography<\/strong> am Ende. Zur Erstellung des Stils habe ich mich auf die &#8222;Richtlinien zur Gestaltung wissenschaftlicher Arbeiten&#8220; in der <strong>Version vom 10.05.2025<\/strong> <span id=\"isPasted\">\u00a0<\/span>.<\/li>\n<li><b>Saving valuable time and stress:<\/b> Forget about hours of manual formatting and concentrate on the essentials: your scientific work.<\/li>\n<li><b>Compatibility with various programs:<\/b> Use the style with Zotero, RefWorks, Papers, Mendeley Desktop and <a href=\"https:\/\/citationstyles.org\/\" target=\"_blank\" rel=\"noopener noreferrer\">many more<\/a> reference managers.<\/li>\n<li><b>Comprehensive support:<\/b> Detailed installation instructions, FAQs and a public library with citation examples will help you to use the style.<\/li>\n<\/ul>","protected":false},"featured_media":4049,"comment_status":"open","ping_status":"closed","template":"","meta":[],"product_cat":[24],"product_tag":[],"class_list":{"0":"post-4168","1":"product","2":"type-product","3":"status-publish","4":"has-post-thumbnail","6":"product_cat-universitaetsstile","8":"first","9":"instock","10":"virtual","11":"taxable","12":"purchasable","13":"product-type-simple"},"_links":{"self":[{"href":"https:\/\/staging.citationstyler.com\/en\/wp-json\/wp\/v2\/product\/4168","targetHints":{"allow":["GET"]}}],"collection":[{"href":"https:\/\/staging.citationstyler.com\/en\/wp-json\/wp\/v2\/product"}],"about":[{"href":"https:\/\/staging.citationstyler.com\/en\/wp-json\/wp\/v2\/types\/product"}],"replies":[{"embeddable":true,"href":"https:\/\/staging.citationstyler.com\/en\/wp-json\/wp\/v2\/comments?post=4168"}],"wp:featuredmedia":[{"embeddable":true,"href":"https:\/\/staging.citationstyler.com\/en\/wp-json\/wp\/v2\/media\/4049"}],"wp:attachment":[{"href":"https:\/\/staging.citationstyler.com\/en\/wp-json\/wp\/v2\/media?parent=4168"}],"wp:term":[{"taxonomy":"product_cat","embeddable":true,"href":"https:\/\/staging.citationstyler.com\/en\/wp-json\/wp\/v2\/product_cat?post=4168"},{"taxonomy":"product_tag","embeddable":true,"href":"https:\/\/staging.citationstyler.com\/en\/wp-json\/wp\/v2\/product_tag?post=4168"}],"curies":[{"name":"wp","href":"https:\/\/api.w.org\/{rel}","templated":true}]}}