{"id":4150,"date":"2024-04-29T10:02:43","date_gmt":"2024-04-29T08:02:43","guid":{"rendered":"https:\/\/staging.citationstyler.com\/?post_type=product&#038;p=4150"},"modified":"2026-03-14T09:29:03","modified_gmt":"2026-03-14T08:29:03","slug":"citation-style-hochschule-fur-angewandte-wissenschaften-hamburg-haw-wirtschafts-sozialwissenschaften","status":"publish","type":"product","link":"https:\/\/staging.citationstyler.com\/en\/styles\/citation-style-hochschule-fur-angewandte-wissenschaften-hamburg-haw-wirtschafts-sozialwissenschaften\/","title":{"rendered":"Zitierstil Hochschule f\u00fcr Angewandte Wissenschaften Hamburg (HAW) &#8211; Fakult\u00e4t Wirtschaft und Soziales &#8211; Department Public Management"},"content":{"rendered":"<h2>Example citations:<\/h2>\n<p><span style=\"text-decoration: underline;\">Citations:<\/span><br \/>\n(Campbell\/Pedersen 2007)<br \/>\n(Mares 2001: 233)<br \/>\n(Hawking 1966)<br \/>\n(Dockray 2018)<\/p>\n<p><span style=\"text-decoration: underline;\">Bibliography:<\/span><\/p>\n<p>Campbell, John L.\/Pedersen, Ove K. (2007): The Varieties of Capitalism and Hybrid Success. In: Comparative Political Studies 40, S. 302\u2013337.<br \/>\nDockray, Heather (2018): Lesbian couple paints house rainbow to troll homophobic neighbors. URL: https:\/\/mashable.com\/article\/homophobia-couple-rainbow-house-troll?europe=true&amp;utm_cid=hp-r-1 (Datum der Recherche: 03.01.2018).<br \/>\nHawking, Stephen (1966): Properties of expanding universes. Doctoral Thesis, University of Cambridge.<br \/>\nMares, Isabela (2001): The Institutional Foundations of Comparative Advantage. In: Hall, Peter A.\/Soskice, David (Hrsg.): Varieties of Capitalism. New York: Oxford University Press, S. 184\u2013213.<\/p>\n<p>&nbsp;<\/p>\n<p><strong>Warum f\u00fcr den offiziellen Hochschule f\u00fcr Angewandte Wissenschaften Hamburg &#8211; Fakult\u00e4t Wirtschaft und Soziales &#8211; Department Public Management Zitierstil bezahlen?<\/strong><\/p>\n<ul>\n<li><strong>High-quality coding:<\/strong> Der Stil wurde von einem <a href=\"https:\/\/citationstyler.com\/professioneller-zotero-stilentwickler-csl-experte\/\">erfahrenen Zitierstilexperten<\/a> entwickelt und wird st\u00e4ndig aktualisiert.<\/li>\n<li><strong>Exclusivity:<\/strong> The style is <strong>no free<\/strong> and thus offers you the certainty that you are getting a <strong>high-quality<\/strong> product.<\/li>\n<li><strong>Fair price<\/strong> The price for the style is significantly cheaper than the cost of a professional proofreading service.<\/li>\n<li><strong>Support of the developer:<\/strong> By purchasing the style, you support the further development and maintenance of the style.<\/li>\n<\/ul>\n<p>&nbsp;<\/p>\n<p><strong>Order now and benefit from the advantages:<\/strong><\/p>\n<ul>\n<li><strong>Fast delivery:<\/strong> You will receive the style by e-mail immediately after receipt of payment.<\/li>\n<li><strong>Simple installation:<\/strong> The style can be installed in your reference management program with just a few clicks.<\/li>\n<li><strong>Secure payment:<\/strong> Pay conveniently and securely by PayPal or credit card.<\/li>\n<\/ul>\n<h2><strong>FAQ - Frequently Asked Questions<\/strong><\/h2>\n<p><u><strong>How can I install the citation style in Zotero?<\/strong><\/u> (for other software please consult the manufacturer)<br \/>\n<strong>Option 1:<\/strong> Double click on the file. Zotero should automatically recognise and install the .csl file.<br \/>\n<strong>Option 2:<\/strong>: In Zotero auf &#8222;Bearbeiten&#8220; &gt; &#8222;Einstellungen&#8220; &gt; &#8222;Zitieren&#8220; &gt; &#8222;Stile&#8220; gehen. Dort auf das &#8222;+&#8220; klicken und die .csl Datei ausw\u00e4hlen.<\/p>\n<p><u><strong>How to install the citation style in Mendeley Desktop?<\/strong><\/u> (for other software please consult the manufacturer)<br \/>\n1. In Mendeley, &#8222;View&#8220; &gt; &#8222;Citation Style&#8220; &gt; &#8222;More Styles&#8220;.<br \/>\n2. drag the downloaded .csl file into the field.<br \/>\n3. now the style can be selected in the Word\/LibreOffice plugin.<\/p>\n<p><u><strong>Ich kann den Stil in &#8222;Mendeley Reference Manager\/Mendeley Cite&#8220; nicht installieren?<\/strong><\/u><br \/>\nMit 2020 hat Mendeley eine neue Version, den sog. Mendeley Reference Manager+Mendeley Cite, herausgebracht. Dieser kann aber noch keine Customstile wie diesen hier installieren. Ich empfehle daher entweder &#8222;Mendeley Desktop&#8220; zu benutzen oder direkt auf Zotero umzusteigen. Dieser ist wesentlich besser zu benutzen und hat weitaus besseren Support.<\/p>\n<p><u><strong>Found an error?<\/strong><\/u><br \/>\nWith complex styles such as this, it can easily lead to discrepancies in special cases. Please consult the citation guidelines first and use a working example to check whether the data is entered <strong>correctly <\/strong>in <strong>Zotero. <\/strong>If it still looks like the style itself has an error, please write to me via <a href=\"mailto:citationstyler@gmail.com\">citationstyler@gmail.com<\/a>.<\/p>\n<p><u><strong>Disclaimer<\/strong><\/u><\/p>\n<p>The file is only intended for use on the computer of the person who purchased the citation style. Forwarding the file to other users may be punished as a copyright infringement. I take no responsibility for problems after the submission of a work. The author is responsible for checking citations and compliance with the guidelines.<\/p>\n<p>Each user is responsible for their work and the correct citations. Incorrect data entry or user applications can lead to errors. As the author of your work, you are responsible for any errors and it is recommended that you check all citations.<\/p>","protected":false},"excerpt":{"rendered":"<h3>No more tedious citation formatting!<\/h3>\n<p>With the official <b>Hochschule f\u00fcr Angewandte Wissenschaften Hamburg &#8211; Fakult\u00e4t Wirtschaft und Soziales &#8211; Department Public Management<\/b> for Zotero, RefWorks, Papers and other reference management programs you can create your thesis quickly and error-free.<\/p>\n<p><strong>Benefit from:<\/strong><\/p>\n<ul>\n<li><b>Automatic formatting <\/b>by <strong>citations <\/strong>and <strong>your bibliography<\/strong> am Ende. Zur Erstellung des Stils habe ich mich auf die Richtlinien vom SS 2022 bezogen.<\/li>\n<li><b>Saving valuable time and stress:<\/b> Forget about hours of manual formatting and concentrate on the essentials: your scientific work.<\/li>\n<li><b>Compatibility with various programs:<\/b> Use the style with Zotero, RefWorks, Papers, Mendeley Desktop and <a href=\"https:\/\/citationstyles.org\/\" target=\"_blank\" rel=\"noopener noreferrer\">many more<\/a> reference managers.<\/li>\n<li><b>Comprehensive support:<\/b> Detailed installation instructions, FAQs and a public library with citation examples will help you to use the style.<\/li>\n<\/ul>","protected":false},"featured_media":1986,"comment_status":"open","ping_status":"closed","template":"","meta":[],"product_cat":[24],"product_tag":[],"class_list":{"0":"post-4150","1":"product","2":"type-product","3":"status-publish","4":"has-post-thumbnail","6":"product_cat-universitaetsstile","8":"first","9":"instock","10":"virtual","11":"taxable","12":"purchasable","13":"product-type-simple"},"_links":{"self":[{"href":"https:\/\/staging.citationstyler.com\/en\/wp-json\/wp\/v2\/product\/4150","targetHints":{"allow":["GET"]}}],"collection":[{"href":"https:\/\/staging.citationstyler.com\/en\/wp-json\/wp\/v2\/product"}],"about":[{"href":"https:\/\/staging.citationstyler.com\/en\/wp-json\/wp\/v2\/types\/product"}],"replies":[{"embeddable":true,"href":"https:\/\/staging.citationstyler.com\/en\/wp-json\/wp\/v2\/comments?post=4150"}],"wp:featuredmedia":[{"embeddable":true,"href":"https:\/\/staging.citationstyler.com\/en\/wp-json\/wp\/v2\/media\/1986"}],"wp:attachment":[{"href":"https:\/\/staging.citationstyler.com\/en\/wp-json\/wp\/v2\/media?parent=4150"}],"wp:term":[{"taxonomy":"product_cat","embeddable":true,"href":"https:\/\/staging.citationstyler.com\/en\/wp-json\/wp\/v2\/product_cat?post=4150"},{"taxonomy":"product_tag","embeddable":true,"href":"https:\/\/staging.citationstyler.com\/en\/wp-json\/wp\/v2\/product_tag?post=4150"}],"curies":[{"name":"wp","href":"https:\/\/api.w.org\/{rel}","templated":true}]}}