{"id":4109,"date":"2024-04-24T14:24:31","date_gmt":"2024-04-24T12:24:31","guid":{"rendered":"https:\/\/staging.citationstyler.com\/?post_type=product&#038;p=4109"},"modified":"2026-03-14T09:29:03","modified_gmt":"2026-03-14T08:29:03","slug":"citation-style-duale-hochschule-baden-wurttemberg-stuttgart-wirtschaft-bwl-industrie","status":"publish","type":"product","link":"https:\/\/staging.citationstyler.com\/en\/styles\/citation-style-duale-hochschule-baden-wurttemberg-stuttgart-wirtschaft-bwl-industrie\/","title":{"rendered":"Zitierstil Duale Hochschule Baden-W\u00fcrttemberg Stuttgart &#8211; Wirtschaft BWL-Industrie"},"content":{"rendered":"<h3>Example citations:<\/h3>\n<p><span style=\"text-decoration: underline;\">Footnotes:<\/span><br \/>\n1 Mares, I. (2001), S. 5.<br \/>\n2 Campbell, J.L.; Pedersen, O.K. (2007), S. 244\u2013252.<br \/>\n3 Isaacson, W. (2011).<\/p>\n<p><span style=\"text-decoration: underline;\">Bibliography:<\/span><u><br \/>\n<\/u><\/p>\n<p><strong>Campbell, J.L.; Pedersen, O.K. (2007)<\/strong>: The varieties of capitalism and hybrid success. In: Comparative Political Studies, 40. Jg. (2007), Heft 3, S. 307\u2013332.<br \/>\n<strong>Isaacson, W. (2011)<\/strong>: Steve Jobs. New York, NY.<br \/>\n<strong>Mares, I. (2001)<\/strong>: Firms and the welfare state: When, why, and how does social policy matter to employers? In: Hall, P. A.; Soskice, D. (Hrsg.): Varieties of capitalism. The institutional foundations of comparative advantage, New York, S. 184\u2013213.<\/p>\n<p>&nbsp;<\/p>\n<p><strong>Warum f\u00fcr den offiziellen Duale Hochschule Baden-W\u00fcrttemberg Stuttgart (DHBW) &#8211; Wirtschaft BWL-Industrie Zitierstil bezahlen?<\/strong><\/p>\n<ul>\n<li><strong>High-quality coding:<\/strong> Der Stil wurde von einem <a href=\"https:\/\/citationstyler.com\/professioneller-zotero-stilentwickler-csl-experte\/\">erfahrenen Zitierstilexperten<\/a> entwickelt und wird st\u00e4ndig aktualisiert.<\/li>\n<li><strong>Exclusivity:<\/strong> The style is <strong>no free<\/strong> and thus offers you the certainty that you are getting a <strong>high-quality<\/strong> product.<\/li>\n<li><strong>Fair price<\/strong> The price for the style is significantly cheaper than the cost of a professional proofreading service.<\/li>\n<li><strong>Support of the developer:<\/strong> By purchasing the style, you support the further development and maintenance of the style.<\/li>\n<\/ul>\n<p>&nbsp;<\/p>\n<p><strong>Order now and benefit from the advantages:<\/strong><\/p>\n<ul>\n<li><strong>Fast delivery:<\/strong> You will receive the style by e-mail immediately after receipt of payment.<\/li>\n<li><strong>Simple installation:<\/strong> The style can be installed in your reference management program with just a few clicks.<\/li>\n<li><strong>Secure payment:<\/strong> Pay conveniently and securely by PayPal or credit card.<\/li>\n<\/ul>\n<h3>FAQ - Frequently Asked Questions<\/h3>\n<p><span style=\"text-decoration: underline;\"><strong>vgl.&#8220; fehlt?<\/strong><\/span><br \/>\nThis can be added in Zotero using the prefix field. To do this, click on the citation in Word and a field will appear to enter the prefix and suffix, as well as the exact page number.<\/p>\n<p><span style=\"text-decoration: underline;\"><strong>My footnote numbering style is incorrect. How can I change it?<\/strong><\/span><br \/>\nThe footnote numbering is NOT managed by the citation style, but by Word. You can therefore change this yourself in Word. The citation style has no control over this. Please seek Word-specific help for this.<\/p>\n<p><span style=\"text-decoration: underline;\"><strong>Wie erstelle ich ein separates Internet, Gespr\u00e4chs etc. Verzeichnis?<\/strong><\/span><br \/>\nDie Richtlinien sehen vor, dass ein separates Verzeichnis f\u00fcr Internetquellen, pers\u00f6nliche Gespr\u00e4chte erstellt wird. Ich habe euch das insofern mit dem Stil leichter gemacht, dass die Quellenarten automatisch f\u00fcr euch sortiert werden. Ganz zum Schluss eurer Arbeit k\u00f6nnt ihr dann eine Kopie des Dokuments erstellen (ganz wichtig!!), dann die Zitierungen entlinken (kann nicht r\u00fcckg\u00e4ngig gemacht werden) und \u00dcberschriften zwischen den Quellenarten einf\u00fcgen.<\/p>\n<p><span style=\"text-decoration: underline;\"><strong>Found an error?<\/strong><\/span><br \/>\nWith complex styles such as this, it can easily lead to discrepancies in special cases. Please consult the citation guidelines first and use a working example to check whether the data is entered <strong>correctly <\/strong>in <strong>Zotero. <\/strong>If it still looks like the style itself has an error, please write to me via <a href=\"mailto:citationstyler@gmail.com\">citationstyler@gmail.com<\/a>.<\/p>\n<p><span style=\"text-decoration: underline;\"><strong>Disclaimer<\/strong><\/span><\/p>\n<p>The file is only intended for use on the computer of the person who purchased the citation style. Forwarding the file to other users may be punished as a copyright infringement. I take no responsibility for problems after the submission of a work. The author is responsible for checking citations and compliance with the guidelines.<\/p>\n<p>Each user is responsible for their work and the correct citations. Incorrect data entry or user applications can lead to errors. As the author of your work, you are responsible for any errors and it is recommended that you check all citations.<\/p>","protected":false},"excerpt":{"rendered":"<h3><strong>No more tedious citation formatting!<\/strong><\/h3>\n<p>With the official\u00a0<b>Duale Hochschule Baden-W\u00fcrttemberg Stuttgart &#8211; Wirtschaft BWL-Industrie<\/b> for Zotero, RefWorks, Papers and other reference managers you'll be able to write your thesis error-free and without headaches.<\/p>\n<p><strong>Benefit from:<\/strong><\/p>\n<ul>\n<li><b>Automatic formatting <\/b>of footnotes <strong>footnotes<\/strong> and <strong>your bibliography<\/strong> am Ende gem\u00e4\u00df der <strong>guidelines\u00a0<\/strong>&#8222;Verbindliche Zitierrichtlinien und Hinweise f\u00fcr das Anfertigen von wissenschaftlichen Arbeiten &#8211; Fakult\u00e4t Wirtschaft &#8211; BWL-Industrie&#8220;<strong> vom <span id=\"isPasted\">Mai 2022<\/span><\/strong><strong>.<\/strong><\/li>\n<li><b>Saving valuable time and stress:<\/b> Forget about hours of manual formatting and concentrate on the essentials: your scientific work.<\/li>\n<li><b>Compatibility with various programs:<\/b> Use the style with Zotero, RefWorks, Papers, Mendeley Desktop and <a href=\"https:\/\/citationstyles.org\/\" target=\"_blank\" rel=\"noopener noreferrer\">many more<\/a> reference managers.<\/li>\n<li><b>Comprehensive support:<\/b> Detailed installation instructions, FAQs and a public library with citation examples will help you to use the style.<\/li>\n<\/ul>","protected":false},"featured_media":4049,"comment_status":"open","ping_status":"closed","template":"","meta":[],"product_cat":[24],"product_tag":[],"class_list":{"0":"post-4109","1":"product","2":"type-product","3":"status-publish","4":"has-post-thumbnail","6":"product_cat-universitaetsstile","8":"first","9":"instock","10":"virtual","11":"taxable","12":"purchasable","13":"product-type-simple"},"_links":{"self":[{"href":"https:\/\/staging.citationstyler.com\/en\/wp-json\/wp\/v2\/product\/4109","targetHints":{"allow":["GET"]}}],"collection":[{"href":"https:\/\/staging.citationstyler.com\/en\/wp-json\/wp\/v2\/product"}],"about":[{"href":"https:\/\/staging.citationstyler.com\/en\/wp-json\/wp\/v2\/types\/product"}],"replies":[{"embeddable":true,"href":"https:\/\/staging.citationstyler.com\/en\/wp-json\/wp\/v2\/comments?post=4109"}],"wp:featuredmedia":[{"embeddable":true,"href":"https:\/\/staging.citationstyler.com\/en\/wp-json\/wp\/v2\/media\/4049"}],"wp:attachment":[{"href":"https:\/\/staging.citationstyler.com\/en\/wp-json\/wp\/v2\/media?parent=4109"}],"wp:term":[{"taxonomy":"product_cat","embeddable":true,"href":"https:\/\/staging.citationstyler.com\/en\/wp-json\/wp\/v2\/product_cat?post=4109"},{"taxonomy":"product_tag","embeddable":true,"href":"https:\/\/staging.citationstyler.com\/en\/wp-json\/wp\/v2\/product_tag?post=4109"}],"curies":[{"name":"wp","href":"https:\/\/api.w.org\/{rel}","templated":true}]}}