{"id":4078,"date":"2024-04-23T17:37:36","date_gmt":"2024-04-23T15:37:36","guid":{"rendered":"https:\/\/staging.citationstyler.com\/?post_type=product&#038;p=4078"},"modified":"2026-03-14T09:29:03","modified_gmt":"2026-03-14T08:29:03","slug":"citation-style-albrechts-universitat-zu-kiel-cau-geographisches-institut","status":"publish","type":"product","link":"https:\/\/staging.citationstyler.com\/en\/styles\/citation-style-albrechts-universitat-zu-kiel-cau-geographisches-institut\/","title":{"rendered":"Zitierstil Christian-Albrechts-Universit\u00e4t zu Kiel (CAU) &#8211; Geographisches Institut"},"content":{"rendered":"<p>Beispielzitierungen:<\/p>\n<p><u>Im Text:<\/u><br \/>\n(<span id=\"isPasted\">Borges<\/span> 1999; Campbell und Pedersen 2007, S. 244\u2013252; CSL search by example 2012; Foderaro 2012; Hanck\u00e9 et al. 2007)<br \/>\n<span id=\"isPasted\">(Mares<\/span> 2001, S. 244\u2013252)<br \/>\n(Isaacson 2011)<br \/>\n(Fincher 1995)<\/p>\n<p><u>Literaturverzeichnis:<br \/>\n<\/u><\/p>\n<div id=\"isPasted\">Borges, J.L. (1999): Selected non-fictions. Weinberger, E. (Hrsg.). 3. Auflage. 1. Bd. New York, NY.<\/div>\n<div>Campbell, J.L. und O.K. Pedersen (2007): The varieties of capitalism and hybrid success. In: Comparative Political Studies 40 (3), S. 307\u2013332.<\/div>\n<div>CSL search by example (2012). URL: https:\/\/editor.citationstyles.org\/searchByExample\/ (Stand: 15.12.2012).<\/div>\n<div>Fincher, D. (1995): Se7en [Crime]. New Line Cinema.<\/div>\n<div>Foderaro, L.W. (2012): Rooftop greenhouse will boost city farming. In: New York Times vom 06.04.2012, S. A20.<\/div>\n<div>Mares, I. (2001): Firms and the welfare state: When, why, and how does social policy matter to employers? In: Hall, P.A. und D. Soskice (Hrsg.): Varieties of capitalism. The institutional foundations of comparative advantage. New York, S. 184\u2013213.<\/div>\n<p id=\"isPasted\" data-sourcepos=\"15:1-15:54\"><strong>Warum f\u00fcr den offiziellen Christian-Albrechts-Universit\u00e4t zu Kiel (CAU) &#8211; Geographisches Institut Zitierstil bezahlen?<\/strong><\/p>\n<ul data-sourcepos=\"17:1-21:0\">\n<li data-sourcepos=\"17:1-17:130\"><strong>Hochwertige Programmierung:<\/strong> Der Stil wurde von einem <a href=\"https:\/\/citationstyler.com\/professioneller-zotero-stilentwickler-csl-experte\/\">erfahrenen Zitierstilexperten<\/a> entwickelt und wird st\u00e4ndig aktualisiert.<\/li>\n<li data-sourcepos=\"18:1-18:161\"><strong>Exklusivit\u00e4t:<\/strong> Der Stil ist <strong>nicht kostenlos<\/strong> erh\u00e4ltlich und bietet Ihnen somit die Gewissheit, dass Sie ein <strong>qualitativ hochwertiges Produkt<\/strong> erwerben.<\/li>\n<li data-sourcepos=\"19:1-19:129\"><strong>Faire Preise:<\/strong> Der Preis f\u00fcr den Stil ist deutlich g\u00fcnstiger als die Kosten f\u00fcr eine professionelle Lektoratsdienstleistung.<\/li>\n<li data-sourcepos=\"20:1-21:0\"><strong>Unterst\u00fctzung des Entwicklers:<\/strong> Mit dem Kauf des Stils unterst\u00fctzen Sie die weitere Entwicklung und Pflege des Stils.<\/li>\n<\/ul>\n<p>&nbsp;<\/p>\n<p id=\"isPasted\" data-sourcepos=\"24:1-24:62\"><strong>Bestellen Sie jetzt und profitieren Sie von den Vorteilen:<\/strong><\/p>\n<ul data-sourcepos=\"26:1-29:0\">\n<li data-sourcepos=\"26:1-26:87\"><strong>Schnelle Lieferung:<\/strong> Du erh\u00e4ltst den Stil sofort nach Zahlungseingang per E-Mail.<\/li>\n<li data-sourcepos=\"27:1-27:119\"><strong>Einfache Installation:<\/strong> Der Stil l\u00e4sst sich mit wenigen Klicks in deinem Literaturverwaltungsprogramm installieren.<\/li>\n<li data-sourcepos=\"28:1-29:0\"><strong>Sichere Bezahlung:<\/strong> Bezahle bequem und sicher per PayPal oder Kreditkarte.<\/li>\n<\/ul>\n<p>&nbsp;<\/p>\n<h2><strong>H\u00e4ufig gestellte Fragen<\/strong><\/h2>\n<p><u><strong>Wie den Zitierstil in Zotero installieren?<\/strong><\/u> (f\u00fcr andere Software bitte den Hersteller konsultieren)<br \/>\n<strong>Option 1:<\/strong> Die Datei doppelt anklicken. Zotero sollte automatisch die .csl Datei erkennen und installieren.<br \/>\n<strong>Option 2<\/strong>: In Zotero auf &#8222;Bearbeiten&#8220; &gt; &#8222;Einstellungen&#8220; &gt; &#8222;Zitieren&#8220; &gt; &#8222;Stile&#8220; gehen. Dort auf das &#8222;+&#8220; klicken und die .csl Datei ausw\u00e4hlen.<\/p>\n<p><u><strong>Wie den Zitierstil in Mendeley Desktop installieren?<\/strong><\/u> (f\u00fcr andere Software bitte den Hersteller konsultieren)<br \/>\n1. In Mendeley, &#8222;View&#8220; &gt; &#8222;Citation Style&#8220; &gt; &#8222;More Styles&#8220;.<br \/>\n2. Dort die heruntergeladene .csl Datei in das Feld ziehen.<br \/>\n3. Jetzt kann der Stil im Word\/LibreOffice Plugin ausgew\u00e4hlt werden.<\/p>\n<p><u><strong>Ich kann den Stil in &#8222;Mendeley Reference Manager\/Mendeley Cite&#8220; nicht installieren?<\/strong><\/u><br \/>\nMit 2020 hat Mendeley eine neue Version, den sog. Mendeley Reference Manager+Mendeley Cite, herausgebracht. Dieser kann aber noch keine Customstile wie diesen hier installieren. Ich empfehle daher entweder &#8222;Mendeley Desktop&#8220; zu benutzen oder direkt auf Zotero umzusteigen. Dieser ist wesentlich besser zu benutzen und hat weitaus besseren Support.<u><\/u><strong id=\"isPasted\"><\/strong><\/p>\n<p><u><strong>Fehler im Stil?<\/strong><\/u><br \/>\nBei komplexen Stilen wie diesem kann es in Spezialf\u00e4llen leicht zu Diskrepanzen f\u00fchren. Bitte konsultieren Sie zuerst die Zitierrichtlinien und \u00fcberpr\u00fcfen sie anhand eines funktionierenden Beispiels, ob die Daten <strong>richtig! <\/strong>in Zotero <strong>eingegeben <\/strong>sind. Falls es dennoch so aussieht, dass der Stil selbst einen Fehler hat, bitte schreiben Sie mir per <a href=\"mailto:citationstyler@gmail.com\">citationstyler@gmail.com<\/a>.<\/p>\n<p><u><strong>Disclaimer<\/strong><\/u><\/p>\n<p>Die Datei ist nur zum Gebrauch auf dem Computer derjenigen Person bestimmt, die den Zitierstil gekauft hat. Das Weiterleiten der Datei an weitere Nutzer kann als Urheberrechtsversto\u00df geahndet werden. Ich \u00fcbernehme keine Verantwortung f\u00fcr Probleme nach der Abgabe einer Arbeit. Der Autor ist selbst f\u00fcr die Kontrolle der Zitierungen und die \u00dcbereinstimmung mit den Richtlinien verantwortlich.<\/p>\n<p>Jeder User ist f\u00fcr seine Arbeit und die korrekten Zitate verantwortlich. Falsche Dateneingabe oder Benutzeranwendungen k\u00f6nnen zu Fehlern sorgen. Als Autor deiner Arbeit bist du f\u00fcr etwaige Fehler selbst verantwortlich und es wird auf die Kontrolle aller Zitate empfohlen.<\/p>\n<p><strong id=\"isPasted\"><\/strong><strong><u>Updates<\/u>:<\/strong> (falls ihr das neueste File hier nicht runterladen k\u00f6nnt, bitte eine kurze Email schicken)<br \/>\n12\/12\/2023: Ersterstellung des Stils<\/p>\n","protected":false},"excerpt":{"rendered":"<h3><strong>No more tedious citation formatting!<\/strong><\/h3>\n<p>With the official\u00a0<strong>Christian-Albrechts-Universit\u00e4t zu Kiel (CAU) &#8211; Geographisches Institut<\/strong> for Zotero, RefWorks, Papers and other reference managers you'll be able to write your thesis error-free and without headaches.<\/p>\n<p id=\"isPasted\" data-sourcepos=\"7:1-7:24\"><strong>Benefit from:<\/strong><\/p>\n<ul>\n<li><b>Automatic formatting <\/b>von Zitaten im Text und Literaturverzeichnis gem\u00e4\u00df der Richtlinien <strong>vom Oktober 2014<\/strong><strong>.<\/strong><\/li>\n<li><b>Saving valuable time and stress:<\/b> Forget about hours of manual formatting and concentrate on the essentials: your scientific work.<\/li>\n<li><b>Compatibility with various programs:<\/b> Use the style with Zotero, RefWorks, Papers, Mendeley Desktop and <a href=\"https:\/\/citationstyles.org\/\" target=\"_blank\" rel=\"noopener noreferrer\">many more<\/a> reference managers.<\/li>\n<li><b>Comprehensive support:<\/b> Detailed installation instructions, FAQs and a public library with citation examples will help you to use the style.<\/li>\n<\/ul>","protected":false},"featured_media":3154,"comment_status":"open","ping_status":"closed","template":"","meta":[],"product_cat":[24],"product_tag":[],"class_list":{"0":"post-4078","1":"product","2":"type-product","3":"status-publish","4":"has-post-thumbnail","6":"product_cat-universitaetsstile","8":"first","9":"instock","10":"virtual","11":"taxable","12":"purchasable","13":"product-type-simple"},"_links":{"self":[{"href":"https:\/\/staging.citationstyler.com\/en\/wp-json\/wp\/v2\/product\/4078","targetHints":{"allow":["GET"]}}],"collection":[{"href":"https:\/\/staging.citationstyler.com\/en\/wp-json\/wp\/v2\/product"}],"about":[{"href":"https:\/\/staging.citationstyler.com\/en\/wp-json\/wp\/v2\/types\/product"}],"replies":[{"embeddable":true,"href":"https:\/\/staging.citationstyler.com\/en\/wp-json\/wp\/v2\/comments?post=4078"}],"wp:featuredmedia":[{"embeddable":true,"href":"https:\/\/staging.citationstyler.com\/en\/wp-json\/wp\/v2\/media\/3154"}],"wp:attachment":[{"href":"https:\/\/staging.citationstyler.com\/en\/wp-json\/wp\/v2\/media?parent=4078"}],"wp:term":[{"taxonomy":"product_cat","embeddable":true,"href":"https:\/\/staging.citationstyler.com\/en\/wp-json\/wp\/v2\/product_cat?post=4078"},{"taxonomy":"product_tag","embeddable":true,"href":"https:\/\/staging.citationstyler.com\/en\/wp-json\/wp\/v2\/product_tag?post=4078"}],"curies":[{"name":"wp","href":"https:\/\/api.w.org\/{rel}","templated":true}]}}