{"id":4068,"date":"2024-04-23T09:40:18","date_gmt":"2024-04-23T07:40:18","guid":{"rendered":"https:\/\/staging.citationstyler.com\/?post_type=product&#038;p=4068"},"modified":"2026-03-14T09:29:03","modified_gmt":"2026-03-14T08:29:03","slug":"citation-style-universitat-duisburg-essen-fakultat-fur-ingenieurwissenschaften","status":"publish","type":"product","link":"https:\/\/staging.citationstyler.com\/en\/styles\/citation-style-universitat-duisburg-essen-fakultat-fur-ingenieurwissenschaften\/","title":{"rendered":"Zitierstil Universit\u00e4t Duisburg-Essen &#8211; Fakult\u00e4t f\u00fcr Ingenieurwissenschaften"},"content":{"rendered":"<h3>Example citations:<\/h3>\n<p><span style=\"text-decoration: underline;\">Footnotes:<\/span><br \/>\n1 Borges (1999); Campbell, Pedersen (2007): 244\u2013252<br \/>\n2 Foderaro (2012); Hanck\u00e9 et al. (2007);<br \/>\n3 Mares (2001): 244\u2013252<br id=\"isPasted\" \/>4 Isaacson (2011); o. V. (2012)<\/p>\n<p><span style=\"text-decoration: underline;\">Bibliography:<\/span><u><br \/>\n<\/u><\/p>\n<div id=\"isPasted\"><em>Borges, Jorge Luis<\/em> (1999): Selected non-fictions, 3. Aufl. Vol. 1. New York, NY: Viking.<\/div>\n<div><em>Campbell, John L.; Pedersen, Ove K.<\/em> (2007): The varieties of capitalism and hybrid success. In: Comparative Political Studies, Vol. 40: 307\u2013332.<\/div>\n<div><em>Foderaro, Lisa W.<\/em> (2012, April 6): Rooftop greenhouse will boost city farming. New York.<\/div>\n<div><em>Hanck\u00e9, Bob; Rhodes, Martin; Thatcher, Mark (Hrsg.)<\/em> (2007): Beyond varieties of capitalism: Conflict, contradiction, and complementarities in the European economy. Oxford and New York, NY: Oxford University Press.<\/div>\n<div><em>Isaacson, Walter<\/em> (2011): Steve Jobs. New York, NY: Simon &amp; Schuster.<\/div>\n<div><em>Mares, Isabela<\/em> (2001): Firms and the welfare state: When, why, and how does social policy matter to employers? In: Hall, P. A., Soskice, D. (Hrsg.): Varieties of capitalism. The institutional foundations of comparative advantage. New York: Oxford University Press: 184\u2013213.<\/div>\n<div><em>O. V.<\/em> (2012): CSL search by example. URL: https:\/\/editor.citationstyles.org\/searchByExample\/, Abruf am 15. Dezember 2012.<\/div>\n<p>&nbsp;<\/p>\n<p id=\"isPasted\" data-sourcepos=\"15:1-15:54\"><strong>Warum f\u00fcr den offiziellen Universit\u00e4t Duisburg-Essen (UDE) &#8211; Fakult\u00e4t f\u00fcr Ingenieurwissenschaften Zitierstil bezahlen?<\/strong><\/p>\n<ul data-sourcepos=\"17:1-21:0\">\n<li data-sourcepos=\"17:1-17:130\"><strong>High-quality coding:<\/strong> Der Stil wurde von einem <a href=\"https:\/\/citationstyler.com\/professioneller-zotero-stilentwickler-csl-experte\/\">erfahrenen Zitierstilexperten<\/a> entwickelt und wird st\u00e4ndig aktualisiert.<\/li>\n<li data-sourcepos=\"18:1-18:161\"><strong>Exclusivity:<\/strong> The style is <strong>no free<\/strong> and thus offers you the certainty that you are getting a <strong>high-quality<\/strong> product.<\/li>\n<li data-sourcepos=\"19:1-19:129\"><strong>Fair price<\/strong> The price for the style is significantly cheaper than the cost of a professional proofreading service.<\/li>\n<li data-sourcepos=\"20:1-21:0\"><strong>Support of the developer:<\/strong> By purchasing the style, you support the further development and maintenance of the style.<\/li>\n<\/ul>\n<p>&nbsp;<\/p>\n<p id=\"isPasted\" data-sourcepos=\"24:1-24:62\"><strong>Order now and benefit from the advantages:<\/strong><\/p>\n<ul data-sourcepos=\"26:1-29:0\">\n<li data-sourcepos=\"26:1-26:87\"><strong>Fast delivery:<\/strong> You will receive the style by e-mail immediately after receipt of payment.<\/li>\n<li data-sourcepos=\"27:1-27:119\"><strong>Simple installation:<\/strong> The style can be installed in your reference management program with just a few clicks.<\/li>\n<li data-sourcepos=\"28:1-29:0\"><strong>Secure payment:<\/strong> Pay conveniently and securely by PayPal or credit card.<\/li>\n<\/ul>\n<p>&nbsp;<\/p>\n<h3>FAQ - Frequently Asked Questions<\/h3>\n<p><span style=\"text-decoration: underline;\"><strong>&#8222;vgl. fehlt?<\/strong><\/span><br \/>\nThis can be added in Zotero using the Prefix field. To do this, click on the citation in Word and a field will appear to add the <strong>pre-<\/strong> and <strong>suffix<\/strong>, as well as the exact <strong>page <\/strong>you want to cite. See the <a href=\"https:\/\/www.zotero.org\/support\/word_processor_plugin_usage\" target=\"_blank\" rel=\"noopener noreferrer\">folgenden<\/a> Artikel.<u><\/u><strong id=\"isPasted\"><\/strong><\/p>\n<p><span style=\"text-decoration: underline;\"><strong>Found an error?<\/strong><\/span><br \/>\nWith complex styles such as this, it can easily lead to discrepancies in special cases. Please consult the citation guidelines first and use a working example to check whether the data is entered <strong>correctly <\/strong>in <strong>Zotero. <\/strong>If it still looks like the style itself has an error, please write to me via <a href=\"mailto:citationstyler@gmail.com\">citationstyler@gmail.com<\/a>.<\/p>\n<p><span style=\"text-decoration: underline;\"><strong>Disclaimer<\/strong><\/span><br \/>\nDie Datei ist nur zum Gebrauch auf dem Computer derjenigen Person bestimmt, die den Zitierstil gekauft hat. Das Weiterleiten der Datei an weitere Nutzer kann als Urheberrechtsversto\u00df geahndet werden. Ich \u00fcbernehme keine Verantwortung f\u00fcr Probleme nach der Abgabe einer Arbeit. Der Autor ist selbst f\u00fcr die Kontrolle der Zitierungen und die \u00dcbereinstimmung mit den Richtlinien verantwortlich. Falsche Dateneingabe oder Benutzeranwendungen k\u00f6nnen zu Fehlern sorgen. Als Autor deiner Arbeit bist du f\u00fcr etwaige Fehler selbst verantwortlich und es wird auf die Kontrolle aller Zitate empfohlen.<\/p>","protected":false},"excerpt":{"rendered":"<h3><strong>No more tedious citation formatting!<\/strong><\/h3>\n<p>With the official\u00a0<strong>Universit\u00e4t Duisburg-Essen (UDE) &#8211; Fakult\u00e4t f\u00fcr Ingenieurwissenschaften<\/strong> for Zotero, RefWorks, Papers and other reference managers you'll be able to write your thesis error-free and without headaches.<\/p>\n<p id=\"isPasted\" data-sourcepos=\"7:1-7:24\"><strong>Benefit from:<\/strong><\/p>\n<ul>\n<li><b>Automatic formatting <\/b>von Fu\u00dfnoten Zitaten im Text und Literaturverzeichnis gem\u00e4\u00df der Richtlinien <strong>vom M\u00e4rz 2020<\/strong><strong>.<\/strong><\/li>\n<li><b>Saving valuable time and stress:<\/b> Forget about hours of manual formatting and concentrate on the essentials: your scientific work.<\/li>\n<li><b>Compatibility with various programs:<\/b> Use the style with Zotero, RefWorks, Papers, Mendeley Desktop and <a href=\"https:\/\/citationstyles.org\/\" target=\"_blank\" rel=\"noopener noreferrer\">many more<\/a> reference managers.<\/li>\n<li><b>Comprehensive support:<\/b> Detailed installation instructions, FAQs and a public library with citation examples will help you to use the style.<\/li>\n<\/ul>","protected":false},"featured_media":4069,"comment_status":"open","ping_status":"closed","template":"","meta":[],"product_cat":[24],"product_tag":[],"class_list":{"0":"post-4068","1":"product","2":"type-product","3":"status-publish","4":"has-post-thumbnail","6":"product_cat-universitaetsstile","8":"first","9":"instock","10":"virtual","11":"taxable","12":"purchasable","13":"product-type-simple"},"_links":{"self":[{"href":"https:\/\/staging.citationstyler.com\/en\/wp-json\/wp\/v2\/product\/4068","targetHints":{"allow":["GET"]}}],"collection":[{"href":"https:\/\/staging.citationstyler.com\/en\/wp-json\/wp\/v2\/product"}],"about":[{"href":"https:\/\/staging.citationstyler.com\/en\/wp-json\/wp\/v2\/types\/product"}],"replies":[{"embeddable":true,"href":"https:\/\/staging.citationstyler.com\/en\/wp-json\/wp\/v2\/comments?post=4068"}],"wp:featuredmedia":[{"embeddable":true,"href":"https:\/\/staging.citationstyler.com\/en\/wp-json\/wp\/v2\/media\/4069"}],"wp:attachment":[{"href":"https:\/\/staging.citationstyler.com\/en\/wp-json\/wp\/v2\/media?parent=4068"}],"wp:term":[{"taxonomy":"product_cat","embeddable":true,"href":"https:\/\/staging.citationstyler.com\/en\/wp-json\/wp\/v2\/product_cat?post=4068"},{"taxonomy":"product_tag","embeddable":true,"href":"https:\/\/staging.citationstyler.com\/en\/wp-json\/wp\/v2\/product_tag?post=4068"}],"curies":[{"name":"wp","href":"https:\/\/api.w.org\/{rel}","templated":true}]}}