{"id":4048,"date":"2024-04-22T12:22:01","date_gmt":"2024-04-22T10:22:01","guid":{"rendered":"https:\/\/staging.citationstyler.com\/?post_type=product&#038;p=4048"},"modified":"2026-03-14T09:29:03","modified_gmt":"2026-03-14T08:29:03","slug":"citation-style-duale-hochschule-baden-wurttemberg-ravensburg-fakultat-wirtschaft-bwl-industrie","status":"publish","type":"product","link":"https:\/\/staging.citationstyler.com\/en\/styles\/citation-style-duale-hochschule-baden-wurttemberg-ravensburg-fakultat-wirtschaft-bwl-industrie\/","title":{"rendered":"Zitierstil Duale Hochschule Baden-W\u00fcrttemberg Ravensburg &#8211; Fakult\u00e4t Wirtschaft, BWL-Industrie"},"content":{"rendered":"<h2>Example citations:<\/h2>\n<p><span style=\"text-decoration: underline;\">Footnotes:<\/span><br \/>\n1 Mares 2001, S. 244\u2013252; Campbell\/Pedersen 2007, o. S.<br id=\"isPasted\" \/>2 Vgl. Isaacson 2011, o. S.<br \/>\n3 O. V. 2012, o. S.<\/p>\n<p><span style=\"text-decoration: underline;\">Bibliography:<\/span><br \/>\n<strong>Ahlquist, J. S.; Breunig, C. (2009)<\/strong>: Country clustering in comparative political economy. MPIfG Discussion Paper Nr. 09\u20135, Max-Planck Institute for the Study of Societies, Cologne<br \/>\n<strong>Campbell, J. L.; Pedersen, O. K. (2007)<\/strong>: The varieties of capitalism and hybrid success. In: Comparative Political Studies, 40. Jg., Nr. 3, S. 307\u2013332, https:\/\/journals.sagepub.com\/doi\/abs\/10.1177\/0010414006286542 (Abruf: 26.7.2010)<br \/>\n<strong>Foderaro, L. W. (2012)<\/strong>: Rooftop greenhouse will boost city farming. In: New York Times vom 06.04.2012, S. A20<br \/>\n<strong>Hanck\u00e9, B.; Rhodes, M.; Thatcher, M. (Hrsg.) (2007)<\/strong>: Beyond varieties of capitalism: Conflict, contradiction, and complementarities in the European economy. Oxford and New York, NY<br \/>\n<strong>Mares, I. (2001)<\/strong>: Firms and the welfare state: When, why, and how does social policy matter to employers? In: Hall, P. A.; Soskice, D. (Hrsg.): Varieties of capitalism. The institutional foundations of comparative advantage. New York, S. 184\u2013213<br \/>\n<strong>O. V. (2012)<\/strong>: CSL search by example. Citation Style Editor, https:\/\/editor.citationstyles.org\/searchByExample\/ (Abruf: 15.12.2012)<\/p>\n<p>&nbsp;<\/p>\n<p><strong>Warum f\u00fcr den offiziellen DHBW Ravensburg &#8211; Wirtschaft, BWL-Industrie Zitierstil bezahlen?<\/strong><\/p>\n<ul>\n<li><strong>High-quality coding:<\/strong> Der Stil wurde von einem <a href=\"https:\/\/citationstyler.com\/professioneller-zotero-stilentwickler-csl-experte\/\">erfahrenen Zitierstilexperten<\/a> entwickelt und wird st\u00e4ndig aktualisiert.<\/li>\n<li><strong>Exclusivity:<\/strong> The style is <strong>no free<\/strong> and thus offers you the certainty that you are getting a <strong>high-quality<\/strong> product.<\/li>\n<li><strong>Fair price<\/strong> The price for the style is significantly cheaper than the cost of a professional proofreading service.<\/li>\n<li><strong>Support of the developer:<\/strong> By purchasing the style, you support the further development and maintenance of the style.<\/li>\n<\/ul>\n<p>&nbsp;<\/p>\n<p><strong>Order now and benefit from the advantages:<\/strong><\/p>\n<ul>\n<li data-sourcepos=\"26:1-26:87\"><strong>Fast delivery:<\/strong> You will receive the style by e-mail immediately after receipt of payment.<\/li>\n<li data-sourcepos=\"27:1-27:119\"><strong>Simple installation:<\/strong> The style can be installed in your reference management program with just a few clicks.<\/li>\n<li data-sourcepos=\"28:1-29:0\"><strong>Secure payment:<\/strong> Pay conveniently and securely by PayPal or credit card.<\/li>\n<\/ul>\n<p>&nbsp;<\/p>\n<h2>Notes about the style<\/h2>\n<p><strong><span style=\"text-decoration: underline;\">Die Richtlinien sehen 2 Dinge vor, die mit CSLnicht umsetzbar sind (kann aber manuell vor Abgabe nachgearbeitet werden):<\/span><\/strong><br \/>\n1. Eine unterschiedliche Darstellung von Quellen basierend auf der Sprache, z.B. &#8222;Vol. 33&#8220; vs &#8222;Jg. 33&#8220;.<br \/>\n2. Eine Unterscheidung zwischen gedruckten Zeitungsartikeln vs online ver\u00f6ffentlichten, um sie im Internetverzeichnis aufzunehmen.<\/p>\n<p><span style=\"text-decoration: underline;\"><strong>&#8222;vgl. fehlt?<\/strong><\/span><br \/>\nThis can be added in Zotero using the Prefix field. To do this, click on the citation in Word and a field will appear to add the <strong>pre-<\/strong> and <strong>suffix<\/strong>, as well as the exact <strong>page <\/strong>you want to cite. See the <a href=\"https:\/\/www.zotero.org\/support\/word_processor_plugin_usage\" target=\"_blank\" rel=\"noopener noreferrer\">folgenden<\/a> Artikel.<\/p>\n<p><span style=\"text-decoration: underline;\"><strong>&#8222;o. V.&#8220; wird nicht mit kleinem &#8222;o&#8220; geschrieben?<\/strong><\/span><br \/>\nDer Stil hat das kleine o richtig einprogrammiert. Es kann aber sein, dass dein Schreibprogramm (Word, LibreOffice&#8230;) eine automatische Gro\u00dfschreibung am Satzanfang hat. Dies kann sehr wahrscheinlich abgeschalten werden. Hierzu bitte den Herausgeber der jeweiligen Software kontaktieren, da dies au\u00dferhalb dieses Stiles lieg.<\/p>\n<p><span style=\"text-decoration: underline;\"><strong>My footnote numbering style is incorrect. How can I change it?<\/strong><\/span><br \/>\nThe footnote numbering is NOT managed by the citation style, but by Word. You can therefore change this yourself in Word. The citation style has no control over this. Please seek Word-specific help for this.<\/p>\n<p><span style=\"text-decoration: underline;\"><strong>Wie erstelle ich separate Verzeichnisse f\u00fcr die verschiedenen Arten der Quellen?<\/strong><\/span><br \/>\nDie Richtlinien sehen vor, dass ein separates Verzeichnis f\u00fcr Internetquellen und legalen Texten erstellt wird. Ich habe euch das insofern mit dem Stil leichter gemacht, dass die verschienden Quellenarten bereits automatisch richtig sortiert werden (Internetseiten, Legales vs. der Rest). Ganz zum Schluss eurer Arbeit k\u00f6nnt ihr dann eine <strong>Kopie <\/strong>des Dokuments erstellen (ganz wichtig!!), dann die Zitierungen entlinken (kann nicht r\u00fcckg\u00e4ngig gemacht werden) und die verschiedenen Quellen k\u00f6nnen abgetrennt werden und mit einer neuen \u00dcberschrift versehen werden.<\/p>\n<p><span style=\"text-decoration: underline;\"><strong>Found an error?<\/strong><\/span><br \/>\nWith complex styles such as this, it can easily lead to discrepancies in special cases. Please consult the citation guidelines first and use a working example to check whether the data is entered <strong>correctly <\/strong>in <strong>Zotero. <\/strong>If it still looks like the style itself has an error, please write to me via <a href=\"mailto:citationstyler@gmail.com\">citationstyler@gmail.com<\/a>.<\/p>\n<p>The file is only intended for use on the computer of the person who purchased the citation style. Forwarding the file to other users may be punished as a copyright infringement. I take no responsibility for problems after the submission of a work. The author is responsible for checking citations and compliance with the guidelines.<\/p>\n<p>Each user is responsible for their work and the correct citations. Incorrect data entry or user applications can lead to errors. As the author of your work, you are responsible for any errors and it is recommended that you check all citations.<\/p>","protected":false},"excerpt":{"rendered":"<h3>No more tedious citation formatting!<\/h3>\n<p>With the official <strong>Citation style for the Baden-W\u00fcrttemberg Cooperative State University Ravensburg \u2013 Faculty of Economics, Business Administration Industry<\/strong>for Zotero, RefWorks, Papers and other reference management programs, you can create your thesis quickly and error-free.<\/p>\n<p><strong>Benefit from:<\/strong><\/p>\n<ul>\n<li><strong>Automatic formatting <\/strong>of footnotes and bibliography according to the <strong>aktuellen Richtlinien vom Oktober 2023.<\/strong><\/li>\n<li><strong>Saving valuable time and stress:<\/strong> Forget about hours of manual formatting and concentrate on the essentials: your scientific work.<\/li>\n<li><strong>Compatibility with various programs:<\/strong> Use the style with Zotero, RefWorks, Papers, Mendeley Desktop and <a href=\"https:\/\/citationstyles.org\/\" target=\"_blank\" rel=\"noopener noreferrer\">many more<\/a> reference managers.<\/li>\n<li><strong>Comprehensive support:<\/strong> Detailed installation instructions, FAQs and a public library with citation examples will help you to use the style.<\/li>\n<\/ul>","protected":false},"featured_media":4049,"comment_status":"open","ping_status":"closed","template":"","meta":[],"product_cat":[24],"product_tag":[],"class_list":{"0":"post-4048","1":"product","2":"type-product","3":"status-publish","4":"has-post-thumbnail","6":"product_cat-universitaetsstile","8":"first","9":"instock","10":"virtual","11":"taxable","12":"purchasable","13":"product-type-simple"},"_links":{"self":[{"href":"https:\/\/staging.citationstyler.com\/en\/wp-json\/wp\/v2\/product\/4048","targetHints":{"allow":["GET"]}}],"collection":[{"href":"https:\/\/staging.citationstyler.com\/en\/wp-json\/wp\/v2\/product"}],"about":[{"href":"https:\/\/staging.citationstyler.com\/en\/wp-json\/wp\/v2\/types\/product"}],"replies":[{"embeddable":true,"href":"https:\/\/staging.citationstyler.com\/en\/wp-json\/wp\/v2\/comments?post=4048"}],"wp:featuredmedia":[{"embeddable":true,"href":"https:\/\/staging.citationstyler.com\/en\/wp-json\/wp\/v2\/media\/4049"}],"wp:attachment":[{"href":"https:\/\/staging.citationstyler.com\/en\/wp-json\/wp\/v2\/media?parent=4048"}],"wp:term":[{"taxonomy":"product_cat","embeddable":true,"href":"https:\/\/staging.citationstyler.com\/en\/wp-json\/wp\/v2\/product_cat?post=4048"},{"taxonomy":"product_tag","embeddable":true,"href":"https:\/\/staging.citationstyler.com\/en\/wp-json\/wp\/v2\/product_tag?post=4048"}],"curies":[{"name":"wp","href":"https:\/\/api.w.org\/{rel}","templated":true}]}}