{"id":13220,"date":"2025-06-04T16:52:09","date_gmt":"2025-06-04T14:52:09","guid":{"rendered":"https:\/\/staging.citationstyler.com\/?post_type=product&#038;p=13220"},"modified":"2026-03-14T09:29:01","modified_gmt":"2026-03-14T08:29:01","slug":"zitierstil-duale-hochschule-baden-wuerttemberg-mannheim-wirtschaft-spedition-transport-logistik","status":"publish","type":"product","link":"https:\/\/staging.citationstyler.com\/en\/styles\/zitierstil-duale-hochschule-baden-wuerttemberg-mannheim-wirtschaft-spedition-transport-logistik\/","title":{"rendered":"Zitierstil Duale Hochschule Baden-W\u00fcrttemberg Mannheim &#8211; Wirtschaft: Spedition, Transport und Logistik"},"content":{"rendered":"<h3>Example citations:<\/h3>\n<p><span style=\"text-decoration: underline;\">Fu\u00dfnoten (Kurzbeleg):<\/span><br \/>\n1 Mares, 2001, S. 244\u2013252; Campbell\/Pedersen, 2007<br id=\"isPasted\" \/>2 Vgl. Isaacson, 2011.<br \/>\n3 O. V., 2012, o. S.<br \/>\n4. Ahlquist, 2009, S. 33<\/p>\n<p><span style=\"text-decoration: underline;\">Bibliography:<br \/>\n<\/span>Ahlquist, J. S.\/Breunig, C. (2009): Country clustering in comparative political economy, 2009<br \/>\nBorges, J. L. (1999): Selected Non-Fictions, New York 1999<br \/>\nCampbell, J. L.\/Pedersen, O. K. (2007): The Varieties of Capitalism and Hybrid Success, In: Comparative Political Studies, 40. Jg. (2007), Heft 3, S. 303\u2013323<br \/>\nHawking, S. (1966): Properties of expanding universes, Doctoral Thesis, o. O. 1966, 1966<br \/>\nIsaacson, W. (2011): Steve Jobs, 2. Auflage, New York, NY 2011<br \/>\nMares, I. (2001): The Institutional Foundations of Comparative Advantage, in: Hall, P. A.\/Soskice, D. (Hrsg.): Varieties of capitalism. The institutional foundations of comparative advantage, 3. Auflage, New York 2001, S. 184\u2013213<br \/>\nO. V. (2017): CSL Search by Example, Citation Style Editor, URL: https:\/\/editor.citationstyles.org\/searchByExample\/ 10.08.2017<\/p>\n<div><\/div>\n<p><strong>Warum f\u00fcr den offiziellen Duale Hochschule Baden-W\u00fcrttemberg Mannheim &#8211; Wirtschaft: Spedition, Transport und Logistik Zitierstil bezahlen?<\/strong><\/p>\n<ul>\n<li><strong>High-quality coding:<\/strong> Der Stil wurde von einem <a href=\"https:\/\/citationstyler.com\/professioneller-zotero-stilentwickler-csl-experte\/\">erfahrenen Zitierstilexperten<\/a> entwickelt und wird st\u00e4ndig aktualisiert.<\/li>\n<li><strong>Exclusivity:<\/strong> The style is <strong>no free<\/strong> and thus offers you the certainty that you are getting a <strong>high-quality<\/strong> product.<\/li>\n<li><strong>Fair price<\/strong> The price for the style is significantly cheaper than the cost of a professional proofreading service.<\/li>\n<li><strong>Support of the developer:<\/strong> By purchasing the style, you support the further development and maintenance of the style.<\/li>\n<\/ul>\n<p>&nbsp;<\/p>\n<p><strong>Order now and benefit from the advantages:<\/strong><\/p>\n<ul>\n<li><strong>Fast delivery:<\/strong> You will receive the style by e-mail immediately after receipt of payment.<\/li>\n<li><strong>Simple installation:<\/strong> The style can be installed in your reference management program with just a few clicks.<\/li>\n<li><strong>Secure payment:<\/strong> Pay conveniently and securely by PayPal or credit card.<\/li>\n<\/ul>\n<h3><\/h3>\n<h3>FAQ - Frequently Asked Questions<\/h3>\n<p><span style=\"text-decoration: underline;\"><strong>My footnote numbering style is incorrect. How can I change it?<\/strong><\/span><br \/>\nDie Fu\u00dfnotennumerierung wird NICHT vom Zitierstil verwaltet, sondern von Word. Dies m\u00fcsst ihr demnach selbst in Word umstellen. Der Zitierstil hat dar\u00fcber keine Kontrolle. Hierzu bitte Word-spezifische Hilfestellungen aufsuchen. In diesem Artikel erkl\u00e4re ich auch, wie du die <a href=\"https:\/\/staging.citationstyler.com\/en\/knowledge\/how-to-change-footnote-numbering-in-word\/\" target=\"_blank\" rel=\"noopener\">Fu\u00dfnotennumerierung \u00e4nderst<\/a>.<\/p>\n<p><span style=\"text-decoration: underline;\"><strong>vgl.&#8220; fehlt?<\/strong><\/span><br \/>\nThis can be added in Zotero using the prefix field. To do this, click on the citation in Word and a field will appear to enter the prefix and suffix, as well as the exact page number.<\/p>\n<p><span style=\"text-decoration: underline;\"><strong>How can I generate a separate bibliography for internet sources?<\/strong><\/span><u><strong><br \/>\n<\/strong><\/u>Die Richtlinien sehen vor, dass ein separates Verzeichnis f\u00fcr Interviews erstellt wird. Ich habe euch das insofern mit dem Stil leichter gemacht, dass die verschienden Quellenarten bereits automatisch richtig sortiert werden (Interviews vs. der Rest). Ganz zum Schluss eurer Arbeit k\u00f6nnt ihr dann eine <strong>Kopie <\/strong>des Dokuments erstellen (ganz wichtig!!), dann die Zitierungen entlinken (kann nicht r\u00fcckg\u00e4ngig gemacht werden) und die verschiedenen Quellen k\u00f6nnen abgetrennt werden und mit einer neuen \u00dcberschrift versehen werden.<\/p>\n<p><span style=\"text-decoration: underline;\"><strong>Wie gebe ich ein Expertengespr\u00e4ch in Zotero korrekt ein?<\/strong><\/span><u><strong><br \/>\n<\/strong><\/u>Um den Firmennamen und -sitz zu erhalten k\u00f6nnen diese ins Extrafeld folgenderma\u00dfen eingegeben werden:<br \/>\npublisher: Werk Forchheim II, Siemens AG<br \/>\npublisher-place: Erlangen<\/p>\n<p><span style=\"text-decoration: underline;\"><strong>Die Richtlinien sehen vor, dass ein doppelter Abstand zwischen unterschiedlichen Buchstaben im Literaturverzeichnis gemacht wird?<\/strong><\/span><u><strong><br \/>\n<\/strong><\/u>Das ist technisch leider nicht m\u00f6glich, kann aber vor Abgabe der Arbeit noch kurz manuell nachgearbeitet werden. Eine Kopie(!) des Dokumentes machen, Zitate entlinken und Abst\u00e4nde einf\u00fcgen.<\/p>\n<p><span style=\"text-decoration: underline;\"><strong>Found an error?<\/strong><\/span><br \/>\nWith complex styles such as this, it can easily lead to discrepancies in special cases. Please consult the citation guidelines first and use a working example to check whether the data is entered <strong>correctly <\/strong>in <strong>Zotero. <\/strong>If it still looks like the style itself has an error, please write to me via <a href=\"mailto:citationstyler@gmail.com\">citationstyler@gmail.com<\/a>.<\/p>\n<p><span style=\"text-decoration: underline;\"><strong>Disclaimer<\/strong><\/span><u><strong><br \/>\n<\/strong><\/u>The file is only intended for use on the computer of the person who purchased the citation style. Forwarding the file to other users may be punished as a copyright infringement.<\/p>\n<p>Each user is responsible for their work and the correct citations. Incorrect data entry or user applications can lead to errors. As the author of your work, you are responsible for any errors and it is recommended that you check all citations.<\/p>","protected":false},"excerpt":{"rendered":"<h3>No more tedious citation formatting!<\/h3>\n<p>With the official <b>Duale Hochschule Baden-W\u00fcrttemberg (DHBW) Mannheim &#8211; Wirtschaft: Spedition, Transport und Logistik\u00a0<\/b>for Zotero, RefWorks, Papers and other reference managers you'll be able to write your thesis error-free and without headaches.<\/p>\n<p><strong>Benefit from:<\/strong><\/p>\n<ul>\n<li><b>Automatic formatting <\/b>by <strong>footnotes<\/strong>\u00a0and <strong>your bibliography<\/strong> am Ende. Zur Erstellung des Stils habe ich mich auf die &#8222;Richtlinien zur Gestaltung wissenschaftlicher Arbeiten&#8220; in der <strong>Version vom <u>Februar 2021<\/u><\/strong>\u00a0<span id=\"isPasted\">\u00a0<\/span>.<\/li>\n<li><b>Saving valuable time and stress:<\/b> Forget about hours of manual formatting and concentrate on the essentials: your scientific work.<\/li>\n<li><b>Compatibility with various programs:<\/b> Use the style with Zotero, RefWorks, Papers, Mendeley Desktop and <a href=\"https:\/\/citationstyles.org\/\" target=\"_blank\" rel=\"noopener noreferrer\">many more<\/a> reference managers.<\/li>\n<li><b>Comprehensive support:<\/b> Detailed installation instructions, FAQs and a public library with citation examples will help you to use the style.<\/li>\n<\/ul>","protected":false},"featured_media":4049,"comment_status":"open","ping_status":"closed","template":"","meta":[],"product_cat":[24],"product_tag":[],"class_list":{"0":"post-13220","1":"product","2":"type-product","3":"status-publish","4":"has-post-thumbnail","6":"product_cat-universitaetsstile","8":"first","9":"instock","10":"virtual","11":"taxable","12":"purchasable","13":"product-type-simple"},"_links":{"self":[{"href":"https:\/\/staging.citationstyler.com\/en\/wp-json\/wp\/v2\/product\/13220","targetHints":{"allow":["GET"]}}],"collection":[{"href":"https:\/\/staging.citationstyler.com\/en\/wp-json\/wp\/v2\/product"}],"about":[{"href":"https:\/\/staging.citationstyler.com\/en\/wp-json\/wp\/v2\/types\/product"}],"replies":[{"embeddable":true,"href":"https:\/\/staging.citationstyler.com\/en\/wp-json\/wp\/v2\/comments?post=13220"}],"wp:featuredmedia":[{"embeddable":true,"href":"https:\/\/staging.citationstyler.com\/en\/wp-json\/wp\/v2\/media\/4049"}],"wp:attachment":[{"href":"https:\/\/staging.citationstyler.com\/en\/wp-json\/wp\/v2\/media?parent=13220"}],"wp:term":[{"taxonomy":"product_cat","embeddable":true,"href":"https:\/\/staging.citationstyler.com\/en\/wp-json\/wp\/v2\/product_cat?post=13220"},{"taxonomy":"product_tag","embeddable":true,"href":"https:\/\/staging.citationstyler.com\/en\/wp-json\/wp\/v2\/product_tag?post=13220"}],"curies":[{"name":"wp","href":"https:\/\/api.w.org\/{rel}","templated":true}]}}