{"id":82,"date":"2023-04-19T16:28:52","date_gmt":"2023-04-19T14:28:52","guid":{"rendered":"https:\/\/staging.citationstyler.com\/?page_id=82"},"modified":"2026-04-16T13:18:47","modified_gmt":"2026-04-16T11:18:47","slug":"about","status":"publish","type":"page","link":"https:\/\/staging.citationstyler.com\/en\/about\/","title":{"rendered":"About"},"content":{"rendered":"<div class=\"brz-root__container brz-reset-all brz brz-root__container-page\">\n<section id=\"_hgofxbdayqducnlabfqfelpmtzqlmlgetgva\" class=\"brz-section brz-css-1m405di\">\n<div class=\"brz-section__content brz-section--boxed brz-css-1sx5k1y brz-css-1rkn5tm\" data-brz-custom-id=\"ryckzlboobjxtnyuguxfyggzcdxqatdotcyz\">\n<div class=\"brz-container brz-css-1jgp36a\">\n<div class=\"brz-row__container brz-css-zdpc22\" data-brz-custom-id=\"nmpxjssgklygxydnpbgryqpfhkyloytjafhb\">\n<div class=\"brz-bg\"><\/div>\n<div class=\"brz-row brz-css-e4e15j brz-css-17buky\">\n<div class=\"brz-columns brz-css-1qm2e7m brz-css-1viz7ui brz-animated brz-css-5ilgiu brz-css-1d9thuk\" data-brz-iteration-count=\"1\" data-brz-custom-id=\"nnupfphbiupjhdiwpsbqdwvylsfjsfioivbe\">\n<div class=\"brz-columns__scroll-effect brz-motion--effects\" data-motion-scroll-transparency=\"%7B%22scrollStep%22%3A5%2C%22direction%22%3A%22out%22%2C%22viewport%22%3A%7B%22top%22%3A0%2C%22bottom%22%3A100%7D%7D\" data-motion-responsive=\"%5B%7B%22breakpoint%22%3A991%2C%22settings%22%3A%7B%22scroll%22%3A%5B%7B%22type%22%3A%22transparency%22%2C%22direction%22%3A%22out%22%2C%22scrollStep%22%3A5%2C%22viewport%22%3A%7B%22top%22%3A0%2C%22bottom%22%3A100%7D%7D%5D%7D%7D%2C%7B%22breakpoint%22%3A767%2C%22settings%22%3A%7B%22scroll%22%3A%5B%7B%22type%22%3A%22transparency%22%2C%22direction%22%3A%22out%22%2C%22scrollStep%22%3A5%2C%22viewport%22%3A%7B%22top%22%3A0%2C%22bottom%22%3A100%7D%7D%5D%7D%7D%5D\">\n<div class=\"brz-bg\"><\/div>\n<div class=\"brz-column__items brz-css-1gfdlqq brz-css-jin8ej\">\n<div id=\"\" class=\"brz-css-xhmvgx brz-wrapper\">\n<div class=\"brz-image brz-css-1r3xt9e brz-css-1tf5arh\" data-brz-custom-id=\"dwhkonatdozygyikifhztcaxqloyhhquvqhm\"><img decoding=\"async\" class=\"brz-img brz-img-svg\" src=\"https:\/\/staging.citationstyler.com\/wp-content\/uploads\/2023\/04\/elegent-man-vecteezy.svg\" alt=\"\" \/><\/div>\n<\/div>\n<\/div>\n<\/div>\n<\/div>\n<div class=\"brz-columns brz-css-1qm2e7m brz-css-1la0ywc brz-animated brz-css-11cyms2 brz-css-teo42j\" data-brz-iteration-count=\"1\" data-brz-custom-id=\"kblxeyekrkerdopxtmsmjcmevwqkkvxacpaw\">\n<div class=\"brz-bg\"><\/div>\n<div class=\"brz-column__items brz-css-1gfdlqq brz-css-1pnn68g\">\n<div id=\"\" class=\"brz-css-xhmvgx brz-wrapper\">\n<div class=\"brz-rich-text brz-rich-text__custom brz-css-1rptof5\" data-brz-custom-id=\"sipfpsufyxwrlhtudclgauyjupyaybinwtnp\">\n<div data-brz-translate-text=\"1\">\n<h1 class=\"brz-tp-lg-heading1 brz-mt-lg-2 brz-css-mUVGU\" data-generated-css=\"brz-css-nlpyo\" data-uniq-id=\"agdme\">\u00dcber Patrick O&#8217;Brien<\/h1>\n<\/div>\n<\/div>\n<\/div>\n<div id=\"\" class=\"brz-css-xhmvgx brz-wrapper\">\n<div class=\"brz-rich-text brz-rich-text__custom brz-css-1rptof5\" data-brz-custom-id=\"vvnxogtzbgmmedddhtmhpwionxeaijvjepfh\">\n<div data-brz-translate-text=\"1\">\n<p class=\"brz-mb-lg-20 brz-tp-lg-abovetitle brz-css-aOCqo\" data-uniq-id=\"e2N6M\" data-generated-css=\"brz-css-z990s\"><span class=\"brz-cp-color1\">Gr\u00fcnder von citationstyler.com. CSL und Zotero Experte. <\/span><\/p>\n<\/div>\n<\/div>\n<\/div>\n<div id=\"\" class=\"brz-css-xhmvgx brz-wrapper\">\n<div class=\"brz-rich-text brz-rich-text__custom brz-css-1rptof5\" data-brz-custom-id=\"lnipvqxogvdrhrskqezciytccxtqzydvgcmf\">\n<div data-brz-translate-text=\"1\">\n<p class=\"brz-ff-montserrat brz-ft-google brz-fs-lg-23 brz-fss-lg-px brz-fw-lg-500 brz-ls-lg-0 brz-lh-lg-1_8 brz-tp-lg-paragraph brz-css-poIGu\" data-generated-css=\"brz-css-fhGlR\" data-uniq-id=\"afVWG\"><span class=\"brz-cp-color7\">Mein Name ist <\/span><strong class=\"brz-cp-color7\">Patrick<\/strong> <strong class=\"brz-cp-color7\">O&#8217;Brien<\/strong><span class=\"brz-cp-color7\">, und genau wie du stand ich vor mittlerweilen einigen Jahren (2009) vor dem Problem, dass meine Uni einen bestimmten Zitierstil vorgeschrieben hatte, den ich nirgendwo finden konnte. Demnach hab ich mir m\u00fchseeligst die <\/span><a class=\"link--external brz-cp-color7\" href=\"https:\/\/citationstyles.org\/\" data-brz-link-type=\"external\" target=\"_blank\" rel=\"noopener\"><strong>Citation Style Language<\/strong><\/a> <span class=\"brz-cp-color7\">(CSL) beigebracht und einen Stil f\u00fcr mich und meine Mitstudierenden kreirt. Das ging dann weiter mit einem Stil f\u00fcr ein Journal, wo ich ein Paper meiner Doktorarbeit eingereicht habe und mit der Zeit hab ich nun weit \u00fcber 1.000 solcher Stile f\u00fcr Journals kostenlos bereitgestellt und bin einer der <\/span><strong class=\"brz-cp-color7\">Hauptkontributoren <\/strong><span class=\"brz-cp-color7\">im CSL Team und Zotero Experte in der Community.<\/span><\/p>\n<p class=\"brz-ff-montserrat brz-ft-google brz-fs-lg-23 brz-fss-lg-px brz-fw-lg-500 brz-ls-lg-0 brz-lh-lg-1_8 brz-tp-lg-paragraph brz-css-nbhaD\" data-generated-css=\"brz-css-jRh_Z\" data-uniq-id=\"mtHiR\">\n<p class=\"brz-ff-montserrat brz-ft-google brz-fs-lg-23 brz-fss-lg-px brz-fw-lg-500 brz-ls-lg-0 brz-lh-lg-1_8 brz-tp-lg-paragraph brz-css-dzCAn\" data-generated-css=\"brz-css-f8kBY\" data-uniq-id=\"oN3cv\"><span class=\"brz-cp-color7\">Mit den angebotenen Stilen <\/span><strong class=\"brz-cp-color7\">schlie\u00dfe ich eine L\u00fccke<\/strong><span class=\"brz-cp-color7\"> f\u00fcr euch, die sonst leider nur sehr beschwerlich zu schlie\u00dfen ist. <\/span><\/p>\n<\/div>\n<\/div>\n<\/div>\n<div id=\"\" class=\"brz-css-xhmvgx brz-css-jw3qod brz-wrapper\">\n<div class=\"brz-spacer brz-css-1ddofir brz-css-1mftp3h\"><\/div>\n<\/div>\n<div class=\"brz-row__container brz-css-zdpc22\" data-brz-custom-id=\"yfobbxnifacsqqtamqbhgfztyerqmsvckxrm\">\n<div class=\"brz-bg\"><\/div>\n<div class=\"brz-row brz-row--inner brz-css-e4e15j brz-css-17buky\">\n<div class=\"brz-columns brz-css-1qm2e7m brz-css-qbhz6q\" data-brz-custom-id=\"yigjmynncregbryntajwgpbbmlcnoicqmlvb\">\n<div class=\"brz-bg\"><\/div>\n<div class=\"brz-column__items brz-css-1gfdlqq brz-css-hl4qly\">\n<div id=\"\" class=\"brz-css-xhmvgx brz-wrapper\">\n<div class=\"brz-rich-text brz-rich-text__custom brz-css-1rptof5\" data-brz-custom-id=\"vdroneiabyntmhjecjultjqkcdvegbqxpyim\">\n<div data-brz-translate-text=\"1\">\n<h6 class=\"brz-tp-lg-heading6 brz-css-wJn2x\" data-generated-css=\"brz-css-zpgwi\" data-uniq-id=\"ovpma\">LinkedIn Profil<\/h6>\n<\/div>\n<\/div>\n<\/div>\n<\/div>\n<\/div>\n<div class=\"brz-columns brz-css-1qm2e7m brz-css-1fxqg07\" data-brz-custom-id=\"arzzvvnvsnmaompruhyefehsehcbdnnyuktm\">\n<div class=\"brz-bg\"><\/div>\n<div class=\"brz-column__items brz-css-1gfdlqq\">\n<div id=\"\" class=\"brz-css-xhmvgx brz-wrapper\">\n<div class=\"brz-rich-text brz-rich-text__custom brz-css-1rptof5\" data-brz-custom-id=\"ojwcshrgnugyyktmpkttcoocwkfofoblkmfq\">\n<div data-brz-translate-text=\"1\">\n<h5 class=\"brz-tp-lg-heading5 brz-css-kHFp5\" data-generated-css=\"brz-css-ewmay\" data-uniq-id=\"bqsai\"><a class=\"brz-cp-color2 link--external\" href=\"https:\/\/www.linkedin.com\/in\/pobrienphd\/\" target=\"_blank\" rel=\"noopener\" data-brz-link-type=\"external\">https:\/\/www.linkedin.com\/in\/pobrienphd\/<\/a><\/h5>\n<\/div>\n<\/div>\n<\/div>\n<\/div>\n<\/div>\n<\/div>\n<\/div>\n<div class=\"brz-row__container brz-css-zdpc22\" data-brz-custom-id=\"heyrkfyarivasvnsjeerozxmhxkiowmgeoam\">\n<div class=\"brz-bg\"><\/div>\n<div class=\"brz-row brz-row--inner brz-css-e4e15j brz-css-17buky\">\n<div class=\"brz-columns brz-css-1qm2e7m brz-css-1tbmdzp\" data-brz-custom-id=\"ibrskumtoatfgzlswikmxxsnpnccltktoehp\">\n<div class=\"brz-bg\"><\/div>\n<div class=\"brz-column__items brz-css-1gfdlqq brz-css-1qktt00\">\n<div id=\"\" class=\"brz-css-xhmvgx brz-wrapper\">\n<div class=\"brz-rich-text brz-rich-text__custom brz-css-1rptof5\" data-brz-custom-id=\"kflkfwaljagtmnktnbazotkucnmfyspavbyj\">\n<div data-brz-translate-text=\"1\">\n<h6 class=\"brz-tp-lg-heading6 brz-css-xbGe4\" data-uniq-id=\"ubygs\" data-generated-css=\"brz-css-isrop\"><span class=\"brz-cp-color2\">GitHub Profil:<\/span><\/h6>\n<\/div>\n<\/div>\n<\/div>\n<\/div>\n<\/div>\n<div class=\"brz-columns brz-css-1qm2e7m brz-css-bem99f\" data-brz-custom-id=\"boffhawayudkprlywbxowfeqcrmwdhuxwwli\">\n<div class=\"brz-bg\"><\/div>\n<div class=\"brz-column__items brz-css-1gfdlqq\">\n<div id=\"\" class=\"brz-css-xhmvgx brz-wrapper\">\n<div class=\"brz-rich-text brz-rich-text__custom brz-css-1rptof5\" data-brz-custom-id=\"fserbqwcngcsjzjxskvymaynonqrkqmsqddm\">\n<div data-brz-translate-text=\"1\">\n<h5 class=\"brz-tp-lg-heading5 brz-css-kiz6y\" data-generated-css=\"brz-css-qemeq\" data-uniq-id=\"fttgg\"><a class=\"brz-cp-color2 link--external\" href=\"https:\/\/github.com\/POBrien333\" target=\"_blank\" rel=\"noopener\" data-brz-link-type=\"external\">https:\/\/github.com\/POBrien333<\/a><\/h5>\n<\/div>\n<\/div>\n<\/div>\n<\/div>\n<\/div>\n<\/div>\n<\/div>\n<\/div>\n<\/div>\n<\/div>\n<\/div>\n<\/div>\n<\/div>\n<\/section>\n<section id=\"_otrhrybrnimoitczrwqmfapasgookjsijxcl\" class=\"brz-section brz-css-1m405di\">\n<div class=\"brz-section__content brz-section--boxed brz-css-1sx5k1y brz-css-jabwyu\" data-brz-custom-id=\"ozfjlinfglfyhrqeqgbdyrxsgxsxpifsbtoy\">\n<div class=\"brz-container brz-css-1jgp36a\">\n<div class=\"brz-row__container brz-css-zdpc22\" data-brz-custom-id=\"xumljrbwvqthhgoiowoixtlehrkfqsgfhblb\">\n<div class=\"brz-bg\"><\/div>\n<div class=\"brz-row brz-css-e4e15j brz-css-17buky\">\n<div class=\"brz-columns brz-css-1qm2e7m brz-css-2h0c30\" data-brz-custom-id=\"sloepyojylbjkpixopxilnmstdhfyurejhgo\">\n<div class=\"brz-bg\"><\/div>\n<div class=\"brz-column__items brz-css-1gfdlqq brz-css-c2y99j\">\n<div id=\"\" class=\"brz-css-xhmvgx brz-wrapper\">\n<div class=\"brz-rich-text brz-rich-text__custom brz-css-1rptof5\" data-brz-custom-id=\"leeknhbsttxcrpwnetniozfpedrcjoatflsh\">\n<div data-brz-translate-text=\"1\">\n<h3 class=\"brz-tp-lg-heading3 brz-css-rTHOX\" data-generated-css=\"brz-css-ztwgm\" data-uniq-id=\"takwg\"><span class=\"brz-cp-color2\">\u201cHaving to [write] footnotes resembles having to go downstairs to answer the door while in the midst of making love.\u201d \u2015 Noel Coward<\/span><\/h3>\n<\/div>\n<\/div>\n<\/div>\n<div id=\"\" class=\"brz-css-xhmvgx brz-css-jw3qod brz-css-otunv4 brz-wrapper\">\n<div class=\"brz-spacer brz-css-1ddofir brz-css-sbgl2f\"><\/div>\n<\/div>\n<\/div>\n<\/div>\n<div class=\"brz-columns brz-css-1qm2e7m brz-css-2cnadx\" data-brz-custom-id=\"dydymlyjomawzsxqbducejajjsednkgzmuof\">\n<div class=\"brz-column__items brz-css-1gfdlqq brz-css-1du9rld\">\n<div id=\"\" class=\"brz-css-xhmvgx brz-wrapper\">\n<div class=\"brz-rich-text brz-rich-text__custom brz-css-1rptof5\" data-brz-custom-id=\"smnluvzdjvmkxmkdiipyqsfyqvkvvnbgfhwj\">\n<div data-brz-translate-text=\"1\">\n<p class=\"brz-tp-lg-paragraph brz-css-uja5W\" data-uniq-id=\"cpqrc\" data-generated-css=\"brz-css-wuslf\"><span class=\"brz-cp-color7\">F\u00fcr Unis biete ich euch hier Stile in meinem Shop an. Mit ein paar <\/span><strong class=\"brz-cp-color7\">wenigen Klicks<\/strong><span class=\"brz-cp-color7\"> k\u00f6nnt ihr den Stil installieren und auf euer Dokument <\/span><\/p>\n<p class=\"brz-tp-lg-paragraph brz-css-psuNO\" data-uniq-id=\"teqgp\" data-generated-css=\"brz-css-rlfux\"><span class=\"brz-cp-color7\">anwenden und loslegen. Sofern eure Daten korrekt eingegeben sind werden eure Zitate und Bibliographie korrekt ausgedruckt. Ich lege sehr viel Wert auf die <\/span><strong class=\"brz-cp-color7\">Richtigkeit <\/strong><span class=\"brz-cp-color7\">der Stile.<\/span><\/p>\n<p class=\"brz-tp-lg-paragraph brz-css-tj1rE\" data-uniq-id=\"bdyuh\" data-generated-css=\"brz-css-pzcjx\">\n<p class=\"brz-tp-lg-paragraph brz-css-qJdLq\" data-uniq-id=\"praee\" data-generated-css=\"brz-css-kptuz\"><span class=\"brz-cp-color7\">Bitte achtet beim Kauf darauf , dass ihr auch genau den Stil kauft, den ihr auch braucht. Ich gebe immer die <\/span><strong class=\"brz-cp-color7\">Richtlinien <\/strong><span class=\"brz-cp-color7\">und <\/span><strong class=\"brz-cp-color7\">Version <\/strong><span class=\"brz-cp-color7\">an, auf die ich mich beziehe, und <\/span><strong class=\"brz-cp-color7\">konkrete Beispiele<\/strong><span class=\"brz-cp-color7\">, die mit dem Stil in Word erzeugt worden sind. Falls du dir dennoch nicht sicher bist oder du einen <\/span><strong class=\"brz-cp-color7\">Stil suchst<\/strong><span class=\"brz-cp-color7\">, den ich noch nicht im Shop habe, kannst du mir jederzeit schreiben.<\/span><\/p>\n<\/div>\n<\/div>\n<\/div>\n<div class=\"brz-wrapper-clone brz-css-1djcffz\">\n<div class=\"brz-d-xs-flex brz-flex-xs-wrap brz-css-lp76g3 brz-css-17vc5gi\" data-brz-custom-id=\"\">\n<div id=\"otqhtxvuajhhewljlnzqqsvohoalmsvzwaky\" class=\"brz-wrapper-clone__item\"><a class=\"brz-a brz-btn brz-css-zag70v brz-css-1b1ahh2 brz-css-g5c4yv brz-css-mzejqc\" href=\"\/kontakt\/\" target=\"_self\" rel=\"noopener\" data-brz-link-type=\"external\" data-brz-custom-id=\"otqhtxvuajhhewljlnzqqsvohoalmsvzwaky\"><span class=\"brz-span brz-text__editor\" data-brz-translate-text=\"1\">KONTAKT<\/span><\/a><\/div>\n<\/div>\n<\/div>\n<\/div>\n<\/div>\n<\/div>\n<\/div>\n<\/div>\n<\/div>\n<\/section>\n<\/div>\n<p><!-- version:1737115554 --><\/p>\n","protected":false},"excerpt":{"rendered":"<p>Citation Styler (Patrick) has been one of the main contributors to CSL citation styles over the last 10 years.<\/p>","protected":false},"author":1,"featured_media":1002,"parent":0,"menu_order":0,"comment_status":"closed","ping_status":"closed","template":"brizy-blank-template.php","meta":{"footnotes":""},"class_list":["post-82","page","type-page","status-publish","has-post-thumbnail","hentry"],"blocksy_meta":[],"brizy_media":[{"id":298,"url":"https:\/\/staging.citationstyler.com\/wp-content\/uploads\/2023\/04\/elegent-man-vecteezy.svg","name":"elegent-man-vecteezy.svg","meta":{"brizy_attachment_uid":"wp-75de5b58d17aa686a69a3029779a3fce.svg","brizy_post_uid":["1d0a6abaf6b84d044e5d046c3b7f17be","7fdab81abe9009c285d503d8e3baecb6"]}}],"_links":{"self":[{"href":"https:\/\/staging.citationstyler.com\/en\/wp-json\/wp\/v2\/pages\/82","targetHints":{"allow":["GET"]}}],"collection":[{"href":"https:\/\/staging.citationstyler.com\/en\/wp-json\/wp\/v2\/pages"}],"about":[{"href":"https:\/\/staging.citationstyler.com\/en\/wp-json\/wp\/v2\/types\/page"}],"author":[{"embeddable":true,"href":"https:\/\/staging.citationstyler.com\/en\/wp-json\/wp\/v2\/users\/1"}],"replies":[{"embeddable":true,"href":"https:\/\/staging.citationstyler.com\/en\/wp-json\/wp\/v2\/comments?post=82"}],"version-history":[{"count":0,"href":"https:\/\/staging.citationstyler.com\/en\/wp-json\/wp\/v2\/pages\/82\/revisions"}],"wp:featuredmedia":[{"embeddable":true,"href":"https:\/\/staging.citationstyler.com\/en\/wp-json\/wp\/v2\/media\/1002"}],"wp:attachment":[{"href":"https:\/\/staging.citationstyler.com\/en\/wp-json\/wp\/v2\/media?parent=82"}],"curies":[{"name":"wp","href":"https:\/\/api.w.org\/{rel}","templated":true}]}}