{"id":6421,"date":"2024-06-11T16:35:06","date_gmt":"2024-06-11T14:35:06","guid":{"rendered":"https:\/\/staging.citationstyler.com\/?page_id=6421"},"modified":"2026-04-16T13:18:10","modified_gmt":"2026-04-16T11:18:10","slug":"partner","status":"publish","type":"page","link":"https:\/\/staging.citationstyler.com\/en\/partner\/","title":{"rendered":"Partners"},"content":{"rendered":"<div class=\"brz brz-root__container brz-reset-all brz-root__container-page\">\n<section id=\"kVKtBHVP8Uzv_kVKtBHVP8Uzv\" class=\"brz-section brz-css-d-section brz-css-19bspdi\">\n<div class=\"brz-section__content brz-section--boxed brz-css-d-sectionitem-bg brz-css-1xa660f\" data-brz-custom-id=\"s1mqxJKTk7MQ\">\n<div class=\"brz-container brz-css-d-sectionitem-container brz-css-6yp2c1\">\n<div id=\"\" class=\"brz-css-d-wrapper brz-css-jy9dmt brz-wrapper\">\n<div class=\"brz-rich-text brz-rich-text__custom brz-css-d-richtext brz-css-g9qs36\" data-brz-custom-id=\"i63tW2aDOhoJ\">\n<div data-brz-translate-text=\"1\">\n<h1 class=\"brz-text-lg-justify brz-tp-lg-heading1 brz-css-kfA93\" data-generated-css=\"brz-css-j44Yb\" data-uniq-id=\"bFf5k\">Our Partners<\/h1>\n<\/div>\n<\/div>\n<\/div>\n<div id=\"\" class=\"brz-css-d-wrapper brz-css-i6ycmw brz-wrapper\">\n<div class=\"brz-rich-text brz-rich-text__custom brz-css-d-richtext brz-css-xb2lds\" data-brz-custom-id=\"vsS88r8TOai4\">\n<div data-brz-translate-text=\"1\">\n<p class=\"brz-text-lg-left brz-tp-lg-paragraph brz-css-oPHP3\" data-generated-css=\"brz-css-qH2Ug\" data-uniq-id=\"np54t\"><span class=\"brz-cp-color2\">Here at citationstyler.com we don't work alone, of course. Thanks to great partners, we can offer students and academics a broad network on the subjects of studying, academic work, part-time study and more.<\/span><\/p>\n<p class=\"brz-text-lg-left brz-tp-lg-paragraph brz-css-jmbbZ\" data-generated-css=\"brz-css-lmljK\" data-uniq-id=\"ywcCi\"><span class=\"brz-cp-color2\">If you are interested in a collaboration or even want to earn money as an affiliate, you can find more information at <\/span><a class=\"brz-cp-color1 link--page\" href=\"https:\/\/staging.citationstyler.com\/en\/collaborations-and-partner-programme\/\" data-brz-link-type=\"page\"><u>Collaborations &amp; Partner Programme<\/u><\/a><span class=\"brz-cp-color2\">.<\/span><\/p>\n<\/div>\n<\/div>\n<\/div>\n<div id=\"\" class=\"brz-css-d-wrapper brz-css-1a3xov4 brz-wrapper\">\n<div class=\"brz-line brz-line-default brz-css-d-line brz-css-1s03ary\" data-brz-custom-id=\"ark7JuHF7Ylx\">\n<hr class=\"brz-hr\"><\/div>\n<\/div>\n<div id=\"\" class=\"brz-css-d-wrapper brz-css-r-wrapper brz-css-10u9rve brz-wrapper\">\n<div class=\"brz-spacer brz-css-d-spacer brz-css-navvqb\"><\/div>\n<\/div>\n<div class=\"brz-row__container brz-css-d-row-row brz-css-lss41s\" data-brz-custom-id=\"eDcdiyGlJwWe\">\n<div class=\"brz-row brz-css-d-row-container brz-css-r-row-container brz-css-117dige\">\n<div class=\"brz-columns brz-css-d-column-column brz-css-7xaq9j\" data-brz-custom-id=\"fTTDPjRyvvsO\">\n<div class=\"brz-column__items brz-css-d-column-bg brz-css-n36wsa\">\n<div id=\"\" class=\"brz-css-d-wrapper brz-css-e42xra brz-wrapper\">\n<div class=\"brz-rich-text brz-rich-text__custom brz-css-d-richtext brz-css-1xbfmp0\" data-brz-custom-id=\"jUvCkyY9zvHn\">\n<div data-brz-translate-text=\"1\">\n<h6 class=\"brz-text-xs-right brz-text-lg-right brz-tp-lg-heading6 brz-css-dWeUX\" data-uniq-id=\"uNSl0\" data-generated-css=\"brz-css-jCmZc\"><a class=\"link--external\" href=\"https:\/\/www.rockyourstudium.de\/\" data-brz-link-type=\"external\" rel=\"nofollow noopener\" target=\"_blank\">www.rockyourstudium.de<\/a><\/h6>\n<\/div>\n<\/div>\n<\/div>\n<div id=\"\" class=\"brz-css-d-wrapper brz-css-u1bm39 brz-wrapper\">\n<div class=\"brz-image brz-css-d-image-t8fz48kqla0t-parent brz-css-1edygdc\" data-brz-custom-id=\"t8Fz48kqlA0t\"><a class=\"brz-a\" target=\"_self\" rel=\"noopener nofollow\" href=\"https:\/\/www.rockyourstudium.de\/\" data-brz-link-type=\"external\"><img decoding=\"async\" class=\"brz-img\" src=\"https:\/\/staging.citationstyler.com\/wp-content\/uploads\/brizy\/imgs\/logo-rockyourstudium-mit-schriftzug-200x34x0x0x200x34x1718115403.jpg\" loading=\"lazy\" title=\"Rock Your Studium Partner\"><\/a><\/div>\n<\/div>\n<\/div>\n<\/div>\n<div class=\"brz-columns brz-css-d-column-column brz-css-1x5ygou\" data-brz-custom-id=\"eBPaHePMX0JL\">\n<div class=\"brz-column__items brz-css-d-column-bg brz-css-1ccwwm3\">\n<div id=\"\" class=\"brz-css-d-wrapper brz-css-17h58pz brz-wrapper\">\n<div class=\"brz-rich-text brz-rich-text__custom brz-css-d-richtext brz-css-1sbbcl4\" data-brz-custom-id=\"nvrrUBICEFB3\">\n<div data-brz-translate-text=\"1\">\n<p class=\"brz-tp-lg-paragraph brz-css-ng9Cj\" data-uniq-id=\"m2RcU\" data-generated-css=\"brz-css-kFSOg\"><span class=\"brz-cp-color2\">Patricia von <\/span><strong class=\"brz-cp-color2\">rockyourstudium.de <\/strong><span class=\"brz-cp-color2\">hilft euch rund ums Thema &#8222;Berufsbegleitendes Studium&#8220;. Als Studentin an der FOM Hochschule wollte sie anderen StudetenInnen helfen und hat mit ihren Erfahrungen aus erster Hand ein Kompendium an n\u00fctzlichen Artikeln rund ums Thema Organisation, Dissertation und Study-Life Balance.<\/span><\/p>\n<\/div>\n<\/div>\n<\/div>\n<\/div>\n<\/div>\n<\/div>\n<\/div>\n<div id=\"\" class=\"brz-css-d-wrapper brz-css-r-wrapper brz-css-3t9t7x brz-wrapper\">\n<div class=\"brz-spacer brz-css-d-spacer brz-css-1rlzrfm\"><\/div>\n<\/div>\n<div class=\"brz-row__container brz-css-d-row-row brz-css-bgs8d8\" data-brz-custom-id=\"bwuM3DYY4O6Y\">\n<div class=\"brz-row brz-css-d-row-container brz-css-r-row-container brz-css-s5mwqx\">\n<div class=\"brz-columns brz-css-d-column-column brz-css-f8h7me\" data-brz-custom-id=\"lozJ9vxwvEgi\">\n<div class=\"brz-column__items brz-css-d-column-bg brz-css-ebextr\">\n<div id=\"\" class=\"brz-css-d-wrapper brz-css-1vjha9f brz-wrapper\">\n<div class=\"brz-rich-text brz-rich-text__custom brz-css-d-richtext brz-css-guy2sx\" data-brz-custom-id=\"irUF7HSxX4mU\">\n<div data-brz-translate-text=\"1\">\n<h6 class=\"brz-text-lg-right brz-tp-lg-heading6 brz-css-y7WuF\" data-generated-css=\"brz-css-yZEKJ\" data-uniq-id=\"gkG56\"><a class=\"link--external\" href=\"https:\/\/martinaklinkowski.de\/\" data-brz-link-type=\"external\" rel=\"nofollow noopener\" target=\"_blank\">martinaklinkowski.de<\/a><\/h6>\n<\/div>\n<\/div>\n<\/div>\n<div id=\"\" class=\"brz-css-d-wrapper brz-css-1voxksd brz-wrapper\">\n<div class=\"brz-image brz-css-d-image-galguuczuqir-parent brz-css-1akd756\" data-brz-custom-id=\"galgUUcZUQIr\"><a class=\"brz-a\" target=\"_self\" rel=\"noopener nofollow\" href=\"https:\/\/martinaklinkowski.de\/\" data-brz-link-type=\"external\"><img decoding=\"async\" class=\"brz-img\" src=\"https:\/\/staging.citationstyler.com\/?brizy_media=wp-d96bf103e0e9daa623a34f5f2e27a3e1.png&amp;brizy_crop=iW%3D200%26iH%3D54%26oX%3D0%26oY%3D0%26cW%3D200%26cH%3D54\" loading=\"lazy\" title=\"Logo martinaklinkowski.de\"><\/a><\/div>\n<\/div>\n<\/div>\n<\/div>\n<div class=\"brz-columns brz-css-d-column-column brz-css-1mgh0vp\" data-brz-custom-id=\"kvAaP8K410W6\">\n<div class=\"brz-column__items brz-css-d-column-bg brz-css-1aa2qhy\">\n<div id=\"\" class=\"brz-css-d-wrapper brz-css-3e4qts brz-wrapper\">\n<div class=\"brz-rich-text brz-rich-text__custom brz-css-d-richtext brz-css-1kk0r01\" data-brz-custom-id=\"ls18lwukoKoE\">\n<div data-brz-translate-text=\"1\">\n<p class=\"brz-tp-lg-paragraph brz-css-jK8er\" data-uniq-id=\"iyfyQ\" data-generated-css=\"brz-css-bOIUt\"><span class=\"brz-cp-color2\">Martina hat einen tollen Blog auf <\/span><strong class=\"brz-cp-color2\">martinaklinkowski.de<\/strong><span class=\"brz-cp-color2\">, in dem es haupts\u00e4chlich um das Thema der Nutzung von Zotero als Zettelkasten System geht und hat umfangreiche Anleitungen, wie man <\/span><strong class=\"brz-cp-color2\">Obsidian <\/strong><span class=\"brz-cp-color2\">with <\/span><strong class=\"brz-cp-color2\">Zotero <\/strong><span class=\"brz-cp-color2\">integriert.<\/span><\/p>\n<\/div>\n<\/div>\n<\/div>\n<\/div>\n<\/div>\n<\/div>\n<\/div>\n<div id=\"\" class=\"brz-css-d-wrapper brz-css-r-wrapper brz-css-1eymxzt brz-wrapper\">\n<div class=\"brz-spacer brz-css-d-spacer brz-css-11r7li1\"><\/div>\n<\/div>\n<div class=\"brz-row__container brz-css-d-row-row brz-css-1tmbk93\" data-brz-custom-id=\"rQI1U71w_tte\">\n<div class=\"brz-row brz-css-d-row-container brz-css-9av5on\">\n<div class=\"brz-columns brz-css-d-column-column brz-css-lolswf\" data-brz-custom-id=\"hsD3W3RWZ3mj\">\n<div class=\"brz-column__items brz-css-d-column-bg brz-css-vwjy7u\">\n<div id=\"\" class=\"brz-css-d-wrapper brz-css-1b3whlp brz-wrapper\">\n<div class=\"brz-rich-text brz-rich-text__custom brz-css-d-richtext brz-css-192d50s\" data-brz-custom-id=\"gxJ7dwe71LOE\">\n<div data-brz-translate-text=\"1\">\n<h6 class=\"brz-tp-lg-heading6 brz-text-lg-right brz-css-cGyh5\" data-uniq-id=\"yvmsM\" data-generated-css=\"brz-css-q901X\"><a class=\"link--external\" href=\"https:\/\/statistik-und-beratung.de\" data-brz-link-type=\"external\" target=\"_blank\" rel=\"noreferrer noopener\">statistik-und-beratung.de<\/a><\/h6>\n<\/div>\n<\/div>\n<\/div>\n<div id=\"\" class=\"brz-css-d-wrapper brz-css-1ncfuff brz-wrapper\">\n<div class=\"brz-image brz-css-d-image-tpwqnfcxugow-parent brz-css-9ing0v\" data-brz-custom-id=\"tPwQnFCxUgoW\"><a class=\"brz-a\" target=\"_blank\" rel=\"noopener noreferrer\" href=\"https:\/\/statistik-und-beratung.de\/\" data-brz-link-type=\"external\"><img decoding=\"async\" class=\"brz-img\" src=\"https:\/\/staging.citationstyler.com\/wp-content\/uploads\/brizy\/imgs\/statistik-und-beratungde-schwarz-200x109x0x0x200x109x1718117024.png\" loading=\"lazy\" title=\"statistik-und-beratungde-schwarz\"><\/a><\/div>\n<\/div>\n<\/div>\n<\/div>\n<div class=\"brz-columns brz-css-d-column-column brz-css-lvjon8\" data-brz-custom-id=\"vU8vN4ibfiPL\">\n<div class=\"brz-column__items brz-css-d-column-bg brz-css-vc63zb\">\n<div id=\"\" class=\"brz-css-d-wrapper brz-css-1ybptem brz-wrapper\">\n<div class=\"brz-rich-text brz-rich-text__custom brz-css-d-richtext brz-css-jmwdxh\" data-brz-custom-id=\"ruxdxQc_RJU8\">\n<div data-brz-translate-text=\"1\">\n<p class=\"brz-tp-lg-paragraph brz-css-akPW_\" data-generated-css=\"brz-css-peoFa\" data-uniq-id=\"g6Gq5\"><span class=\"brz-cp-color2\">Daniela von <\/span><a class=\"brz-cp-color2 link--external\" href=\"https:\/\/statistik-und-beratung.de\/\" data-brz-link-type=\"external\" target=\"_blank\" rel=\"noreferrer noopener\"><strong>statistik-und-beratung.de<\/strong><\/a><span class=\"brz-cp-color2\"> ist eine leidenschaftliche <\/span><strong class=\"brz-cp-color2\">Statistik<\/strong><span class=\"brz-cp-color2\">-Expertin und kann dir durch die Wirren der statistischen Datenanalyse helfen.<\/span><\/p>\n<\/div>\n<\/div>\n<\/div>\n<\/div>\n<\/div>\n<\/div>\n<\/div>\n<div id=\"\" class=\"brz-css-d-wrapper brz-css-r-wrapper brz-css-1fcrj6p brz-wrapper\">\n<div class=\"brz-spacer brz-css-d-spacer brz-css-1qv3epi\"><\/div>\n<\/div>\n<div class=\"brz-row__container brz-css-d-row-row brz-css-1mxdfgi\" data-brz-custom-id=\"eSwIeAvBdMuy\">\n<div class=\"brz-row brz-css-d-row-container brz-css-1qtn91x\">\n<div class=\"brz-columns brz-css-d-column-column brz-css-mxp87e\" data-brz-custom-id=\"zt7AHGsSEJf6\">\n<div class=\"brz-column__items brz-css-d-column-bg brz-css-iux5c4\">\n<div id=\"\" class=\"brz-css-d-wrapper brz-css-et8ahk brz-wrapper\">\n<div class=\"brz-rich-text brz-rich-text__custom brz-css-d-richtext brz-css-wiz76p\" data-brz-custom-id=\"cb0ln4ZZXOlY\">\n<div data-brz-translate-text=\"1\">\n<h6 class=\"brz-tp-lg-heading6 brz-text-lg-right brz-css-jAQfp\" data-uniq-id=\"iWz0P\" data-generated-css=\"brz-css-iat5P\"><a class=\"link--external\" href=\"https:\/\/studycrumb.com\/\" data-brz-link-type=\"external\" target=\"_blank\" rel=\"noopener\">studycrumb.com<\/a><\/h6>\n<\/div>\n<\/div>\n<\/div>\n<div id=\"\" class=\"brz-css-d-wrapper brz-css-1erovl0 brz-wrapper\">\n<div class=\"brz-image brz-css-d-image-ef0mmuvfveet-parent brz-css-z8gkmy\" data-brz-custom-id=\"ef0mMUVfvEET\"><a class=\"brz-a\" target=\"_self\" rel=\"noopener\" href=\"https:\/\/studycrumb.com\/\" data-brz-link-type=\"external\"><img decoding=\"async\" class=\"brz-img\" src=\"https:\/\/staging.citationstyler.com\/wp-content\/uploads\/brizy\/imgs\/StudyCrumb-200x200x0x45x200x109x1730801057.png\" loading=\"lazy\" title=\"StudyCrumb Logo\"><\/a><\/div>\n<\/div>\n<\/div>\n<\/div>\n<div class=\"brz-columns brz-css-d-column-column brz-css-bscsn7\" data-brz-custom-id=\"aQq5nwUtLnml\">\n<div class=\"brz-column__items brz-css-d-column-bg brz-css-1wvlrx1\">\n<div id=\"\" class=\"brz-css-d-wrapper brz-css-9audwc brz-wrapper\">\n<div class=\"brz-rich-text brz-rich-text__custom brz-css-d-richtext brz-css-5rgvbh\" data-brz-custom-id=\"fzcd5gguIWUB\">\n<div data-brz-translate-text=\"1\">\n<p class=\"brz-tp-lg-paragraph brz-css-dE_i2\" data-generated-css=\"brz-css-sSkoy\" data-uniq-id=\"uvO_k\"><span class=\"brz-cp-color2\">Eine Ghostwriting Agentur bietet Studierenden eine breite Auswahl wissenschaftlicher Schreibdienstleistungen. Die Agentur <\/span><strong class=\"brz-cp-color2\">StudyCrumb<\/strong><span class=\"brz-cp-color2\"> hilft Studenten, denen das Schreiben schwer f\u00e4llt, Texte f\u00fcr sie zu pr\u00fcfen oder gleich ganz zu schreiben.<\/span><\/p>\n<\/div>\n<\/div>\n<\/div>\n<\/div>\n<\/div>\n<\/div>\n<\/div>\n<div id=\"\" class=\"brz-css-d-wrapper brz-css-r-wrapper brz-css-1fl1v3f brz-wrapper\">\n<div class=\"brz-spacer brz-css-d-spacer brz-css-cnv82m\"><\/div>\n<\/div>\n<div class=\"brz-row__container brz-css-d-row-row brz-css-10fojx8\" data-brz-custom-id=\"ekPJtruKNENp\">\n<div class=\"brz-row brz-css-d-row-container brz-css-yyqlii\">\n<div class=\"brz-columns brz-css-d-column-column brz-css-16j1nl\" data-brz-custom-id=\"jvkeOkBKpZb7\">\n<div class=\"brz-column__items brz-css-d-column-bg brz-css-1wwxrvq\">\n<div id=\"\" class=\"brz-css-d-wrapper brz-css-dmjzbr brz-wrapper\">\n<div class=\"brz-rich-text brz-rich-text__custom brz-css-d-richtext brz-css-bve7ut\" data-brz-custom-id=\"voGBdxP9nxre\">\n<div data-brz-translate-text=\"1\">\n<h6 class=\"brz-text-lg-right brz-tp-lg-heading6 brz-css-jCh2i\" data-generated-css=\"brz-css-iCi5n\" data-uniq-id=\"yypjT\"><a class=\"link--external\" href=\"https:\/\/academify.de\/\" data-brz-link-type=\"external\" target=\"_blank\" rel=\"noreferrer noopener\">academify.de<\/a><\/h6>\n<\/div>\n<\/div>\n<\/div>\n<div id=\"\" class=\"brz-css-d-wrapper brz-css-1jxn0fe brz-wrapper\">\n<div class=\"brz-image brz-css-d-image-dlntfm_idepy-parent brz-css-xv0xuc\" data-brz-custom-id=\"dLNtFm_IDepy\"><a class=\"brz-a\" target=\"_blank\" rel=\"noopener noreferrer\" href=\"https:\/\/academify.de\/\" data-brz-link-type=\"external\"><img decoding=\"async\" class=\"brz-img brz-img-svg\" src=\"https:\/\/staging.citationstyler.com\/wp-content\/uploads\/2024\/07\/Academify.svg\" loading=\"lazy\" title=\"Academify\"><\/a><\/div>\n<\/div>\n<\/div>\n<\/div>\n<div class=\"brz-columns brz-css-d-column-column brz-css-l9ywlv\" data-brz-custom-id=\"zIYawxAdBD4a\">\n<div class=\"brz-column__items brz-css-d-column-bg brz-css-11d1wmx\">\n<div id=\"\" class=\"brz-css-d-wrapper brz-css-hcyche brz-wrapper\">\n<div class=\"brz-rich-text brz-rich-text__custom brz-css-d-richtext brz-css-15d1rs9\" data-brz-custom-id=\"hSjFABL1m2rb\">\n<div data-brz-translate-text=\"1\">\n<p class=\"brz-tp-lg-paragraph brz-css-xHj8M\" data-uniq-id=\"uDM7W\" data-generated-css=\"brz-css-hnavH\"><span class=\"brz-cp-color2\">Heute freuen wir uns, Ihnen eine Ghostwriting Agentur vorzustellen, die als f\u00fchrender Anbieter professioneller Schreibdienstleistungen gilt: <\/span><strong class=\"brz-cp-color2\">Academify<\/strong><span class=\"brz-cp-color2\">. Ihre Mission ist es, euch erstklassige und individuell zugeschnittene Texte zu liefern, die exakt euren Bed\u00fcrfnissen und Vorstellungen entsprechen.<\/span><\/p>\n<\/div>\n<\/div>\n<\/div>\n<\/div>\n<\/div>\n<\/div>\n<\/div>\n<div id=\"\" class=\"brz-css-d-wrapper brz-css-r-wrapper brz-css-l9106s brz-wrapper\">\n<div class=\"brz-spacer brz-css-d-spacer brz-css-1y9ghe3\"><\/div>\n<\/div>\n<\/div>\n<\/div>\n<\/section><\/div>\n<p><!-- version:1763842335 --><\/p>","protected":false},"excerpt":{"rendered":"<p>Here at citationstyler.com I have great partners who can help you with your studies and academic work.<\/p>","protected":false},"author":1,"featured_media":6448,"parent":0,"menu_order":0,"comment_status":"closed","ping_status":"closed","template":"brizy-blank-template.php","meta":{"footnotes":""},"class_list":["post-6421","page","type-page","status-publish","has-post-thumbnail","hentry"],"blocksy_meta":[],"brizy_media":[{"id":6425,"url":"https:\/\/staging.citationstyler.com\/wp-content\/uploads\/2024\/06\/logo-rockyourstudium-mit-schriftzug.jpg","name":"logo-rockyourstudium-mit-schriftzug.jpg","meta":{"brizy_attachment_uid":"wp-d6441f3c5dae5cde2ac17c42d25cc953.jpg","brizy_post_uid":["bbe9eddd7737f05d254e074462f20e08"]}},{"id":6426,"url":"https:\/\/staging.citationstyler.com\/wp-content\/uploads\/2024\/06\/little-stickyde.png?t=1776350751","name":"little-stickyde.png","meta":{"brizy_attachment_uid":"wp-d96bf103e0e9daa623a34f5f2e27a3e1.png","brizy_post_uid":["bbe9eddd7737f05d254e074462f20e08"]}},{"id":6467,"url":"https:\/\/staging.citationstyler.com\/wp-content\/uploads\/2024\/06\/statistik-und-beratungde-schwarz-scaled.png","name":"statistik-und-beratungde-schwarz.png","meta":{"brizy_attachment_uid":"wp-d511a9e07f7270c24440641d583e367c.png","brizy_post_uid":["bbe9eddd7737f05d254e074462f20e08"]}},{"id":6501,"url":"https:\/\/staging.citationstyler.com\/wp-content\/uploads\/2024\/06\/studi-kompasscom.svg","name":"studi-kompasscom.svg","meta":{"brizy_attachment_uid":"wp-29d52f0e6160ee886d9214e7e909e56c.svg","brizy_post_uid":["bbe9eddd7737f05d254e074462f20e08"]}},{"id":6536,"url":"https:\/\/staging.citationstyler.com\/wp-content\/uploads\/2024\/06\/StudyCrumb.png","name":"StudyCrumb.png","meta":{"brizy_attachment_uid":"wp-fae202b2fb630893405f98db778c6c7a.png","brizy_post_uid":["bbe9eddd7737f05d254e074462f20e08"]}},{"id":7940,"url":"https:\/\/staging.citationstyler.com\/wp-content\/uploads\/2024\/07\/Academify.svg","name":"Academify.svg","meta":{"brizy_attachment_uid":"wp-0d4f585b0503edd8d1d22eacf4a62076.svg","brizy_post_uid":["bbe9eddd7737f05d254e074462f20e08"]}}],"_links":{"self":[{"href":"https:\/\/staging.citationstyler.com\/en\/wp-json\/wp\/v2\/pages\/6421","targetHints":{"allow":["GET"]}}],"collection":[{"href":"https:\/\/staging.citationstyler.com\/en\/wp-json\/wp\/v2\/pages"}],"about":[{"href":"https:\/\/staging.citationstyler.com\/en\/wp-json\/wp\/v2\/types\/page"}],"author":[{"embeddable":true,"href":"https:\/\/staging.citationstyler.com\/en\/wp-json\/wp\/v2\/users\/1"}],"replies":[{"embeddable":true,"href":"https:\/\/staging.citationstyler.com\/en\/wp-json\/wp\/v2\/comments?post=6421"}],"version-history":[{"count":0,"href":"https:\/\/staging.citationstyler.com\/en\/wp-json\/wp\/v2\/pages\/6421\/revisions"}],"wp:featuredmedia":[{"embeddable":true,"href":"https:\/\/staging.citationstyler.com\/en\/wp-json\/wp\/v2\/media\/6448"}],"wp:attachment":[{"href":"https:\/\/staging.citationstyler.com\/en\/wp-json\/wp\/v2\/media?parent=6421"}],"curies":[{"name":"wp","href":"https:\/\/api.w.org\/{rel}","templated":true}]}}