{"id":6121,"date":"2024-06-09T12:41:31","date_gmt":"2024-06-09T10:41:31","guid":{"rendered":"https:\/\/staging.citationstyler.com\/?page_id=6121"},"modified":"2026-04-16T13:20:16","modified_gmt":"2026-04-16T11:20:16","slug":"collaborations-and-partner-programme","status":"publish","type":"page","link":"https:\/\/staging.citationstyler.com\/en\/collaborations-and-partner-programme\/","title":{"rendered":"Collaborations &amp; Partner Programme"},"content":{"rendered":"<div class=\"brz-root__container brz-reset-all brz brz-root__container-page\">\n<section id=\"_nIuLOxbpEPSB\" class=\"brz-section brz-css-61d4d5\">\n<div class=\"brz-section__content brz-section--fullWidth brz-css-5olv23 brz-css-17yqwd\" data-brz-custom-id=\"wwjEA1YelRRJ\">\n<div class=\"brz-container brz-css-imjwij brz-css-wa9hut\">\n<div class=\"brz-row__container brz-css-6059bs brz-css-e28z0o\" data-brz-custom-id=\"fWkMvCIYMbAI\">\n<div class=\"brz-bg\"><\/div>\n<div class=\"brz-row brz-css-gxr789 brz-css-tbm2n4\">\n<div class=\"brz-columns brz-css-v4an05 brz-css-am2qi9\" data-brz-custom-id=\"v9AUpn4IxgOE\">\n<div class=\"brz-bg\"><\/div>\n<div class=\"brz-column__items brz-css-hk8jva brz-css-1vpxqqh\">\n<div id=\"\" class=\"brz-css-1jg6r3d brz-wrapper\">\n<div class=\"brz-rich-text brz-rich-text__custom brz-css-1ilqqmg\" data-brz-custom-id=\"dIqtDwGoV5dJ\">\n<div data-brz-translate-text=\"1\">\n<h1 data-uniq-id=\"dNiuz\" data-generated-css=\"brz-css-zLDjY\" class=\"brz-tp-lg-heading1 brz-css-kNObH\"><span class=\"brz-cp-color2\">Kollaborationen &amp; Partnerprogramm<\/span><\/h1>\n<\/div>\n<\/div>\n<\/div>\n<div id=\"\" class=\"brz-css-1jg6r3d brz-css-rv46al brz-wrapper\">\n<div class=\"brz-rich-text brz-rich-text__custom brz-css-1ilqqmg\" data-brz-custom-id=\"kCOJrAD4XKLI\">\n<div data-brz-translate-text=\"1\">\n<p class=\"brz-tp-lg-subtitle brz-css-v_Pdj\" data-uniq-id=\"s7pmG\" data-generated-css=\"brz-css-uXHAE\"><span class=\"brz-cp-color7\">Gemeinsam erfolgreich.<\/span><\/p>\n<\/div>\n<\/div>\n<\/div>\n<div id=\"\" class=\"brz-css-1jg6r3d brz-wrapper\">\n<div class=\"brz-rich-text brz-rich-text__custom brz-css-1ilqqmg\" data-brz-custom-id=\"n6NyWCqfG_z9\">\n<div data-brz-translate-text=\"1\">\n<p class=\"brz-tp-lg-paragraph brz-css-bY12W\" data-generated-css=\"brz-css-f7lNk\" data-uniq-id=\"b73mJ\"><span class=\"brz-cp-color7\">Du hast eine Idee, wie wir <\/span><strong class=\"brz-cp-color7\">kollaborieren <\/strong><span class=\"brz-cp-color7\">k\u00f6nnten?<\/span><\/p>\n<p class=\"brz-tp-lg-paragraph brz-css-qVW6I\" data-generated-css=\"brz-css-bIpua\" data-uniq-id=\"syE3m\"><span class=\"brz-cp-color7\">Deine <\/span><strong class=\"brz-cp-color7\">Leserschaft <\/strong><span class=\"brz-cp-color7\">k\u00f6nnte von meinen Zitierstilen <\/span><strong class=\"brz-cp-color7\">profitieren<\/strong><span class=\"brz-cp-color7\">?<\/span><\/p>\n<p class=\"brz-tp-lg-paragraph brz-css-lkiBw\" data-generated-css=\"brz-css-qStDe\" data-uniq-id=\"pfOKP\"><span class=\"brz-cp-color7\"> <\/span><\/p>\n<p class=\"brz-tp-lg-paragraph brz-css-oDgjk\" data-generated-css=\"brz-css-yCNsk\" data-uniq-id=\"u7JFd\"><span class=\"brz-cp-color7\">Falls du eine Idee f\u00fcr eine <\/span><a class=\"link--page brz-cp-color1\" href=\"\" data-brz-link-type=\"page\"><strong><u>Gastblogeintrag<\/u><\/strong><\/a><strong class=\"brz-cp-color7\"> <\/strong><span class=\"brz-cp-color7\">oder eine andere Art des <\/span><strong class=\"brz-cp-color7\">Linkaustausches <\/strong><span class=\"brz-cp-color7\">wie zum Beispiel auf <\/span><a class=\"link--page brz-cp-color1\" href=\"\" data-brz-link-type=\"page\"><u>citationstyler.com\/partner<\/u><\/a><strong class=\"brz-cp-color7\"> <\/strong><span class=\"brz-cp-color7\">zur St\u00e4rkung unser jeweiligen &#8222;Domain Autorit\u00e4t&#8220; hast, bin ich immer gerne bereit eine potentielle Kollaboration aufzubauen.<\/span><\/p>\n<p class=\"brz-tp-lg-paragraph brz-css-n1V8D\" data-generated-css=\"brz-css-n9KZ_\" data-uniq-id=\"ecOU0\"><span class=\"brz-cp-color7\"> <\/span><\/p>\n<p class=\"brz-tp-lg-paragraph brz-css-lsuG4\" data-generated-css=\"brz-css-q25uh\" data-uniq-id=\"vkxVb\"><span class=\"brz-cp-color7\">Ich habe auch eine Affiliate- \/Partnerprogramm, mit dem du f\u00fcr das bringen von Neukunden Kommission gewinnen kannst. Dies ist automatisiert <\/span><\/p>\n<\/div>\n<\/div>\n<\/div>\n<div id=\"\" class=\"brz-css-1jg6r3d brz-wrapper\">\n<div class=\"brz-icon-text brz-css-1qf5v96\" data-brz-custom-id=\"s5GURKCu0cNO\">\n<div class=\"brz-icon__container\" data-brz-custom-id=\"k8DzYNDm9ipk\"><span class=\"brz-icon brz-span brz-css-nvkh10 brz-css-1vfjzsv\"><\/span><\/div>\n<div class=\"brz-text-btn\">\n<div class=\"brz-rich-text brz-rich-text__custom brz-css-1ilqqmg\" data-brz-custom-id=\"wPEzv2dEEHA4\">\n<div data-brz-translate-text=\"1\">\n<h6 class=\"brz-mt-lg-14 brz-tp-lg-paragraph brz-css-sLkIo\" data-generated-css=\"brz-css-dXsjr\" data-uniq-id=\"h07N_\"><span class=\"brz-cp-color7\">Du kannst mir gerne per <\/span><strong class=\"brz-cp-color7\">info[at]citationstyler[dot]com<\/strong><span class=\"brz-cp-color7\"> schreiben.<\/span><\/h6>\n<\/div>\n<\/div>\n<\/div>\n<\/div>\n<\/div>\n<\/div>\n<\/div>\n<div class=\"brz-columns brz-css-v4an05 brz-css-ekf629\" data-brz-custom-id=\"y80105qPmIue\">\n<div class=\"brz-bg\">\n<div class=\"brz-bg-image\"><\/div>\n<\/div>\n<div class=\"brz-column__items brz-css-hk8jva brz-css-1tbq2i5\">\n<div id=\"\" class=\"brz-css-1jg6r3d brz-css-hgfxxo brz-wrapper\">\n<div class=\"brz-spacer brz-css-dt6lzh brz-css-6h8924\"><\/div>\n<\/div>\n<\/div>\n<\/div>\n<\/div>\n<\/div>\n<\/div>\n<\/div>\n<\/section>\n<section id=\"_redFgc_0UmO7\" class=\"brz-section brz-css-61d4d5\">\n<div class=\"brz-section__content brz-section--boxed brz-css-5olv23 brz-css-1f7fnrf\" data-brz-custom-id=\"vEYlTEVTG1rP\">\n<div class=\"brz-bg\">\n<div class=\"brz-bg-color\"><\/div>\n<\/div>\n<div class=\"brz-container brz-css-imjwij\">\n<div id=\"\" class=\"brz-css-1jg6r3d brz-css-8d4ni3 brz-wrapper\">\n<div class=\"brz-rich-text brz-rich-text__custom brz-css-1ilqqmg\" data-brz-custom-id=\"m80Aps3imUyw\">\n<div data-brz-translate-text=\"1\">\n<h2 class=\"brz-text-lg-center brz-tp-lg-heading2 brz-css-dDmPK\" data-generated-css=\"brz-css-yEjeW\" data-uniq-id=\"gNYuI\"><span class=\"brz-cp-color2\">Gastartikel<\/span><\/h2>\n<\/div>\n<\/div>\n<\/div>\n<div id=\"\" class=\"brz-css-1jg6r3d brz-css-7ymlfm brz-wrapper\">\n<div class=\"brz-rich-text brz-rich-text__custom brz-css-1ilqqmg\" data-brz-custom-id=\"y9gF3zhcbAsT\">\n<div data-brz-translate-text=\"1\">\n<p class=\"brz-text-lg-center brz-tp-lg-paragraph brz-css-oCpEe\" data-generated-css=\"brz-css-uC8zO\" data-uniq-id=\"nLABg\"><span class=\"brz-cp-color7\">Ich freue mich \u00fcber Gastbeitr\u00e4ge von Experten, die ihr Wissen und ihre Erfahrungen zu Themen rund um Zitierweisen, wissenschaftliches Schreiben, Studieren und akademische Publikationen mit meiner Community auf meinem <\/span><a class=\"brz-cp-color1 link--page\" href=\"\" data-brz-link-type=\"page\"><u>Blog<\/u><\/a><span class=\"brz-cp-color7\"> teilen m\u00f6chten. Und gleichzeitig kann ich auch einen Gastbeitrag rund ums Thema Zotero und Zitierstile f\u00fcr deine Leserschaft anbieten.<\/span><\/p>\n<\/div>\n<\/div>\n<\/div>\n<div id=\"\" class=\"brz-css-1jg6r3d brz-css-hgfxxo brz-css-1mczuku brz-wrapper\">\n<div class=\"brz-spacer brz-css-dt6lzh brz-css-1ctzpog\"><\/div>\n<\/div>\n<div id=\"\" class=\"brz-css-1jg6r3d brz-wrapper\">\n<div class=\"brz-rich-text brz-rich-text__custom brz-css-1ilqqmg\" data-brz-custom-id=\"wUkvJuXHejEs\">\n<div data-brz-translate-text=\"1\">\n<h3 data-uniq-id=\"vLSH4\" data-generated-css=\"brz-css-qOB8B\" class=\"brz-text-lg-center brz-tp-lg-heading3 brz-css-zXFz7\">Vorteile f\u00fcr beide<\/h3>\n<\/div>\n<\/div>\n<\/div>\n<div id=\"\" class=\"brz-css-1jg6r3d brz-css-hgfxxo brz-wrapper\">\n<div class=\"brz-spacer brz-css-dt6lzh brz-css-1lqssbm\"><\/div>\n<\/div>\n<div class=\"brz-row__container brz-css-6059bs\" data-brz-custom-id=\"hpjlFiU9XwRP\">\n<div class=\"brz-bg\"><\/div>\n<div class=\"brz-row brz-css-gxr789 brz-css-tbm2n4\">\n<div class=\"brz-columns brz-css-v4an05 brz-css-16xixwr\" data-brz-custom-id=\"dmbp_yAKIl7K\">\n<div class=\"brz-bg\"><\/div>\n<div class=\"brz-column__items brz-css-hk8jva brz-css-1nxri37\">\n<div id=\"\" class=\"brz-css-1jg6r3d brz-css-16qcbd4 brz-wrapper\">\n<div class=\"brz-icon-text brz-css-1qf5v96\" data-brz-custom-id=\"m3oYk5UpgsO3\">\n<div class=\"brz-icon__container\" data-brz-custom-id=\"m_kno6ZNaO93\"><span class=\"brz-icon brz-span brz-css-nvkh10 brz-css-1mxyk2x\"><\/span><\/div>\n<div class=\"brz-text-btn\">\n<div class=\"brz-rich-text brz-rich-text__custom brz-css-1ilqqmg\" data-brz-custom-id=\"eFW3ZsPpWQoo\">\n<div data-brz-translate-text=\"1\">\n<h6 class=\"brz-tp-lg-heading6 brz-css-jv7_B\" data-generated-css=\"brz-css-rXKug\" data-uniq-id=\"yJ1MB\"><strong class=\"brz-cp-color2\">Erreiche ein breites Publikum von akademischen Forschern, Studenten und anderen Interessierten.<\/strong><\/h6>\n<\/div>\n<\/div>\n<\/div>\n<\/div>\n<\/div>\n<\/div>\n<\/div>\n<div class=\"brz-columns brz-css-v4an05 brz-css-1ws7rw7\" data-brz-custom-id=\"tFPIrWLkYh0N\">\n<div class=\"brz-bg\"><\/div>\n<div class=\"brz-column__items brz-css-hk8jva brz-css-fh78jx\">\n<div id=\"\" class=\"brz-css-1jg6r3d brz-css-17hzmdf brz-wrapper\">\n<div class=\"brz-icon-text brz-css-1qf5v96\" data-brz-custom-id=\"lGHPbEoNc0oA\">\n<div class=\"brz-icon__container\" data-brz-custom-id=\"khQ9FGb96bTe\"><span class=\"brz-icon brz-span brz-css-nvkh10 brz-css-1loz0ts\"><\/span><\/div>\n<div class=\"brz-text-btn\">\n<div class=\"brz-rich-text brz-rich-text__custom brz-css-1ilqqmg\" data-brz-custom-id=\"vYUvzM1BMchE\">\n<div data-brz-translate-text=\"1\">\n<h6 class=\"brz-tp-lg-heading6 brz-css-lwjqS\" data-generated-css=\"brz-css-w14gx\" data-uniq-id=\"zQrDe\"><strong class=\"brz-cp-color2\">Steigerung unserer Sichtbarkeit und Etablierung als Experten im jeweiligen Bereich.<\/strong><\/h6>\n<\/div>\n<\/div>\n<\/div>\n<\/div>\n<\/div>\n<\/div>\n<\/div>\n<div class=\"brz-columns brz-css-v4an05 brz-css-1ltp9rz\" data-brz-custom-id=\"dxhh0JeoTr3i\">\n<div class=\"brz-bg\"><\/div>\n<div class=\"brz-column__items brz-css-hk8jva brz-css-1nmrlkw\">\n<div id=\"\" class=\"brz-css-1jg6r3d brz-css-14lwyqf brz-wrapper\">\n<div class=\"brz-icon-text brz-css-1qf5v96\" data-brz-custom-id=\"wKUJZXkgPZOQ\">\n<div class=\"brz-icon__container\" data-brz-custom-id=\"yVZOnGGB3OQL\"><span class=\"brz-icon brz-span brz-css-nvkh10 brz-css-o467k3\"><\/span><\/div>\n<div class=\"brz-text-btn\">\n<div class=\"brz-rich-text brz-rich-text__custom brz-css-1ilqqmg\" data-brz-custom-id=\"l1Q7qF_KnBwl\">\n<div data-brz-translate-text=\"1\">\n<h6 class=\"brz-tp-lg-heading6 brz-css-hSqwG\" data-uniq-id=\"yLHGA\" data-generated-css=\"brz-css-zcxXE\"><strong class=\"brz-cp-color2\">Austausch eines wertvolle Backlinks zu unseren jeweiligen Websiten zur Steigerung der Domain Autorit\u00e4t und SEO.<\/strong><\/h6>\n<\/div>\n<\/div>\n<\/div>\n<\/div>\n<\/div>\n<\/div>\n<\/div>\n<\/div>\n<\/div>\n<div id=\"\" class=\"brz-css-1jg6r3d brz-css-ixs6ut brz-wrapper\">\n<div class=\"brz-rich-text brz-rich-text__custom brz-css-1ilqqmg\" data-brz-custom-id=\"xdFjamoVG6Ov\">\n<div data-brz-translate-text=\"1\">\n<p class=\"brz-mt-lg-40 brz-text-lg-center brz-tp-lg-paragraph brz-css-sWPTH\" data-generated-css=\"brz-css-zTMTW\" data-uniq-id=\"cuxuO\"><a class=\"link--external brz-cp-color1\" href=\"mailto:info@citationstyler.com\" data-brz-link-type=\"external\"> Ich m\u00f6chte kollaborieren!<\/a><\/p>\n<\/div>\n<\/div>\n<\/div>\n<\/div>\n<\/div>\n<\/section>\n<section id=\"_vFn7AdwF0QHd\" class=\"brz-section brz-css-61d4d5\">\n<div class=\"brz-section__content brz-section--boxed brz-css-5olv23 brz-css-1iwqc92\" data-brz-custom-id=\"sF6rmphjQRSz\">\n<div class=\"brz-container brz-css-imjwij\">\n<div id=\"\" class=\"brz-css-1jg6r3d brz-css-1auu5vi brz-wrapper\">\n<div class=\"brz-rich-text brz-rich-text__custom brz-css-1ilqqmg\" data-brz-custom-id=\"clQSq7et8tXv\">\n<div data-brz-translate-text=\"1\">\n<h2 class=\"brz-tp-lg-heading2 brz-text-lg-center brz-css-kOFHU\" data-uniq-id=\"eeAVI\" data-generated-css=\"brz-css-vbbWj\">Affiliate Partnerprogramm<\/h2>\n<\/div>\n<\/div>\n<\/div>\n<div id=\"\" class=\"brz-css-1jg6r3d brz-css-rymz6h brz-wrapper\">\n<div class=\"brz-rich-text brz-rich-text__custom brz-css-1ilqqmg\" data-brz-custom-id=\"aP3llmFouagV\">\n<div data-brz-translate-text=\"1\">\n<h2 class=\"brz-text-lg-center brz-tp-lg-abovetitle brz-css-nOd2J\" data-generated-css=\"brz-css-nGOsf\" data-uniq-id=\"tH2Ok\">Affiliate von <span class=\"brz-cp-color1\">citationstyler.com<\/span> werden und Geld verdienen<\/h2>\n<\/div>\n<\/div>\n<\/div>\n<div id=\"\" class=\"brz-css-1jg6r3d brz-css-hgfxxo brz-css-ylmbgz brz-wrapper\">\n<div class=\"brz-spacer brz-css-dt6lzh brz-css-6d19as\"><\/div>\n<\/div>\n<div class=\"brz-row__container brz-css-6059bs\" data-brz-custom-id=\"nba0v1yOx3b1\">\n<div class=\"brz-bg\"><\/div>\n<div class=\"brz-row brz-css-gxr789 brz-css-tbm2n4\">\n<div class=\"brz-columns brz-css-v4an05 brz-css-1tbr2se\" data-brz-custom-id=\"vQ1JxfLXJtwH\">\n<div class=\"brz-bg\"><\/div>\n<div class=\"brz-column__items brz-css-hk8jva brz-css-134m5wg\">\n<div id=\"\" class=\"brz-css-1jg6r3d brz-css-kv7oee brz-wrapper\">\n<div class=\"brz-rich-text brz-rich-text__custom brz-css-1ilqqmg\" data-brz-custom-id=\"uift5Zab3KGI\">\n<div data-brz-translate-text=\"1\">\n<h2 class=\"brz-mb-lg-20 brz-text-lg-center brz-tp-lg-abovetitle brz-css-rqkCy\" data-generated-css=\"brz-css-onB_Y\" data-uniq-id=\"z5Yhj\">Partner werden<\/h2>\n<\/div>\n<\/div>\n<\/div>\n<div id=\"\" class=\"brz-css-1jg6r3d brz-css-4g8jwx brz-wrapper\">\n<div class=\"brz-rich-text brz-rich-text__custom brz-css-1ilqqmg\" data-brz-custom-id=\"asrT2Y08LC1t\">\n<div data-brz-translate-text=\"1\">\n<p class=\"brz-text-lg-center brz-tp-lg-paragraph brz-css-aFmec\" data-generated-css=\"brz-css-v5YON\" data-uniq-id=\"u4Tdj\"><span class=\"brz-cp-color7\">Deine Community und Leserschaft ist ben\u00f6tigt einen bestimment Zitierstil einer Uni und du hast Kontakt zu dieser Community?<\/span><\/p>\n<p class=\"brz-text-lg-center brz-tp-lg-paragraph brz-css-sTZoe\" data-generated-css=\"brz-css-xC0Df\" data-uniq-id=\"bEpUi\"><span class=\"brz-cp-color7\"> <\/span><\/p>\n<p class=\"brz-text-lg-center brz-tp-lg-paragraph brz-css-t1GVP\" data-generated-css=\"brz-css-qyVfL\" data-uniq-id=\"iyzJ8\"><span class=\"brz-cp-color7\">F\u00fcr ausgew\u00e4hlte <\/span><a class=\"brz-cp-color1 link--page\" href=\"\" data-brz-link-type=\"page\"><u>Partner<\/u><\/a><span class=\"brz-cp-color7\"> biete ich auch die M\u00f6glichkeit an, Partner zu werden, wodurch du eine Kommission von 10% f\u00fcr jeden geworben Neukunden verdienen kannst. <\/span><\/p>\n<\/div>\n<\/div>\n<\/div>\n<\/div>\n<\/div>\n<div class=\"brz-columns brz-css-v4an05\" data-brz-custom-id=\"iKoo1ILKWAZd\">\n<div class=\"brz-bg\"><\/div>\n<div class=\"brz-column__items brz-css-hk8jva\">\n<div id=\"\" class=\"brz-css-1jg6r3d brz-wrapper\">\n<div class=\"brz-image brz-css-ciclk1\" data-brz-custom-id=\"hAal7jrGOHS7\"><img decoding=\"async\" class=\"brz-img\" src=\"https:\/\/staging.citationstyler.com\/wp-content\/uploads\/brizy\/imgs\/citationstyler.com-partnerprogramm-594x416x20x0x555x416x1730801054.png\" alt=\"\" loading=\"lazy\"><\/div>\n<\/div>\n<\/div>\n<\/div>\n<\/div>\n<\/div>\n<div class=\"brz-row__container brz-css-6059bs brz-css-fkoszc\" data-brz-custom-id=\"g7J8LPJ2DBsL\">\n<div class=\"brz-bg\"><\/div>\n<div class=\"brz-row brz-css-gxr789\">\n<div class=\"brz-columns brz-css-v4an05\" data-brz-custom-id=\"fp49yFFnaeoA\">\n<div class=\"brz-bg\"><\/div>\n<div class=\"brz-column__items brz-css-hk8jva\">\n<div id=\"\" class=\"brz-css-1jg6r3d brz-wrapper\">\n<div class=\"brz-image brz-image__lightbox brz-css-hlzp0a\" data-brz-custom-id=\"woVUm_krgNcK\"><a class=\"brz-a\" href=\"https:\/\/staging.citationstyler.com\/wp-content\/uploads\/2024\/06\/solidaffiliate-auf-citationstylercom.webp\" target=\"_self\" rel=\"noopener\" data-brz-link-type=\"lightBox\"><img decoding=\"async\" class=\"brz-img\" src=\"https:\/\/staging.citationstyler.com\/wp-content\/uploads\/brizy\/imgs\/solidaffiliate-auf-citationstylercom-545x357x0x0x545x357x1717928162.webp\" alt=\"\" loading=\"lazy\"><\/a><\/div>\n<\/div>\n<\/div>\n<\/div>\n<div class=\"brz-columns brz-css-v4an05\" data-brz-custom-id=\"mm2voOxkW6Eg\">\n<div class=\"brz-bg\"><\/div>\n<div class=\"brz-column__items brz-css-hk8jva\">\n<div id=\"\" class=\"brz-css-1jg6r3d brz-css-1rszdve brz-wrapper\">\n<div class=\"brz-rich-text brz-rich-text__custom brz-css-1ilqqmg\" data-brz-custom-id=\"pKzS6bQTPRSl\">\n<div data-brz-translate-text=\"1\">\n<h2 class=\"brz-tp-lg-abovetitle brz-text-lg-center brz-mb-lg-20 brz-css-xXYgl\" data-uniq-id=\"eFpPd\" data-generated-css=\"brz-css-f89nk\">Ums\u00e4tze einsehen dank Partner Dashboard<\/h2>\n<\/div>\n<\/div>\n<\/div>\n<div id=\"\" class=\"brz-css-1jg6r3d brz-css-1j5h5gu brz-wrapper\">\n<div class=\"brz-rich-text brz-rich-text__custom brz-css-1ilqqmg\" data-brz-custom-id=\"rEcFjXlESiDa\">\n<div data-brz-translate-text=\"1\">\n<p class=\"brz-tp-lg-paragraph brz-text-lg-center brz-css-lVpCa\" data-uniq-id=\"yAnhc\" data-generated-css=\"brz-css-hwG9E\"><span class=\"brz-cp-color7\">\u00dcber das Partner Dashboard Kundenbereich findest du <\/span><\/p>\n<p class=\"brz-tp-lg-paragraph brz-text-lg-center brz-css-xtY7p\" data-uniq-id=\"bd1lc\" data-generated-css=\"brz-css-pm45f\"><span class=\"brz-cp-color7\"> eine \u00dcbersicht \u00fcber alle erzielten Affiliate Ums\u00e4tze und kannst <\/span><\/p>\n<p class=\"brz-tp-lg-paragraph brz-text-lg-center brz-css-c5jaP\" data-uniq-id=\"iTjtk\" data-generated-css=\"brz-css-ggdXE\"><span class=\"brz-cp-color7\">diese auch direkt anfordern. <\/span><\/p>\n<p class=\"brz-tp-lg-paragraph brz-text-lg-center brz-css-jzMgs\" data-uniq-id=\"hk3qY\" data-generated-css=\"brz-css-diIEH\"><\/p>\n<p class=\"brz-tp-lg-paragraph brz-text-lg-center brz-css-soPpA\" data-uniq-id=\"a8nye\" data-generated-css=\"brz-css-skYvT\"><a class=\"brz-cp-color1 link--external\" href=\"mailto:info@citationstyler.com\" data-brz-link-type=\"external\"> Jetzt f\u00fcrs Partnerprogramm anmelden!<\/a><\/p>\n<\/div>\n<\/div>\n<\/div>\n<\/div>\n<\/div>\n<\/div>\n<\/div>\n<\/div>\n<\/div>\n<\/section>\n<\/div>\n<p>    <!-- version:1737123938 --><\/p>\n","protected":false},"excerpt":{"rendered":"<p>Do you have an idea how we could collaborate or how your readers could benefit from my citation styles? Become a partner or affiliate of citationstyler.com.<\/p>","protected":false},"author":1,"featured_media":0,"parent":0,"menu_order":0,"comment_status":"closed","ping_status":"closed","template":"brizy-blank-template.php","meta":{"footnotes":""},"class_list":["post-6121","page","type-page","status-publish","hentry"],"blocksy_meta":[],"brizy_media":[{"id":6127,"url":"https:\/\/staging.citationstyler.com\/wp-content\/uploads\/2024\/06\/pexels-ekaterina-bolovtsova-6077983-scaled.jpg","name":"pexels-ekaterina-bolovtsova-6077983.jpg","meta":{"brizy_attachment_uid":"wp-192eceb052c5b87346c2173141443ced.jpg","brizy_post_uid":["c2625cca107f0c62895b2c30e06fc528"]}},{"id":6139,"url":"https:\/\/staging.citationstyler.com\/wp-content\/uploads\/2024\/06\/citationstyler.com-partnerprogramm.png","name":"citationstyler.com-partnerprogramm.png","meta":{"brizy_attachment_uid":"wp-a6fcd1a8b972b515b98ba496a95d3c7f.png","brizy_post_uid":["c2625cca107f0c62895b2c30e06fc528"]}},{"id":6140,"url":"https:\/\/staging.citationstyler.com\/wp-content\/uploads\/2024\/06\/solidaffiliate-auf-citationstylercom.webp","name":"solidaffiliate-auf-citationstylercom.webp","meta":{"brizy_attachment_uid":"wp-dccdf5f5c32d9362462bb519a12c1e2d.webp","brizy_post_uid":["c2625cca107f0c62895b2c30e06fc528"]}}],"_links":{"self":[{"href":"https:\/\/staging.citationstyler.com\/en\/wp-json\/wp\/v2\/pages\/6121","targetHints":{"allow":["GET"]}}],"collection":[{"href":"https:\/\/staging.citationstyler.com\/en\/wp-json\/wp\/v2\/pages"}],"about":[{"href":"https:\/\/staging.citationstyler.com\/en\/wp-json\/wp\/v2\/types\/page"}],"author":[{"embeddable":true,"href":"https:\/\/staging.citationstyler.com\/en\/wp-json\/wp\/v2\/users\/1"}],"replies":[{"embeddable":true,"href":"https:\/\/staging.citationstyler.com\/en\/wp-json\/wp\/v2\/comments?post=6121"}],"version-history":[{"count":0,"href":"https:\/\/staging.citationstyler.com\/en\/wp-json\/wp\/v2\/pages\/6121\/revisions"}],"wp:attachment":[{"href":"https:\/\/staging.citationstyler.com\/en\/wp-json\/wp\/v2\/media?parent=6121"}],"curies":[{"name":"wp","href":"https:\/\/api.w.org\/{rel}","templated":true}]}}