{"id":3851,"date":"2024-03-19T10:52:21","date_gmt":"2024-03-19T09:52:21","guid":{"rendered":"https:\/\/staging.citationstyler.com\/?page_id=3851"},"modified":"2026-04-16T13:21:30","modified_gmt":"2026-04-16T11:21:30","slug":"terms-and-conditions","status":"publish","type":"page","link":"https:\/\/staging.citationstyler.com\/en\/terms-and-conditions\/","title":{"rendered":"Allgemeine Gesch\u00e4ftsbedingungen (AGB)"},"content":{"rendered":"<div class=\"brz-root__container brz-reset-all brz brz-root__container-page\">\n<section id=\"5da3c055e7c0241ac8b5_zvuzAILPJyia\" class=\"brz-section brz-css-lr29i0\">\n<div class=\"brz-section__content brz-section--boxed brz-css-e3erzr\" data-brz-custom-id=\"irk1GFL1lI4J\">\n<div class=\"brz-container brz-css-16aalet\">\n<div id=\"\" class=\"brz-css-1r15mhe brz-wrapper\">\n<div class=\"brz-rich-text brz-rich-text__custom brz-css-14y1w50\" data-brz-custom-id=\"cDKeriWHDDwi\">\n<div data-brz-translate-text=\"1\">\n<h1 data-generated-css=\"brz-css-oaUZU\" data-uniq-id=\"x6bwR\" class=\"brz-tp-lg-heading1 brz-css-eoYxQ\"><strong class=\"brz-cp-color2\">Allgemeinen Gesch\u00e4ftsbedingungen (AGB)<\/strong><\/h1>\n<\/div>\n<\/div>\n<\/div>\n<div id=\"\" class=\"brz-css-1r15mhe brz-wrapper\">\n<div class=\"brz-rich-text brz-rich-text__custom brz-css-14y1w50\" data-brz-custom-id=\"cBodFq9BuVfq\">\n<div data-brz-translate-text=\"1\">\n<p class=\"brz-tp-lg-paragraph brz-css-jL_Za\" data-uniq-id=\"hTYmY\" data-generated-css=\"brz-css-iG_V4\"><span class=\"brz-cp-color2\">Zuletzt aktualisiert: 19\/03\/2025<\/span><\/p>\n<p class=\"brz-tp-lg-paragraph brz-css-wFB3T\" data-uniq-id=\"zokZe\" data-generated-css=\"brz-css-zoeub\"><\/p>\n<p data-uniq-id=\"ij55r\" data-generated-css=\"brz-css-s5VIX\" class=\"brz-css-sl28n\"><\/p>\n<p data-uniq-id=\"ko6ZJ\" data-generated-css=\"brz-css-uuES6\" class=\"brz-css-p9AFR\"><span class=\"brz-cp-color2\"> <\/span><strong class=\"brz-cp-color2\">1. Allgemeines<\/strong><\/p>\n<p data-uniq-id=\"o2g0q\" data-generated-css=\"brz-css-nE7nA\" class=\"brz-css-sECMR\"><\/p>\n<p data-uniq-id=\"nRcCB\" data-generated-css=\"brz-css-gvZTH\" class=\"brz-css-cEUSV\"><span class=\"brz-cp-color2\"> 1.1 Die vorliegenden Allgemeinen Gesch\u00e4ftsbedingungen (AGB) enthalten die zwischen uns, <\/span><strong class=\"brz-cp-color2\">Citation Styler, Calle Trafalgar, 08010 Barcelona, Spanien<\/strong><span class=\"brz-cp-color2\"> (im Folgenden \u201eVerk\u00e4ufer\u201c oder \u201ewir\u201c) und einem Verbraucher oder Unternehmer (im Folgenden \u201eKunden\u201c) ausschlie\u00dflich geltenden Bedingungen f\u00fcr den Kauf der angebotenen Waren und Dienstleistungen, soweit diese nicht durch schriftliche Vereinbarungen zwischen den Parteien abge\u00e4ndert werden.<\/span><\/p>\n<p data-uniq-id=\"kNhFe\" data-generated-css=\"brz-css-dlDfN\" class=\"brz-css-tV3Q4\"><span class=\"brz-cp-color2\">Verbraucher im Sinne dieser AGB ist jede nat\u00fcrliche Person, die ein Rechtsgesch\u00e4ft zu Zwecken abschlie\u00dft, die \u00fcberwiegend weder ihrer gewerblichen noch ihrer selbst\u00e4ndigen beruflichen T\u00e4tigkeit zugerechnet werden k\u00f6nnen. Unternehmer im Sinne dieser AGB ist eine nat\u00fcrliche oder juristische Person oder eine rechtsf\u00e4hige Personengesellschaft, die bei Abschluss eines Rechtsgesch\u00e4fts in Aus\u00fcbung ihrer gewerblichen oder selbst\u00e4ndigen beruflichen T\u00e4tigkeit handelt. <\/span><\/p>\n<p data-uniq-id=\"xuitW\" data-generated-css=\"brz-css-zkuLF\" class=\"brz-css-l1NY8\"><span class=\"brz-cp-color2\"> <\/span><\/p>\n<p data-uniq-id=\"lfFbo\" data-generated-css=\"brz-css-sBwEa\" class=\"brz-css-pXEuR\"><span class=\"brz-cp-color2\">1.2. \u00c4nderungen dieser Gesch\u00e4ftsbedingungen werden dem Kunden schriftlich, per Telefax oder per E-Mail mitgeteilt. Widerspricht der Kunde dieser \u00c4nderung nicht innerhalb von vier Wochen nach Zugang der Mitteilung, gelten die \u00c4nderungen durch den Kunden als anerkannt.<\/span><\/p>\n<p data-uniq-id=\"x9Xf2\" data-generated-css=\"brz-css-yFkbX\" class=\"brz-css-sWMO9\"><\/p>\n<p data-uniq-id=\"u_rNP\" data-generated-css=\"brz-css-iEkEC\" class=\"brz-css-zp4Wd\"><strong class=\"brz-cp-color2\">2. Vertragsschluss<\/strong><\/p>\n<p data-uniq-id=\"naQ6R\" data-generated-css=\"brz-css-bVQ0O\" class=\"brz-css-n9eIV\"><span class=\"brz-cp-color2\">2.1. Die Pr\u00e4sentation der angebotenen Waren und Dienstleistungen stellt kein bindendes Angebot des Verk\u00e4ufers dar. Erst die Bestellung einer Ware oder Dienstleistung durch den Kunden stellt ein bindendes Angebot nach \u00a7 145 BGB dar. Im Falle der Annahme des Kaufangebots durch den Verk\u00e4ufer versendet dieser an den Kunden eine Auftragsbest\u00e4tigung <\/span><\/p>\n<p data-uniq-id=\"mxfLI\" data-generated-css=\"brz-css-l9g1o\" class=\"brz-css-apX9K\"><span class=\"brz-cp-color2\">per E-Mail.<\/span><\/p>\n<p data-uniq-id=\"nYKQ0\" data-generated-css=\"brz-css-cbEoE\" class=\"brz-css-gICoj\"><span class=\"brz-cp-color2\">2.2. Nach der Abgabe des Angebots und erfolgreichem Abschluss der Bestellung, erh\u00e4lt der Kunde eine Kaufbest\u00e4tigung per E-Mail mit den relevanten Daten. Der Kunde stellt sicher, dass die von ihm eingegebene E-Mail-Adresse korrekt ist.<\/span><\/p>\n<p data-uniq-id=\"m3Y8A\" data-generated-css=\"brz-css-gcz1a\" class=\"brz-css-hzUKF\"><span class=\"brz-cp-color2\">2.3. W\u00e4hrend des Bestellprozesses hat der Kunde die M\u00f6glichkeit die get\u00e4tigten Eingaben zu korrigieren. Vor Abschluss des Bestellprozesses erh\u00e4lt der Kunde eine Zusammenfassung aller Bestelldetails und erh\u00e4lt die Gelegenheit seine Angaben zu \u00fcberpr\u00fcfen.<\/span><\/p>\n<p data-uniq-id=\"xMnCZ\" data-generated-css=\"brz-css-kXIYR\" class=\"brz-css-w8YJa\"><span class=\"brz-cp-color2\">2.4. Der Vertragsschluss erfolgt in deutscher Sprache.<\/span><\/p>\n<p data-uniq-id=\"z0J3P\" data-generated-css=\"brz-css-pURoo\" class=\"brz-css-v1ItA\"><span class=\"brz-cp-color2\">2.5. Eine Kontaktaufnahme des Kunden durch den Verk\u00e4ufer erfolgt per E-Mail.<\/span><\/p>\n<p data-uniq-id=\"ulWMI\" data-generated-css=\"brz-css-mn3CF\" class=\"brz-css-zxgTE\"><span class=\"brz-cp-color2\">2.6. Bei digitalen G\u00fctern r\u00e4umt der Verk\u00e4ufer dem Kunden ein nicht ausschlie\u00dfliches, \u00f6rtlich und zeitlich unbeschr\u00e4nktes Recht ein, die \u00fcberlassenen digitalen Inhalte zu privaten sowie zu gesch\u00e4ftlichen Zwecken zu nutzen. Eine Weitergabe der Inhalte an Dritte, sowie eine Vervielf\u00e4ltigung f\u00fcr Dritte ist nicht gestattet, sofern keine Erlaubnis seitens des Verk\u00e4ufers erteilt wurde.<\/span><\/p>\n<p data-uniq-id=\"nJy23\" data-generated-css=\"brz-css-xmQPV\" class=\"brz-css-gMBq8\"><\/p>\n<p data-uniq-id=\"qkty6\" data-generated-css=\"brz-css-lxyM4\" class=\"brz-css-flfAj\"><strong class=\"brz-cp-color2\">3. Zahlungsbedingungen<\/strong><\/p>\n<p data-uniq-id=\"f4IRf\" data-generated-css=\"brz-css-yzzIP\" class=\"brz-css-uxiC9\"><span class=\"brz-cp-color2\">3.1. Der Kaufpreis wird sofort mit Bestellung f\u00e4llig. Die Zahlung der Ware erfolgt mittels der zur Verf\u00fcgung gestellten Zahlungsarten.<\/span><\/p>\n<p data-uniq-id=\"rWaB3\" data-generated-css=\"brz-css-xb3KV\" class=\"brz-css-cshnT\"><span class=\"brz-cp-color2\">3.2. Es gelten die zum Zeitpunkt der Bestellung angegebenen Preise. Die in den Preisinformationen genannten Preise enthalten die gesetzliche Umsatzsteuer.<\/span><\/p>\n<p data-uniq-id=\"rDbAU\" data-generated-css=\"brz-css-ngPzO\" class=\"brz-css-gW3gw\"><span class=\"brz-cp-color2\">3.3. Gegen Forderungen des Verk\u00e4ufers kann der Kunde nur mit unbestrittenen oder rechtskr\u00e4ftig festgestellten oder entscheidungsreifen Gegenanspr\u00fcchen aufrechnen.<\/span><\/p>\n<p data-uniq-id=\"fKmrR\" data-generated-css=\"brz-css-qJI7i\" class=\"brz-css-xb7FH\"><\/p>\n<p data-uniq-id=\"ujip_\" data-generated-css=\"brz-css-gtuEP\" class=\"brz-css-pKDF8\"><\/p>\n<p data-uniq-id=\"adL52\" data-generated-css=\"brz-css-b50ml\" class=\"brz-css-eg6ue\"><span class=\"brz-cp-color2\"> <\/span><strong class=\"brz-cp-color2\">4. Versandbedingungen<\/strong><\/p>\n<p data-uniq-id=\"sEUi_\" data-generated-css=\"brz-css-i75qt\" class=\"brz-css-ps5Wc\"><span class=\"brz-cp-color2\">4.1. Der Versand der bestellten Ware erfolgt gem\u00e4\u00df den getroffenen Vereinbarungen. Anfallende Versandkosten sind jeweils bei der Produktbeschreibung aufgef\u00fchrt und werden gesondert auf der Rechnung ausgewiesen.<\/span><\/p>\n<p data-uniq-id=\"inb7g\" data-generated-css=\"brz-css-gHZBp\" class=\"brz-css-tkkmr\"><span class=\"brz-cp-color2\">4.2. Digitale G\u00fcter werden dem Kunden in elektronischer Form entweder als Download oder per E-Mail zur Verf\u00fcgung gestellt.<\/span><\/p>\n<p data-uniq-id=\"vFKGd\" data-generated-css=\"brz-css-xN_Rt\" class=\"brz-css-mLQ3h\"><\/p>\n<p data-uniq-id=\"cT5gs\" data-generated-css=\"brz-css-hTeY6\" class=\"brz-css-aWoaI\"><strong class=\"brz-cp-color2\">5. Widerrufsrecht<\/strong><\/p>\n<p data-uniq-id=\"qKOcV\" data-generated-css=\"brz-css-cb2ok\" class=\"brz-css-v9OYm\"><span class=\"brz-cp-color2\">Da es sich die angeboten Zitierstile um digitale Produkte halten, sind diese vom Widerrufsrecht ausgeschlossen.<\/span><\/p>\n<p data-uniq-id=\"shZPL\" data-generated-css=\"brz-css-xTIbm\" class=\"brz-css-eOijb\"><\/p>\n<p data-uniq-id=\"c73Fm\" data-generated-css=\"brz-css-uy20M\" class=\"brz-css-sg3og\"><strong class=\"brz-cp-color2\">6. Gew\u00e4hrleistung<\/strong><\/p>\n<p data-uniq-id=\"i4gSn\" data-generated-css=\"brz-css-yvzbS\" class=\"brz-css-i9cL_\"><span class=\"brz-cp-color2\">Soweit die gelieferte Ware mangelhaft ist, ist der Kunde im Rahmen der gesetzlichen Bestimmungen berechtigt, Nacherf\u00fcllung zu verlangen, von dem Vertrag zur\u00fcckzutreten bzw. den Vertrag zu beenden, den Kaufpreis zu mindern, Schadensersatz oder den Ersatz vergeblicher Aufwendungen zu verlangen. Vor dem Kauf mitgeteilte M\u00e4ngel stellen keinen Gew\u00e4hrleistungsfall dar. Die Verj\u00e4hrungsfrist von Gew\u00e4hrleistungsanspr\u00fcchen f\u00fcr die gelieferte Ware betr\u00e4gt zwei Jahre ab Erhalt der Ware.<\/span><\/p>\n<p data-uniq-id=\"g4IQi\" data-generated-css=\"brz-css-sVymT\" class=\"brz-css-lN1N4\"><\/p>\n<p data-uniq-id=\"yizbW\" data-generated-css=\"brz-css-iY7Cj\" class=\"brz-css-buEwr\"><\/p>\n<p data-uniq-id=\"m9OSj\" data-generated-css=\"brz-css-kpRKz\" class=\"brz-css-zkPcD\"><span class=\"brz-cp-color2\">7<\/span><strong class=\"brz-cp-color2\">. Haftungsbeschr\u00e4nkung<\/strong><\/p>\n<p data-uniq-id=\"vwKhw\" data-generated-css=\"brz-css-zNn3V\" class=\"brz-css-xLf6G\"><span class=\"brz-cp-color2\">8.1. Der Verk\u00e4ufer haftet f\u00fcr Vorsatz und grobe Fahrl\u00e4ssigkeit. Ferner haftet der Verk\u00e4ufer f\u00fcr die fahrl\u00e4ssige Verletzung von Pflichten, deren Erf\u00fcllung die ordnungsgem\u00e4\u00dfe Durchf\u00fchrung des Vertrages \u00fcberhaupt erst erm\u00f6glicht, deren Verletzung die Erreichung des Vertragszwecks gef\u00e4hrdet und auf deren Einhaltung ein Kunde regelm\u00e4\u00dfig vertraut. Im letztgenannten Fall haftet der Verk\u00e4ufer jedoch nur f\u00fcr den vorhersehbaren, vertragstypischen Schaden. Der Verk\u00e4ufer haftet nicht f\u00fcr die leicht fahrl\u00e4ssige Verletzung anderer als der in den vorstehenden S\u00e4tzen genannten Pflichten.<\/span><\/p>\n<p data-uniq-id=\"tGJyP\" data-generated-css=\"brz-css-rDqgM\" class=\"brz-css-mz0QP\"><span class=\"brz-cp-color2\">8.2. Die vorstehenden Haftungsausschl\u00fcsse gelten nicht bei Verletzung von Leben, K\u00f6rper und Gesundheit. Die Haftung nach Produkthaftungsgesetz bleibt unber\u00fchrt.<\/span><\/p>\n<p data-uniq-id=\"k_RIF\" data-generated-css=\"brz-css-yU4fx\" class=\"brz-css-ttFxp\"><span class=\"brz-cp-color2\">8.3. Die Datenkommunikation \u00fcber das Internet kann nach dem derzeitigen Stand der Technik nicht fehlerfrei und\/oder jederzeit verf\u00fcgbar gew\u00e4hrleistet werden. Der Verk\u00e4ufer haftet insoweit weder f\u00fcr die st\u00e4ndige und ununterbrochene Verf\u00fcgbarkeit des Online-Handelssystems und der Onlineangebote.<\/span><\/p>\n<p data-uniq-id=\"nCQys\" data-generated-css=\"brz-css-mw1mL\" class=\"brz-css-croak\"><span class=\"brz-cp-color2\">8.4. Die Europ\u00e4ische Kommission stellt eine Online-Streitbeilegungsplattform (OS) zur Verf\u00fcgung, die Sie unter https:\/\/ec.europa.eu\/consumers\/odr finden. Wir nehmen nicht an einem Streitbeilegungsverfahren vor einer Verbraucherschlichtungsstelle teil.<\/span><\/p>\n<p data-uniq-id=\"x12Ln\" data-generated-css=\"brz-css-pd_9C\" class=\"brz-css-eW5w_\"><\/p>\n<p data-uniq-id=\"rZTtS\" data-generated-css=\"brz-css-o1MXk\" class=\"brz-css-uB1H1\"><strong class=\"brz-cp-color2\">9. Schlussbestimmungen<\/strong><\/p>\n<p data-uniq-id=\"biFdM\" data-generated-css=\"brz-css-k6oW6\" class=\"brz-css-mw7GI\"><span class=\"brz-cp-color2\">9.1. \u00c4nderungen oder Erg\u00e4nzungen dieser Gesch\u00e4ftsbedingungen bed\u00fcrfen der Schriftform. Dies gilt auch f\u00fcr die Aufhebung dieses Schriftformerfordernisses.<\/span><\/p>\n<p data-uniq-id=\"hd4f0\" data-generated-css=\"brz-css-mEckg\" class=\"brz-css-puzgv\"><span class=\"brz-cp-color2\">9.2. Es gilt das Recht der Republik Spanien unter Ausschluss des UN-Kaufrechts. Zwingende Bestimmungen des Staates, in dem ein Verbraucher seinen gew\u00f6hnlichen Aufenthalt hat, bleiben unber\u00fchrt.<\/span><\/p>\n<p data-uniq-id=\"jxk_Q\" data-generated-css=\"brz-css-oJ76l\" class=\"brz-css-kF0WW\"><span class=\"brz-cp-color2\">9.3. Soweit ein Verbraucher bei Abschluss des Vertrages seinen Wohnsitz oder gew\u00f6hnlichen Aufenthalt in Spanien hatte und entweder <\/span><\/p>\n<p data-uniq-id=\"ueUUg\" data-generated-css=\"brz-css-hBSpM\" class=\"brz-css-c0ZUd\"><span class=\"brz-cp-color2\">zum Zeitpunkt der Klageerhebung verlegt hat oder seinen Aufenthaltsort zu diesem Zeitpunkt unbekannt ist, ist Gerichtsstand f\u00fcr alle Streitigkeiten der Gesch\u00e4ftssitz des Verk\u00e4ufers.<\/span><\/p>\n<p data-uniq-id=\"sIFyH\" data-generated-css=\"brz-css-ehPkZ\" class=\"brz-css-tPNhK\"><span class=\"brz-cp-color2\">Wenn ein Verbraucher seinen Wohnsitz oder gew\u00f6hnlichen Aufenthalt nicht in einem Mitgliedsstaat der europ\u00e4ischen Union hat, sind f\u00fcr alle Streitigkeiten die Gerichte am Gesch\u00e4ftssitz des Verk\u00e4ufers ausschlie\u00dflich zust\u00e4ndig.<\/span><\/p>\n<p data-uniq-id=\"afyco\" data-generated-css=\"brz-css-shAut\" class=\"brz-css-noQ1w\"><span class=\"brz-cp-color2\">Handelt der Kunde als Kaufmann, juristische Person des \u00f6ffentlichen Rechts oder \u00f6ffentlich-rechtliches Sonderverm\u00f6gen mit Sitz im <\/span><\/p>\n<p data-uniq-id=\"v7thv\" data-generated-css=\"brz-css-fMjZ8\" class=\"brz-css-dv_hE\"><span class=\"brz-cp-color2\">Hoheitsgebiet der Republik Spanien, ist ausschlie\u00dflicher Gerichtsstand f\u00fcr alle Streitigkeiten aus diesem Vertrag der Gesch\u00e4ftssitz des Verk\u00e4ufers.<\/span><\/p>\n<p data-uniq-id=\"qyI6l\" data-generated-css=\"brz-css-wHiBi\" class=\"brz-css-gskE1\"><span class=\"brz-cp-color2\">9.4. Sollten einzelne Bestimmungen dieses Vertrages unwirksam sein oder den gesetzlichen Regelungen widersprechen, so wird hierdurch der Vertrag im \u00dcbrigen nicht ber\u00fchrt. Die unwirksame Bestimmung wird von den Vertragsparteien einvernehmlich durch eine rechtswirksame Bestimmung ersetzt, welche dem wirtschaftlichen Sinn und Zweck der unwirksamen Bestimmung am n\u00e4chsten kommt. Die vorstehende Regelung gilt entsprechend bei Regelungsl\u00fccken.<\/span><\/p>\n<p class=\"brz-tp-lg-paragraph brz-css-nQnw3\" data-uniq-id=\"i4D1t\" data-generated-css=\"brz-css-iVpte\"><\/p>\n<h2 class=\"brz-tp-lg-empty brz-ff-montserrat brz-ft-google brz-fs-lg-26 brz-fss-lg-px brz-fw-lg-500 brz-ls-lg-m_1_5 brz-lh-lg-1_3 brz-vfw-lg-400 brz-fwdth-lg-100 brz-fsft-lg-0 brz-css-z5vaN\" data-uniq-id=\"auGrg\" data-generated-css=\"brz-css-ydckI\"><span class=\"brz-cp-color2\">ask me<\/span><\/h2>\n<p class=\"brz-tp-lg-paragraph brz-css-iAV85\" data-uniq-id=\"uTtzg\" data-generated-css=\"brz-css-uIS5M\"><\/p>\n<p class=\"brz-tp-lg-paragraph brz-css-cKKSO\" data-uniq-id=\"fgPjz\" data-generated-css=\"brz-css-yAhkn\"><span class=\"brz-cp-color2\">Wenn Sie Fragen zu unserer AGB haben, kontaktieren Sie uns bitte \u00fcber das folgende <\/span><a class=\"link--page brz-cp-color1\" href=\"https:\/\/staging.citationstyler.com\/en\/contact\/\" data-brz-link-type=\"page\">request form<\/a><span class=\"brz-cp-color2\">.<\/span><\/p>\n<\/div>\n<\/div>\n<\/div>\n<\/div>\n<\/div>\n<\/section>\n<\/div>\n<p>    <!-- version:1742466731 --><\/p>","protected":false},"excerpt":{"rendered":"<p>Allgemeinen Gesch\u00e4ftsbedingungen (AGB) Zuletzt aktualisiert: 19\/03\/2025 1. Allgemeines 1.1 Die vorliegenden Allgemeinen Gesch\u00e4ftsbedingungen (AGB) enthalten die zwischen uns, Citation Styler, Calle Trafalgar, 08010 Barcelona, Spanien (im Folgenden \u201eVerk\u00e4ufer\u201c oder \u201ewir\u201c) und einem Verbraucher oder Unternehmer (im Folgenden \u201eKunden\u201c) ausschlie\u00dflich geltenden Bedingungen f\u00fcr den Kauf der angebotenen Waren und Dienstleistungen, soweit diese nicht durch schriftliche Vereinbarungen [&hellip;]<\/p>\n","protected":false},"author":1,"featured_media":0,"parent":0,"menu_order":0,"comment_status":"closed","ping_status":"closed","template":"brizy-blank-template.php","meta":{"footnotes":""},"class_list":["post-3851","page","type-page","status-publish","hentry"],"blocksy_meta":[],"brizy_media":[],"_links":{"self":[{"href":"https:\/\/staging.citationstyler.com\/en\/wp-json\/wp\/v2\/pages\/3851","targetHints":{"allow":["GET"]}}],"collection":[{"href":"https:\/\/staging.citationstyler.com\/en\/wp-json\/wp\/v2\/pages"}],"about":[{"href":"https:\/\/staging.citationstyler.com\/en\/wp-json\/wp\/v2\/types\/page"}],"author":[{"embeddable":true,"href":"https:\/\/staging.citationstyler.com\/en\/wp-json\/wp\/v2\/users\/1"}],"replies":[{"embeddable":true,"href":"https:\/\/staging.citationstyler.com\/en\/wp-json\/wp\/v2\/comments?post=3851"}],"version-history":[{"count":0,"href":"https:\/\/staging.citationstyler.com\/en\/wp-json\/wp\/v2\/pages\/3851\/revisions"}],"wp:attachment":[{"href":"https:\/\/staging.citationstyler.com\/en\/wp-json\/wp\/v2\/media?parent=3851"}],"curies":[{"name":"wp","href":"https:\/\/api.w.org\/{rel}","templated":true}]}}